{"id":604,"date":"2019-11-01T11:13:28","date_gmt":"2019-11-01T11:13:28","guid":{"rendered":"http:\/\/www.hacerlaboratorio.net\/blog\/?page_id=604"},"modified":"2023-02-23T11:20:57","modified_gmt":"2023-02-23T11:20:57","slug":"documental","status":"publish","type":"page","link":"https:\/\/blogs.sindominio.net\/hacerlaboratorio\/documental\/","title":{"rendered":"Documental"},"content":{"rendered":"\n<p><strong><em>El Laboratorio, una intimidad p\u00fablica<\/em><\/strong><\/p>\n\n\n\n<p>Como parte del proyecto de archivo de la experiencia del Centro Social El Laboratorio, en el marco del proyecto \u00abEl Laboratorio (1997-2003), Una genealog\u00eda para las pr\u00e1cticas del com\u00fan\u00bb la pieza audiovisual \u00abEl Laboratorio. Una intimidad P\u00fablica\u00bb recoge una serie de encuentros y testimonios que recomponen una narrativa colectiva y parcial de la experiencia que abre la posibilidad a una aproximaci\u00f3n afectiva y micropol\u00edtica a cuestiones presentes en las experiencias de autoorganizaci\u00f3n social. Esta pieza es entonces otro de los pilares sobre los que se contruye el proyecto de archivo, memoria y tematizaci\u00f3n de esta experiencia pol\u00edtica, con la intenci\u00f3n de abarcar la multiplicidad de dimensiones narrativas de la misma.<\/p>\n\n\n\n<figure class=\"wp-block-embed is-type-video is-provider-vimeo wp-block-embed-vimeo wp-embed-aspect-16-9 wp-has-aspect-ratio\"><div class=\"wp-block-embed__wrapper\">\n<iframe loading=\"lazy\" title=\"teaser_Laboratorio\" src=\"https:\/\/player.vimeo.com\/video\/368837666?h=36e01f98c0&amp;dnt=1&amp;app_id=122963\" width=\"940\" height=\"529\" frameborder=\"0\" allow=\"autoplay; fullscreen; picture-in-picture\" allowfullscreen><\/iframe>\n<\/div><\/figure>\n\n\n\n<p>ES | 73 min | 2019 |Color | cc-by-sa<\/p>\n\n\n\n<p><\/p>\n\n\n\n<p>El CSOA El Laboratorio (1997-2003) despleg\u00f3 a lo largo de seis a\u00f1os y tres edificios ocupados en el barrio de Lavapi\u00e9s un experimento que exploraba la dimensi\u00f3n com\u00fan de la existencia\u2026<br> El documental \u00abEl Laboratorio. Una intimidad P\u00fablica\u00bb recoge un parte de esa experiencia.<\/p>\n\n\n\n<p>Si quieres programar una proyecci\u00f3n, puedes ponerte en  contacto a trav\u00e9s del correo electr\u00f3nico mina[at]sindominio.net <\/p>\n\n\n\n<p>(el documental no est\u00e1 aun online por diversas visicitudes, pero se comparte con gusto y sin condiciones)<\/p>\n\n\n\n<p>Esta pieza audiovisual, al igual que esta web, sus contenidos y los \ndel blog asociado, salvo que se indique en algun material espec\u00edfico, se\n rige por la licencia de Dominio p\u00fablico <a href=\"https:\/\/creativecommons.org\/licenses\/by-sa\/4.0\/legalcode.es\" target=\"_blank\" rel=\"noreferrer noopener\">CC-BY-SA<\/a><\/p>\n","protected":false},"excerpt":{"rendered":"<p>El Laboratorio, una intimidad p\u00fablica Como parte del proyecto de archivo de la experiencia del Centro Social El [&hellip;]<\/p>\n","protected":false},"author":181,"featured_media":0,"parent":0,"menu_order":0,"comment_status":"closed","ping_status":"closed","template":"","meta":{"footnotes":""},"class_list":["post-604","page","type-page","status-publish","hentry"],"_links":{"self":[{"href":"https:\/\/blogs.sindominio.net\/hacerlaboratorio\/wp-json\/wp\/v2\/pages\/604","targetHints":{"allow":["GET"]}}],"collection":[{"href":"https:\/\/blogs.sindominio.net\/hacerlaboratorio\/wp-json\/wp\/v2\/pages"}],"about":[{"href":"https:\/\/blogs.sindominio.net\/hacerlaboratorio\/wp-json\/wp\/v2\/types\/page"}],"author":[{"embeddable":true,"href":"https:\/\/blogs.sindominio.net\/hacerlaboratorio\/wp-json\/wp\/v2\/users\/181"}],"replies":[{"embeddable":true,"href":"https:\/\/blogs.sindominio.net\/hacerlaboratorio\/wp-json\/wp\/v2\/comments?post=604"}],"version-history":[{"count":3,"href":"https:\/\/blogs.sindominio.net\/hacerlaboratorio\/wp-json\/wp\/v2\/pages\/604\/revisions"}],"predecessor-version":[{"id":1070,"href":"https:\/\/blogs.sindominio.net\/hacerlaboratorio\/wp-json\/wp\/v2\/pages\/604\/revisions\/1070"}],"wp:attachment":[{"href":"https:\/\/blogs.sindominio.net\/hacerlaboratorio\/wp-json\/wp\/v2\/media?parent=604"}],"curies":[{"name":"wp","href":"https:\/\/api.w.org\/{rel}","templated":true}]}}