{"id":307,"date":"2019-04-27T11:38:18","date_gmt":"2019-04-27T11:38:18","guid":{"rendered":"http:\/\/www.hacerlaboratorio.net\/blog\/?page_id=307"},"modified":"2023-02-22T10:22:16","modified_gmt":"2023-02-22T10:22:16","slug":"conversaciones-2017-2018","status":"publish","type":"page","link":"https:\/\/blogs.sindominio.net\/hacerlaboratorio\/encuentros-publicos\/conversaciones-2017-2018\/","title":{"rendered":"Conversaciones 2017-2018"},"content":{"rendered":"\n<p>Adem\u00e1s de los encuentros p\u00fablicos, el proceso de investigaci\u00f3n ha ido recogiendo testimonios y recomponiendo memoria a base de encuentros que, en su mayor\u00eda, se ha procurado que fueran tambi\u00e9n corales. Con un empe\u00f1o en generar conversatorios m\u00e1s que entrevistas, bajo la idea de que producen o provocan o evocan no solo m\u00e1s recuerdos, sino tambi\u00e9n reflexiones m\u00e1s ricas.<\/p>\n\n\n\n<p>Los momentos, las conversaciones informales con unas y con otros son incontables, pero aqu\u00ed se recogen el registro de varios encuentros, algunos con varias personas otras solo con una, que van componiendo un mapa discontinuo de memoria.<\/p>\n\n\n\n<figure class=\"wp-block-gallery has-nested-images columns-default is-cropped wp-block-gallery-1 is-layout-flex wp-block-gallery-is-layout-flex\">\n<figure class=\"wp-block-image\"><img loading=\"lazy\" decoding=\"async\" width=\"700\" height=\"394\" data-id=\"573\" src=\"https:\/\/blogs.sindominio.net\/hacerlaboratorio\/files\/2019\/10\/marisol_labo-e1570394813263.jpg\" alt=\"\" class=\"wp-image-573\" srcset=\"https:\/\/blogs.sindominio.net\/hacerlaboratorio\/files\/2019\/10\/marisol_labo-e1570394813263.jpg 700w, https:\/\/blogs.sindominio.net\/hacerlaboratorio\/files\/2019\/10\/marisol_labo-e1570394813263-300x169.jpg 300w, https:\/\/blogs.sindominio.net\/hacerlaboratorio\/files\/2019\/10\/marisol_labo-e1570394813263-450x253.jpg 450w\" sizes=\"auto, (max-width: 700px) 100vw, 700px\" \/><\/figure>\n\n\n\n<figure class=\"wp-block-image\"><img loading=\"lazy\" decoding=\"async\" width=\"700\" height=\"466\" data-id=\"574\" src=\"https:\/\/blogs.sindominio.net\/hacerlaboratorio\/files\/2019\/10\/santana_labo-e1570394789985.jpg\" alt=\"\" class=\"wp-image-574\" srcset=\"https:\/\/blogs.sindominio.net\/hacerlaboratorio\/files\/2019\/10\/santana_labo-e1570394789985.jpg 700w, https:\/\/blogs.sindominio.net\/hacerlaboratorio\/files\/2019\/10\/santana_labo-e1570394789985-300x200.jpg 300w, https:\/\/blogs.sindominio.net\/hacerlaboratorio\/files\/2019\/10\/santana_labo-e1570394789985-450x300.jpg 450w\" sizes=\"auto, (max-width: 700px) 100vw, 700px\" \/><\/figure>\n\n\n\n<figure class=\"wp-block-image\"><img loading=\"lazy\" decoding=\"async\" width=\"700\" height=\"394\" data-id=\"575\" src=\"https:\/\/blogs.sindominio.net\/hacerlaboratorio\/files\/2019\/10\/carlos_jabu_labo-e1570394768411.jpg\" alt=\"\" class=\"wp-image-575\" srcset=\"https:\/\/blogs.sindominio.net\/hacerlaboratorio\/files\/2019\/10\/carlos_jabu_labo-e1570394768411.jpg 700w, https:\/\/blogs.sindominio.net\/hacerlaboratorio\/files\/2019\/10\/carlos_jabu_labo-e1570394768411-300x169.jpg 300w, https:\/\/blogs.sindominio.net\/hacerlaboratorio\/files\/2019\/10\/carlos_jabu_labo-e1570394768411-450x253.jpg 450w\" sizes=\"auto, (max-width: 700px) 100vw, 700px\" \/><\/figure>\n<\/figure>\n\n\n\n<p><\/p>\n\n\n\n<p>Aqu\u00ed la cronolog\u00eda de los encuentros:<\/p>\n\n\n\n<p>Visita a Marisol, 26 de octubre de 2017<\/p>\n\n\n\n<p>Visita a Pablo Santana, 3 de Noviembre de 2017<\/p>\n\n\n\n<p>Cocinando con Jabuti y Carlos, 4 de Noviembre de 2017<\/p>\n\n\n\n<p>Cita colectiva en Casino de La Reina, 5 de Noviembre de 2017 (Pablo, Virginia, Jacobo, Carlos, Eduardo, Mar, Luis y Raquel)<\/p>\n\n\n\n<p>Conversaci\u00f3n con Luis, 19 de Noviembre de 2017<\/p>\n\n\n\n<p>Paseo con Carlos, 19 de Noviembre de 2017<\/p>\n\n\n\n<p>A Fuenlabrada a rescatar archivo audiovisual, 1 de diciembre de 2017<\/p>\n\n\n\n<p>Caf\u00e9 con Nacho, 5 de diciembre de 2017<\/p>\n\n\n\n<p>Encuentro con Marta, Anouk y Amparo, 18 de diciembre de 2017<\/p>\n\n\n\n<p>Encuentro Marisa, Silvia, Amparo, 2 de Abril de 2018<\/p>\n\n\n\n<p>Conversaci\u00f3n con Raul, 20 de Abril de 2018<\/p>\n\n\n\n<p>Charla con Ane y Dani, 20 de Abril de 2018<\/p>\n\n\n\n<p>Desayuno con Pepe y Mar\u00eda, 21 de Abril de 2018<\/p>\n\n\n\n<p>Conversaci\u00f3n con Karry, 22 de Abril de 2018<\/p>\n\n\n\n<p>Cita autoinfo, 26 de Abril de 2018<\/p>\n\n\n\n<p>Todos los encuentros est\u00e1n documentados. Iremos subiendo el material poco a poco al <a rel=\"noreferrer noopener\" href=\"https:\/\/archive.org\/search?query=hacerlaboratorio&amp;and%5B%5D=mediatype%3A%22audio%22\" target=\"_blank\">archivo audio<\/a><\/p>\n\n\n\n<p>.<\/p>\n\n\n\n<p><br><\/p>\n","protected":false},"excerpt":{"rendered":"<p>Adem\u00e1s de los encuentros p\u00fablicos, el proceso de investigaci\u00f3n ha ido recogiendo testimonios y recomponiendo memoria a base [&hellip;]<\/p>\n","protected":false},"author":181,"featured_media":0,"parent":98,"menu_order":0,"comment_status":"closed","ping_status":"closed","template":"","meta":{"footnotes":""},"class_list":["post-307","page","type-page","status-publish","hentry"],"_links":{"self":[{"href":"https:\/\/blogs.sindominio.net\/hacerlaboratorio\/wp-json\/wp\/v2\/pages\/307","targetHints":{"allow":["GET"]}}],"collection":[{"href":"https:\/\/blogs.sindominio.net\/hacerlaboratorio\/wp-json\/wp\/v2\/pages"}],"about":[{"href":"https:\/\/blogs.sindominio.net\/hacerlaboratorio\/wp-json\/wp\/v2\/types\/page"}],"author":[{"embeddable":true,"href":"https:\/\/blogs.sindominio.net\/hacerlaboratorio\/wp-json\/wp\/v2\/users\/181"}],"replies":[{"embeddable":true,"href":"https:\/\/blogs.sindominio.net\/hacerlaboratorio\/wp-json\/wp\/v2\/comments?post=307"}],"version-history":[{"count":3,"href":"https:\/\/blogs.sindominio.net\/hacerlaboratorio\/wp-json\/wp\/v2\/pages\/307\/revisions"}],"predecessor-version":[{"id":1068,"href":"https:\/\/blogs.sindominio.net\/hacerlaboratorio\/wp-json\/wp\/v2\/pages\/307\/revisions\/1068"}],"up":[{"embeddable":true,"href":"https:\/\/blogs.sindominio.net\/hacerlaboratorio\/wp-json\/wp\/v2\/pages\/98"}],"wp:attachment":[{"href":"https:\/\/blogs.sindominio.net\/hacerlaboratorio\/wp-json\/wp\/v2\/media?parent=307"}],"curies":[{"name":"wp","href":"https:\/\/api.w.org\/{rel}","templated":true}]}}