{"id":303,"date":"2019-04-27T11:19:25","date_gmt":"2019-04-27T11:19:25","guid":{"rendered":"http:\/\/www.hacerlaboratorio.net\/blog\/?page_id=303"},"modified":"2019-04-27T11:19:25","modified_gmt":"2019-04-27T11:19:25","slug":"el-consejo-una-conversacion-la-canica-abril-2018","status":"publish","type":"page","link":"https:\/\/blogs.sindominio.net\/hacerlaboratorio\/encuentros-publicos\/el-consejo-una-conversacion-la-canica-abril-2018\/","title":{"rendered":"El consejo, una conversaci\u00f3n, La Canica Abril 2018"},"content":{"rendered":"\n<p>El encuentro , planteado alrededor de la idea del Consejo como figura innovadora, conflictiva e imaginativa de la propuesta del Centro Social El Labortorio, lo iniciamos con la proyecci\u00f3n de un documento audivisual que recoge no solo el contenido de la propusta del Consejo sino las tensiones que \u00e9sta produjo. A partir de ah\u00ed la conversaci\u00f3n fu\u00e9 fluyendo por otros tems vinculados a la experiencia colectiva de los Centros Sociales, el papel de la viviend comunitaria, la relaci\u00f3n con el territorio, la perdurabvilidad de las apuestas y laa transformaciones vitales que conllevan.<\/p>\n\n\n\n<p>El documento audiovisual al que hacemos referencia es un programa de Insuemisi\u00f3n (TeleK) del a\u00f1o 97 en el que varios participantes del Centro Social debaten sobre la idea de Consejo, di\u00e1logo y negociaci\u00f3n.<\/p>\n\n\n\n<figure><\/figure>\n","protected":false},"excerpt":{"rendered":"<p>El encuentro , planteado alrededor de la idea del Consejo como figura innovadora, conflictiva e imaginativa de la [&hellip;]<\/p>\n","protected":false},"author":181,"featured_media":0,"parent":98,"menu_order":0,"comment_status":"closed","ping_status":"closed","template":"","meta":{"footnotes":""},"class_list":["post-303","page","type-page","status-publish","hentry"],"_links":{"self":[{"href":"https:\/\/blogs.sindominio.net\/hacerlaboratorio\/wp-json\/wp\/v2\/pages\/303","targetHints":{"allow":["GET"]}}],"collection":[{"href":"https:\/\/blogs.sindominio.net\/hacerlaboratorio\/wp-json\/wp\/v2\/pages"}],"about":[{"href":"https:\/\/blogs.sindominio.net\/hacerlaboratorio\/wp-json\/wp\/v2\/types\/page"}],"author":[{"embeddable":true,"href":"https:\/\/blogs.sindominio.net\/hacerlaboratorio\/wp-json\/wp\/v2\/users\/181"}],"replies":[{"embeddable":true,"href":"https:\/\/blogs.sindominio.net\/hacerlaboratorio\/wp-json\/wp\/v2\/comments?post=303"}],"version-history":[{"count":0,"href":"https:\/\/blogs.sindominio.net\/hacerlaboratorio\/wp-json\/wp\/v2\/pages\/303\/revisions"}],"up":[{"embeddable":true,"href":"https:\/\/blogs.sindominio.net\/hacerlaboratorio\/wp-json\/wp\/v2\/pages\/98"}],"wp:attachment":[{"href":"https:\/\/blogs.sindominio.net\/hacerlaboratorio\/wp-json\/wp\/v2\/media?parent=303"}],"curies":[{"name":"wp","href":"https:\/\/api.w.org\/{rel}","templated":true}]}}