{"id":299,"date":"2019-04-27T11:09:23","date_gmt":"2019-04-27T11:09:23","guid":{"rendered":"http:\/\/www.hacerlaboratorio.net\/blog\/?page_id=299"},"modified":"2021-03-26T08:21:00","modified_gmt":"2021-03-26T08:21:00","slug":"una-deriva-por-la-memoria-espacial-del-laboratorio-ii-cs-la-quimera-diciembre-2017","status":"publish","type":"page","link":"https:\/\/blogs.sindominio.net\/hacerlaboratorio\/encuentros-publicos\/una-deriva-por-la-memoria-espacial-del-laboratorio-ii-cs-la-quimera-diciembre-2017\/","title":{"rendered":"Una deriva por la memoria espacial del Laboratorio II, CS La Quimera, diciembre 2017"},"content":{"rendered":"\n<p>El 16 de diciembre realizamos un paseo-visita por el edificio del que fuese El Laboratorio 2 (1999-2001), actualmente Centro Social La Quimera de Lavapi\u00e9s.<\/p>\n\n\n\n<p>Recorrer los espacios que fueron habitados por el CS Laboratorio era una forma de activar la memoria sensible, a lo largo de un paseo de cuatro horas, las personas que acudieron al encuentro fueron rememorando los usos de los espacios, su transformaci\u00f3n, las diversas y muchas incitivas que se pusieron en marcha, los conflictos en el barrio y la implicaci\u00f3n del centro social, los colectivos e iniciativas pol\u00edticas nacidas al calor del Centro social como Deja Vu, Sindominio, el BAH, el proyecto de autoempleo \u00abLa Tajca\u00bb, La IAP (investigaci\u00f3n-acci\u00f3n-participativa), el cine, la distribuidora, los proyectos de vivienda, la Red de Lavapi\u00e9s, el colectivo de foto, el colectivo art\u00edstico del garaje, las presentaciones de libros, el MRG, las manifestaciones contra la guerra de kosovo, los 7 dias de lucha social, las fiestas, \u2026y un sin fin de iniciativas que daban cuenta de la efervescencia pol\u00edtica del momento pero tambi\u00e9n del pasaje del Labortorio 1 al 2 y c\u00f3mo el espacio y su dimensi\u00f3n pero tambi\u00e9n la experienica previa y los nuevos cruces afectaron tambi\u00e9n a los modos de hacer, de habitar el espacio, de relacionarse y de producir nuevos imaginarios.<\/p>\n\n\n\n<figure class=\"wp-block-gallery columns-3 is-cropped wp-block-gallery-1 is-layout-flex wp-block-gallery-is-layout-flex\"><ul class=\"blocks-gallery-grid\"><li class=\"blocks-gallery-item\"><figure><img loading=\"lazy\" decoding=\"async\" width=\"150\" height=\"150\" src=\"https:\/\/blogs.sindominio.net\/hacerlaboratorio\/files\/2021\/03\/Captura-de-pantalla-2018-03-06-a-las-16.43.15-150x150.png\" alt=\"\" data-id=\"965\" data-link=\"https:\/\/blogs.sindominio.net\/hacerlaboratorio\/encuentros-publicos\/una-deriva-por-la-memoria-espacial-del-laboratorio-ii-cs-la-quimera-diciembre-2017\/captura-de-pantalla-2018-03-06-a-las-16-43-15\/\" class=\"wp-image-965\" \/><\/figure><\/li><li class=\"blocks-gallery-item\"><figure><img loading=\"lazy\" decoding=\"async\" width=\"150\" height=\"150\" src=\"https:\/\/blogs.sindominio.net\/hacerlaboratorio\/files\/2021\/03\/Captura-de-pantalla-2018-03-06-a-las-16.48.09-150x150.png\" alt=\"\" data-id=\"966\" data-link=\"https:\/\/blogs.sindominio.net\/hacerlaboratorio\/encuentros-publicos\/una-deriva-por-la-memoria-espacial-del-laboratorio-ii-cs-la-quimera-diciembre-2017\/captura-de-pantalla-2018-03-06-a-las-16-48-09\/\" class=\"wp-image-966\" \/><\/figure><\/li><li class=\"blocks-gallery-item\"><figure><img loading=\"lazy\" decoding=\"async\" width=\"150\" height=\"150\" src=\"https:\/\/blogs.sindominio.net\/hacerlaboratorio\/files\/2021\/03\/Captura-de-pantalla-2018-03-06-a-las-16.59.21-150x150.png\" alt=\"\" data-id=\"967\" data-link=\"https:\/\/blogs.sindominio.net\/hacerlaboratorio\/encuentros-publicos\/una-deriva-por-la-memoria-espacial-del-laboratorio-ii-cs-la-quimera-diciembre-2017\/captura-de-pantalla-2018-03-06-a-las-16-59-21\/\" class=\"wp-image-967\" \/><\/figure><\/li><li class=\"blocks-gallery-item\"><figure><img loading=\"lazy\" decoding=\"async\" width=\"150\" height=\"150\" src=\"https:\/\/blogs.sindominio.net\/hacerlaboratorio\/files\/2021\/03\/Captura-de-pantalla-2018-03-06-a-las-17.54.19-150x150.png\" alt=\"\" data-id=\"969\" data-link=\"https:\/\/blogs.sindominio.net\/hacerlaboratorio\/encuentros-publicos\/una-deriva-por-la-memoria-espacial-del-laboratorio-ii-cs-la-quimera-diciembre-2017\/captura-de-pantalla-2018-03-06-a-las-17-54-19\/\" class=\"wp-image-969\" \/><\/figure><\/li><li class=\"blocks-gallery-item\"><figure><img loading=\"lazy\" decoding=\"async\" width=\"150\" height=\"150\" src=\"https:\/\/blogs.sindominio.net\/hacerlaboratorio\/files\/2021\/03\/Captura-de-pantalla-2018-03-07-a-las-9.48.22-150x150.png\" alt=\"\" data-id=\"970\" data-link=\"https:\/\/blogs.sindominio.net\/hacerlaboratorio\/encuentros-publicos\/una-deriva-por-la-memoria-espacial-del-laboratorio-ii-cs-la-quimera-diciembre-2017\/captura-de-pantalla-2018-03-07-a-las-9-48-22\/\" class=\"wp-image-970\" \/><\/figure><\/li><li class=\"blocks-gallery-item\"><figure><img loading=\"lazy\" decoding=\"async\" width=\"150\" height=\"150\" src=\"https:\/\/blogs.sindominio.net\/hacerlaboratorio\/files\/2021\/03\/Captura-de-pantalla-2018-03-07-a-las-12.21.20-150x150.png\" alt=\"\" data-id=\"971\" data-full-url=\"https:\/\/blogs.sindominio.net\/hacerlaboratorio\/files\/2021\/03\/Captura-de-pantalla-2018-03-07-a-las-12.21.20.png\" data-link=\"https:\/\/blogs.sindominio.net\/hacerlaboratorio\/encuentros-publicos\/una-deriva-por-la-memoria-espacial-del-laboratorio-ii-cs-la-quimera-diciembre-2017\/captura-de-pantalla-2018-03-07-a-las-12-21-20\/\" class=\"wp-image-971\" \/><\/figure><\/li><\/ul><\/figure>\n","protected":false},"excerpt":{"rendered":"<p>El 16 de diciembre realizamos un paseo-visita por el edificio del que fuese El Laboratorio 2 (1999-2001), actualmente [&hellip;]<\/p>\n","protected":false},"author":181,"featured_media":0,"parent":98,"menu_order":0,"comment_status":"closed","ping_status":"closed","template":"","meta":{"footnotes":""},"class_list":["post-299","page","type-page","status-publish","hentry"],"_links":{"self":[{"href":"https:\/\/blogs.sindominio.net\/hacerlaboratorio\/wp-json\/wp\/v2\/pages\/299","targetHints":{"allow":["GET"]}}],"collection":[{"href":"https:\/\/blogs.sindominio.net\/hacerlaboratorio\/wp-json\/wp\/v2\/pages"}],"about":[{"href":"https:\/\/blogs.sindominio.net\/hacerlaboratorio\/wp-json\/wp\/v2\/types\/page"}],"author":[{"embeddable":true,"href":"https:\/\/blogs.sindominio.net\/hacerlaboratorio\/wp-json\/wp\/v2\/users\/181"}],"replies":[{"embeddable":true,"href":"https:\/\/blogs.sindominio.net\/hacerlaboratorio\/wp-json\/wp\/v2\/comments?post=299"}],"version-history":[{"count":1,"href":"https:\/\/blogs.sindominio.net\/hacerlaboratorio\/wp-json\/wp\/v2\/pages\/299\/revisions"}],"predecessor-version":[{"id":972,"href":"https:\/\/blogs.sindominio.net\/hacerlaboratorio\/wp-json\/wp\/v2\/pages\/299\/revisions\/972"}],"up":[{"embeddable":true,"href":"https:\/\/blogs.sindominio.net\/hacerlaboratorio\/wp-json\/wp\/v2\/pages\/98"}],"wp:attachment":[{"href":"https:\/\/blogs.sindominio.net\/hacerlaboratorio\/wp-json\/wp\/v2\/media?parent=299"}],"curies":[{"name":"wp","href":"https:\/\/api.w.org\/{rel}","templated":true}]}}