{"id":208,"date":"2019-03-15T13:48:05","date_gmt":"2019-03-15T13:48:05","guid":{"rendered":"http:\/\/www.hacerlaboratorio.net\/blog\/?page_id=208"},"modified":"2021-03-27T21:46:11","modified_gmt":"2021-03-27T21:46:11","slug":"glosario","status":"publish","type":"page","link":"https:\/\/blogs.sindominio.net\/hacerlaboratorio\/glosario\/","title":{"rendered":"Glosario"},"content":{"rendered":"\n<p>Este glosario es anal\u00edtico y puede utilizarse como itinerario de lectura, como gu\u00eda de rastreo, como herramienta de an\u00e1lisis o con cualesquiera otros usos.<br><\/p>\n\n\n\n<p>Estas son las categorias por las que estan agrupados los materiales, con una breve introducci\u00f3n al concepto que se desarrolla m\u00e1s en profundidad a partir de los materiales que alberga. <\/p>\n\n\n\n<p>Las definiciones son entonces un m\u00ednimo punto de partida. <\/p>\n\n\n\n<p>El <a rel=\"noreferrer noopener\" href=\"https:\/\/hacerlaboratorio.sindominio.net\/s\/principal\/item\" target=\"_blank\">archivo de materiales<\/a> cuenta tambi\u00e9n con un <a rel=\"noreferrer noopener\" href=\"https:\/\/hacerlaboratorio.sindominio.net\/s\/principal\/page\/glosario\" target=\"_blank\">glosario del archivo<\/a><a rel=\"noreferrer noopener\" aria-label=\"glosario del archivo (abre en una nueva pesta\u00f1a)\" href=\"http:\/\/hacerlaboratorio.net\/glosario\" target=\"_blank\">.<\/a> Algunas de las categorias utilizadas son las mismas que aqu\u00ed, otras no, aunque todas ellas pueden producir cruces.<\/p>\n\n\n\n<p><a href=\"https:\/\/blogs.sindominio.net\/hacerlaboratorio\/category\/archivo\/\">archivo <\/a>La pr\u00e1ctica y las reflexiones en torno a su significado.<\/p>\n\n\n\n<p><a href=\"https:\/\/blogs.sindominio.net\/hacerlaboratorio\/category\/autonomia\/\">autonom\u00eda<\/a> Comenzaremos por decir la reapropiaci\u00f3n del tiempo y del espacio, as\u00ed como la construcci\u00f3n com\u00fan de una vida y una relaci\u00f3n social al margen o m\u00e1s all\u00e1 del Estado, como punto de partida de este concepto que es siempre, una construcci\u00f3n viva. <\/p>\n\n\n\n<p><a href=\"https:\/\/blogs.sindominio.net\/hacerlaboratorio\/category\/conflictos\/\">conflictos<\/a><a href=\"http:\/\/www.hacerlaboratorio.net\/blog\/category\/conflictos\/\"> <\/a> El conflicto es motor de cambio y autonom\u00eda, la gesti\u00f3n del conflicto es lo que determinar\u00e1 la capacidad com\u00fan de autogobernarse. Esta categor\u00eda recoge tanto las tensiones creativas como aquellas lacerantes de un proceso.<\/p>\n\n\n\n<p><a href=\"https:\/\/blogs.sindominio.net\/hacerlaboratorio\/category\/imaginacion\/\">imaginaci\u00f3n<\/a> Este es (uno de los) conceptos clave en toda esta historia. Que se cruza, en la pr\u00e1ctica pol\u00edtica del Labortorio, con otro concepto clave que es el de experimentaci\u00f3n.<\/p>\n\n\n\n<p><a href=\"https:\/\/blogs.sindominio.net\/hacerlaboratorio\/category\/memoria\/\">memoria<\/a> la herramienta para pensar el pasado y su relaci\u00f3n con el presente.<\/p>\n\n\n\n<p><a href=\"https:\/\/blogs.sindominio.net\/hacerlaboratorio\/category\/micropoliticas\/\">micropol\u00edticas<\/a> La trama que sustenta los procesos pol\u00edticos, las relaciones entre uno y otro acontecimiento, lo que no es siempre visible o evidente.<\/p>\n\n\n\n<p><a href=\"https:\/\/blogs.sindominio.net\/hacerlaboratorio\/category\/proceso\/\">proceso<\/a> en un exceso de recursividad, contar c\u00f3mo se construye este dispositivo y documentar lo que produce en el presente. Hacer archivo del archivo.<\/p>\n\n\n\n<p><a href=\"https:\/\/blogs.sindominio.net\/hacerlaboratorio\/category\/resonancias\/\">resonancias<\/a> son los despliegues de la experiencia, tanto en otras pr\u00e1cticas contemporaneas, como presentes, as\u00ed como despliegues conceptuales y anal\u00edticos.<\/p>\n\n\n\n<p><a href=\"https:\/\/blogs.sindominio.net\/hacerlaboratorio\/category\/tecnopolitica\/\">tecnopol\u00edtica<\/a> Redes, pensamiento y herramientas para una cultura libre.<\/p>\n\n\n\n<p><\/p>\n","protected":false},"excerpt":{"rendered":"<p>Este glosario es anal\u00edtico y puede utilizarse como itinerario de lectura, como gu\u00eda de rastreo, como herramienta de [&hellip;]<\/p>\n","protected":false},"author":181,"featured_media":0,"parent":0,"menu_order":0,"comment_status":"closed","ping_status":"closed","template":"","meta":{"footnotes":""},"class_list":["post-208","page","type-page","status-publish","hentry"],"_links":{"self":[{"href":"https:\/\/blogs.sindominio.net\/hacerlaboratorio\/wp-json\/wp\/v2\/pages\/208","targetHints":{"allow":["GET"]}}],"collection":[{"href":"https:\/\/blogs.sindominio.net\/hacerlaboratorio\/wp-json\/wp\/v2\/pages"}],"about":[{"href":"https:\/\/blogs.sindominio.net\/hacerlaboratorio\/wp-json\/wp\/v2\/types\/page"}],"author":[{"embeddable":true,"href":"https:\/\/blogs.sindominio.net\/hacerlaboratorio\/wp-json\/wp\/v2\/users\/181"}],"replies":[{"embeddable":true,"href":"https:\/\/blogs.sindominio.net\/hacerlaboratorio\/wp-json\/wp\/v2\/comments?post=208"}],"version-history":[{"count":2,"href":"https:\/\/blogs.sindominio.net\/hacerlaboratorio\/wp-json\/wp\/v2\/pages\/208\/revisions"}],"predecessor-version":[{"id":984,"href":"https:\/\/blogs.sindominio.net\/hacerlaboratorio\/wp-json\/wp\/v2\/pages\/208\/revisions\/984"}],"wp:attachment":[{"href":"https:\/\/blogs.sindominio.net\/hacerlaboratorio\/wp-json\/wp\/v2\/media?parent=208"}],"curies":[{"name":"wp","href":"https:\/\/api.w.org\/{rel}","templated":true}]}}