{"id":2,"date":"2019-01-11T11:27:27","date_gmt":"2019-01-11T11:27:27","guid":{"rendered":"http:\/\/www.hacerlaboratorio.net\/blog\/?page_id=2"},"modified":"2021-03-26T08:35:28","modified_gmt":"2021-03-26T08:35:28","slug":"itinerarios-lectura","status":"publish","type":"page","link":"https:\/\/blogs.sindominio.net\/hacerlaboratorio\/itinerarios-lectura\/","title":{"rendered":"Itinerarios de lectura"},"content":{"rendered":"\n<p>El sentido de este blog es recoger el proceso de investigaci\u00f3n en su conjunto, desde su propuesta inicial a sus hallazgos, los encuentros generados, los materiales producidos, las reflexiones y an\u00e1lisis derivados. Y los encuentros y debates que se produzcan.<\/p>\n\n\n\n<p>Las formas de leerlo no est\u00e1n prefijadas, pero a continuaci\u00f3n tienes algunas orientaciones<\/p>\n\n\n\n<p>El proyecto \u00abEl Laboratorio una genealog\u00eda para las pr\u00e1cticas del com\u00fan\u00bb recoge tanto un archivo de materiales, como la construcci\u00f3n de narrativas a partir de los materiales recopilados y generados.<\/p>\n\n\n\n<p>Si buscas una primera aproximaci\u00f3n a la historia de El Laboratorio, puedes empezar por el propio <a href=\"https:\/\/hacerlaboratorio.sindominio.net\" target=\"_blank\" rel=\"noreferrer noopener\">archivo<\/a> tienes tambi\u00e9n una secci\u00f3n \u00ab<a href=\"https:\/\/hacerlaboratorio.sindominio.net\/s\/principal\/page\/about\" target=\"_blank\" rel=\"noreferrer noopener\">sobre este archivo<\/a>\u00bb donde aproximarte a la lectura del mismo<\/p>\n\n\n\n<p>Si te interesa el planteamiento de la investigaci\u00f3n puedes leerlo en \u00ab<a href=\"http:\/\/www.hacerlaboratorio.net\/blog\/propuesta-inicial-y-sus-derivas\/\">propuesta <\/a><a href=\"https:\/\/blogs.sindominio.net\/hacerlaboratorio\/propuesta-inicial-y-sus-derivas\/\">inicial<\/a>\u00ab<\/p>\n\n\n\n<p>Tanto en la web de archivo como en este blog, tienes los materiales producidos para ser escuchados, vistos y le\u00eddos. <\/p>\n\n\n\n<p>El cruce de ambos (archivo web y blog) tambi\u00e9n produce itinerarios de lectura posibles, una manera de articularlos es a trav\u00e9s del glosario. <\/p>\n\n\n\n<p>Y luego siempre est\u00e1 el sumergirse, empezar por cualquier punto, y dejarse llevar (las entradas est\u00e1n vinculadas entre s\u00ed para poder trazar hilos de lectura)<\/p>\n\n\n\n<p>Este archivo se pretende una herramienta pol\u00edtica para el presente: la producci\u00f3n de pensamiento cr\u00edtico lo mueve. De modo que la generaci\u00f3n de encuentro y debate sobre las preguntas de nuestro presente y porvenir as\u00ed como la producci\u00f3n de nuevas imaginaciones pol\u00edticas es parte de esta apuesta. Si el Laboratorio fu\u00e9 un espacio de creaci\u00f3n e imaginaci\u00f3n pol\u00edtica, \u00abhacer Laboratorio\u00bb pasa, no solo por recopilar sino por producir y (re)producir pr\u00e1cticas y eapacios para el com\u00fan.<\/p>\n\n\n\n<p>Por \u00faltimo est\u00e1 la posibilidad -y el deseo- de interactuar: puedes hcerlo  traves de la web de archivo, aportando materiales, narraciones, ocomentarios, o a trav\u00e9s del correo si tienes preguntas o propuestas: puedes escribirnos a info [at] hacerlabortorio.net<br><\/p>\n","protected":false},"excerpt":{"rendered":"<p>El sentido de este blog es recoger el proceso de investigaci\u00f3n en su conjunto, desde su propuesta inicial [&hellip;]<\/p>\n","protected":false},"author":181,"featured_media":0,"parent":0,"menu_order":0,"comment_status":"closed","ping_status":"open","template":"","meta":{"footnotes":""},"class_list":["post-2","page","type-page","status-publish","hentry"],"_links":{"self":[{"href":"https:\/\/blogs.sindominio.net\/hacerlaboratorio\/wp-json\/wp\/v2\/pages\/2","targetHints":{"allow":["GET"]}}],"collection":[{"href":"https:\/\/blogs.sindominio.net\/hacerlaboratorio\/wp-json\/wp\/v2\/pages"}],"about":[{"href":"https:\/\/blogs.sindominio.net\/hacerlaboratorio\/wp-json\/wp\/v2\/types\/page"}],"author":[{"embeddable":true,"href":"https:\/\/blogs.sindominio.net\/hacerlaboratorio\/wp-json\/wp\/v2\/users\/181"}],"replies":[{"embeddable":true,"href":"https:\/\/blogs.sindominio.net\/hacerlaboratorio\/wp-json\/wp\/v2\/comments?post=2"}],"version-history":[{"count":1,"href":"https:\/\/blogs.sindominio.net\/hacerlaboratorio\/wp-json\/wp\/v2\/pages\/2\/revisions"}],"predecessor-version":[{"id":978,"href":"https:\/\/blogs.sindominio.net\/hacerlaboratorio\/wp-json\/wp\/v2\/pages\/2\/revisions\/978"}],"wp:attachment":[{"href":"https:\/\/blogs.sindominio.net\/hacerlaboratorio\/wp-json\/wp\/v2\/media?parent=2"}],"curies":[{"name":"wp","href":"https:\/\/api.w.org\/{rel}","templated":true}]}}