{"id":162,"date":"2019-03-06T10:10:22","date_gmt":"2019-03-06T10:10:22","guid":{"rendered":"http:\/\/www.hacerlaboratorio.net\/blog\/?page_id=162"},"modified":"2019-03-06T10:10:22","modified_gmt":"2019-03-06T10:10:22","slug":"linea-de-tiempo-23-noviembre-2017-cs-la-ingobernable","status":"publish","type":"page","link":"https:\/\/blogs.sindominio.net\/hacerlaboratorio\/encuentros-publicos\/linea-de-tiempo-23-noviembre-2017-cs-la-ingobernable\/","title":{"rendered":"Situar la Memoria: L\u00ednea de Tiempo, 23 noviembre 2017, CS La Ingobernable"},"content":{"rendered":"\n<p>Este taller tuvo lugar el 23 de noviembre en el <a href=\"https:\/\/ingobernable.net\/\" target=\"_blank\" rel=\"noreferrer noopener\" aria-label=\"centro social La Ingobernable (abre en una nueva pesta\u00f1a)\">centro social La Ingobernable<\/a>, como un encuentro semip\u00fablico, esto es, era un taller solo convocado a participantes, pero se pod\u00eda visitar-observar.<\/p>\n\n\n\n<p>El taller consist\u00eda\nprecisamente en elaborar colectivamente un l\u00ednea de tiempo\ndesplegada en tres paneles (uno por cada edici\u00f3n de El Laboratorio)\nque estaban semiestructurados, con una l\u00ednea cronogr\u00e1fica y algunos\nelementos, fechas y acontecimientos de referencia. \n<\/p>\n\n\n\n<p>Los paneles estructuraban la informaci\u00f3n en tres niveles: los hitos propios del centro social, actividades o experiencias del contexto pol\u00edtico paralelas o vinculadas al centro social, y otro espacio para las vivencias o lecturas particulares.  <\/p>\n\n\n\n<div class=\"wp-block-file\"><a href=\"https:\/\/blogs.sindominio.net\/hacerlaboratorio\/files\/2019\/09\/Instrucciones_uso_lineaT_Labo.pdf\">Instrucciones_uso_lineaT_Labo<\/a><a href=\"https:\/\/blogs.sindominio.net\/hacerlaboratorio\/files\/2019\/09\/Instrucciones_uso_lineaT_Labo.pdf\" class=\"wp-block-file__button\" download>Descargar<\/a><\/div>\n\n\n\n<p>Las instrucciones (m\u00ednimas) era ir rellenando, individual o colectivamente, cada panel, con los recuerdos personales y pol\u00edticos, al tiempo que se pod\u00eda comentar sobre cada episodio.<\/p>\n\n\n\n<p><a href=\"https:\/\/archive.org\/details\/photo58210325919171657371Taller_Linea_Tiempo_Laboratorio\">Aqu\u00ed el archivo fotogr\u00e1fico del encuentro<\/a> <\/p>\n\n\n\n<ul class=\"wp-block-gallery columns-3 is-cropped wp-block-gallery-1 is-layout-flex wp-block-gallery-is-layout-flex\"><li class=\"blocks-gallery-item\"><figure><img loading=\"lazy\" decoding=\"async\" width=\"150\" height=\"150\" src=\"https:\/\/blogs.sindominio.net\/hacerlaboratorio\/files\/2019\/09\/photo5821032591917165734-150x150.jpg\" alt=\"\" data-id=\"503\" class=\"wp-image-503\" \/><\/figure><\/li><li class=\"blocks-gallery-item\"><figure><img loading=\"lazy\" decoding=\"async\" width=\"1024\" height=\"682\" src=\"https:\/\/blogs.sindominio.net\/hacerlaboratorio\/files\/2019\/09\/photo5821032591917165735-1024x682.jpg\" alt=\"\" data-id=\"504\" data-link=\"http:\/\/www.hacerlaboratorio.net\/blog\/encuentros-publicos\/linea-de-tiempo-23-noviembre-2017-cs-la-ingobernable\/photo5821032591917165735\/\" class=\"wp-image-504\" srcset=\"https:\/\/blogs.sindominio.net\/hacerlaboratorio\/files\/2019\/09\/photo5821032591917165735-1024x682.jpg 1024w, https:\/\/blogs.sindominio.net\/hacerlaboratorio\/files\/2019\/09\/photo5821032591917165735-300x200.jpg 300w, https:\/\/blogs.sindominio.net\/hacerlaboratorio\/files\/2019\/09\/photo5821032591917165735-768x512.jpg 768w, https:\/\/blogs.sindominio.net\/hacerlaboratorio\/files\/2019\/09\/photo5821032591917165735-450x300.jpg 450w, https:\/\/blogs.sindominio.net\/hacerlaboratorio\/files\/2019\/09\/photo5821032591917165735-900x600.jpg 900w, https:\/\/blogs.sindominio.net\/hacerlaboratorio\/files\/2019\/09\/photo5821032591917165735.jpg 1280w\" sizes=\"auto, (max-width: 1024px) 100vw, 1024px\" \/><\/figure><\/li><li class=\"blocks-gallery-item\"><figure><img loading=\"lazy\" decoding=\"async\" width=\"1024\" height=\"682\" src=\"https:\/\/blogs.sindominio.net\/hacerlaboratorio\/files\/2019\/09\/photo5821032591917165736-1024x682.jpg\" alt=\"\" data-id=\"505\" data-link=\"http:\/\/www.hacerlaboratorio.net\/blog\/encuentros-publicos\/linea-de-tiempo-23-noviembre-2017-cs-la-ingobernable\/photo5821032591917165736\/\" class=\"wp-image-505\" srcset=\"https:\/\/blogs.sindominio.net\/hacerlaboratorio\/files\/2019\/09\/photo5821032591917165736-1024x682.jpg 1024w, https:\/\/blogs.sindominio.net\/hacerlaboratorio\/files\/2019\/09\/photo5821032591917165736-300x200.jpg 300w, https:\/\/blogs.sindominio.net\/hacerlaboratorio\/files\/2019\/09\/photo5821032591917165736-768x512.jpg 768w, https:\/\/blogs.sindominio.net\/hacerlaboratorio\/files\/2019\/09\/photo5821032591917165736-450x300.jpg 450w, https:\/\/blogs.sindominio.net\/hacerlaboratorio\/files\/2019\/09\/photo5821032591917165736-900x600.jpg 900w, https:\/\/blogs.sindominio.net\/hacerlaboratorio\/files\/2019\/09\/photo5821032591917165736.jpg 1280w\" sizes=\"auto, (max-width: 1024px) 100vw, 1024px\" \/><\/figure><\/li><li class=\"blocks-gallery-item\"><figure><img loading=\"lazy\" decoding=\"async\" width=\"1024\" height=\"682\" src=\"https:\/\/blogs.sindominio.net\/hacerlaboratorio\/files\/2019\/09\/photo58210325919171657371-1024x682.jpg\" alt=\"\" data-id=\"506\" data-link=\"http:\/\/www.hacerlaboratorio.net\/blog\/encuentros-publicos\/linea-de-tiempo-23-noviembre-2017-cs-la-ingobernable\/photo58210325919171657371\/\" class=\"wp-image-506\" srcset=\"https:\/\/blogs.sindominio.net\/hacerlaboratorio\/files\/2019\/09\/photo58210325919171657371-1024x682.jpg 1024w, https:\/\/blogs.sindominio.net\/hacerlaboratorio\/files\/2019\/09\/photo58210325919171657371-300x200.jpg 300w, https:\/\/blogs.sindominio.net\/hacerlaboratorio\/files\/2019\/09\/photo58210325919171657371-768x512.jpg 768w, https:\/\/blogs.sindominio.net\/hacerlaboratorio\/files\/2019\/09\/photo58210325919171657371-450x300.jpg 450w, https:\/\/blogs.sindominio.net\/hacerlaboratorio\/files\/2019\/09\/photo58210325919171657371-900x600.jpg 900w, https:\/\/blogs.sindominio.net\/hacerlaboratorio\/files\/2019\/09\/photo58210325919171657371.jpg 1280w\" sizes=\"auto, (max-width: 1024px) 100vw, 1024px\" \/><\/figure><\/li><li class=\"blocks-gallery-item\"><figure><img loading=\"lazy\" decoding=\"async\" width=\"1024\" height=\"682\" src=\"https:\/\/blogs.sindominio.net\/hacerlaboratorio\/files\/2019\/09\/photo5821032591917165738-1024x682.jpg\" alt=\"\" data-id=\"507\" data-link=\"http:\/\/www.hacerlaboratorio.net\/blog\/encuentros-publicos\/linea-de-tiempo-23-noviembre-2017-cs-la-ingobernable\/photo5821032591917165738\/\" class=\"wp-image-507\" srcset=\"https:\/\/blogs.sindominio.net\/hacerlaboratorio\/files\/2019\/09\/photo5821032591917165738-1024x682.jpg 1024w, https:\/\/blogs.sindominio.net\/hacerlaboratorio\/files\/2019\/09\/photo5821032591917165738-300x200.jpg 300w, https:\/\/blogs.sindominio.net\/hacerlaboratorio\/files\/2019\/09\/photo5821032591917165738-768x512.jpg 768w, https:\/\/blogs.sindominio.net\/hacerlaboratorio\/files\/2019\/09\/photo5821032591917165738-450x300.jpg 450w, https:\/\/blogs.sindominio.net\/hacerlaboratorio\/files\/2019\/09\/photo5821032591917165738-900x600.jpg 900w, https:\/\/blogs.sindominio.net\/hacerlaboratorio\/files\/2019\/09\/photo5821032591917165738.jpg 1280w\" sizes=\"auto, (max-width: 1024px) 100vw, 1024px\" \/><\/figure><\/li><\/ul>\n\n\n\n<p>A pesar de que se convoc\u00f3 a muchas personas, solo un n\u00famero reducido de unas quince personas acudi\u00f3 a la cita. Esto da cuenta de un cambio fundamental operado en las vidas que sale recurrentemente como tema en el propio encuentro: la recuperaci\u00f3n o disposici\u00f3n del propio tiempo de vida. A pesar de que la asistencia no fu\u00e9 masiva, el resultado y calidez del encuentro fu\u00e9 may\u00fasculo, y de \u00e9l se generar\u00e1n muchos hilos de los que se ir\u00e1 tirando con posterioridad.<\/p>\n\n\n\n<p>La (re)activaci\u00f3n de v\u00ednculos, otro elemento fundamental en este proceso, tambi\u00e9n fu\u00e9 uno de los elementos clave de este encuentro. Con posterioridad una compa\u00f1era que particip\u00f3 (en este y otros encuentros) compartir\u00e1 un texto que da cuenta de ello.<\/p>\n\n\n\n<p>Aqu\u00ed un fragmento del mismo:<\/p>\n\n\n\n<blockquote class=\"wp-block-quote is-layout-flow wp-block-quote-is-layout-flow\"><p> <br> 2017. 20 a\u00f1os despu\u00e9s, gracias al impulso de una compa\u00f1era que se ha propuesto recuperar ese cachito de historia de la autonom\u00eda madrile\u00f1a y tras un removedor intercambio de fotos, documentos y recuerdos volcados en post-it de colores intentando ordenarse en las l\u00edneas de tiempo&#8230; un revoltijo de emociones me deja el alma patas arriba. Amigxs de u\u00f1a y carne a lxs que ya no veo y sin las cuales me falta hasta el lenguaje capaz de traducir en palabras lo entonces apostado y compartido. Rupturas sin duelo. Heridas a\u00fan abiertas. Miedo a abrir el caj\u00f3n de una memoria que, sin embargo, siento que no me pertenece, que no nos pertenece. Que solo puede ser patrimonio colectivo y tratar de recomponerse en com\u00fan, juntando las miles de piececitas de experiencias singulares en un puzzle imposible y, a la vez, necesario. Imposible. Hu\u00e9rfano de piezas no halladas. Desencajado de piezas superpuestas. Interminable de piezas infinitas, inordenables. Necesario. Porque los recuerdos particulares son los fragmentos indispensables para configurar el relato com\u00fan, imprescindible, en el camino siempre en obra de las luchas por la emancipaci\u00f3n. <br> A la inconmensurable generosidad con que la experiencia del Laboratorio dio un vuelco a mi vida, le entrego hoy un modesto tributo en forma de triple agradecimiento. Para el Labo, para todxs lxs que lo hicieron posible. <\/p><\/blockquote>\n","protected":false},"excerpt":{"rendered":"<p>Este taller tuvo lugar el 23 de noviembre en el centro social La Ingobernable, como un encuentro semip\u00fablico, [&hellip;]<\/p>\n","protected":false},"author":181,"featured_media":0,"parent":98,"menu_order":0,"comment_status":"closed","ping_status":"closed","template":"","meta":{"footnotes":""},"class_list":["post-162","page","type-page","status-publish","hentry"],"_links":{"self":[{"href":"https:\/\/blogs.sindominio.net\/hacerlaboratorio\/wp-json\/wp\/v2\/pages\/162","targetHints":{"allow":["GET"]}}],"collection":[{"href":"https:\/\/blogs.sindominio.net\/hacerlaboratorio\/wp-json\/wp\/v2\/pages"}],"about":[{"href":"https:\/\/blogs.sindominio.net\/hacerlaboratorio\/wp-json\/wp\/v2\/types\/page"}],"author":[{"embeddable":true,"href":"https:\/\/blogs.sindominio.net\/hacerlaboratorio\/wp-json\/wp\/v2\/users\/181"}],"replies":[{"embeddable":true,"href":"https:\/\/blogs.sindominio.net\/hacerlaboratorio\/wp-json\/wp\/v2\/comments?post=162"}],"version-history":[{"count":0,"href":"https:\/\/blogs.sindominio.net\/hacerlaboratorio\/wp-json\/wp\/v2\/pages\/162\/revisions"}],"up":[{"embeddable":true,"href":"https:\/\/blogs.sindominio.net\/hacerlaboratorio\/wp-json\/wp\/v2\/pages\/98"}],"wp:attachment":[{"href":"https:\/\/blogs.sindominio.net\/hacerlaboratorio\/wp-json\/wp\/v2\/media?parent=162"}],"curies":[{"name":"wp","href":"https:\/\/api.w.org\/{rel}","templated":true}]}}