{"id":153,"date":"2019-02-27T11:15:20","date_gmt":"2019-02-27T11:15:20","guid":{"rendered":"http:\/\/www.hacerlaboratorio.net\/blog\/?page_id=153"},"modified":"2023-02-18T18:44:06","modified_gmt":"2023-02-18T18:44:06","slug":"eventos-publicos","status":"publish","type":"page","link":"https:\/\/blogs.sindominio.net\/hacerlaboratorio\/eventos-publicos\/","title":{"rendered":"eventos y seminarios"},"content":{"rendered":"\n<p>Una parte fundamental de un archivo que se quiere vivo, es la \nposibilidad de generar espacio y tiempo para el pensamiento presente. \nSolo as\u00ed el archivo es una herramienta del porvenir.<\/p>\n\n\n\n<p>Hay por tanto una exigencia en el seguir investigando de modo  cr\u00edtico y militante sobre las transformaciones contempor\u00e1neas de la  pol\u00edtica.<\/p>\n\n\n\n<p>Cada encuentro es un oportunidad valios\u00edsima para pensar el devenir  de nuestro mundo y los significados de la experiencia y para indagar, al  tiempo, sobre las l\u00f3gicas y pr\u00e1cticas del com\u00fan (inclu\u00ed.<\/p>\n\n\n\n<p>Esta archivo multimedia pretende desplegarse as\u00ed como herramienta de acci\u00f3n, reflexi\u00f3n y di\u00e1logo. <\/p>\n\n\n\n<p>Aqu\u00ed listamos los espacios en los que hemos estado o estaremos presentes:<\/p>\n\n\n\n<ul class=\"wp-block-list\">\n<li><a rel=\"noreferrer noopener\" href=\"https:\/\/www.youtube.com\/watch?app=desktop&amp;v=WYo8dUnzW-A&amp;feature=youtu.be\" target=\"_blank\">Intervista audio<\/a> a <a rel=\"noreferrer noopener\" href=\"https:\/\/tuttascena1.wordpress.com\/2023\/02\/18\/ana-mina-el-laboratorio-una-intimidad-publica\/\" target=\"_blank\">TuttaScena<\/a> sul Documentarioche verr\u00e1 proietato al CSOA Forte Prenestino il Gioved\u00ec 23. 18\/02\/2023 <\/li>\n<\/ul>\n\n\n\n<ul class=\"wp-block-list\">\n<li>Proiezione documentario (Sp Sottotitolato in Italiano) \u00abEl Laboratorio, una intimit\u00e0 pubblica\u00bb. 23 febbraio, ore 21:30 <a href=\"https:\/\/www.forteprenestino.net\/index.php\" target=\"_blank\" rel=\"noreferrer noopener\">CSOA Forte Prenestino<\/a>, Roma<\/li>\n<\/ul>\n\n\n\n<ul class=\"wp-block-list\">\n<li>Proyecci\u00f3n Documental \u00abEl Laboratorio, una intimidad p\u00fablica\u00bb, viernes 14 de octubre de 2022, 18,30h en el <a href=\"https:\/\/twitter.com\/LaFerroviaria_\" data-type=\"URL\" data-id=\"https:\/\/twitter.com\/LaFerroviaria_\">CS<\/a><a rel=\"noreferrer noopener\" href=\"https:\/\/twitter.com\/LaFerroviaria_\" data-type=\"URL\" data-id=\"https:\/\/twitter.com\/LaFerroviaria_\" target=\"_blank\">OA La Ferroviaria<\/a>, Pza Luca de Tena 7, Madrid<\/li>\n<\/ul>\n\n\n\n<ul class=\"wp-block-list\">\n<li>Debate <em><a rel=\"noreferrer noopener\" href=\"https:\/\/www.museoreinasofia.es\/actividades\/voces-situadas-23\" target=\"_blank\">Voces Situadas 23 \u00bfcomo dar lugar a la memoria del barrio?<\/a><\/em> Miercoles 11 de Mayo de 2022. MNCARS Madrid<\/li>\n<\/ul>\n\n\n\n<ul class=\"wp-block-list\">\n<li><a href=\"https:\/\/www.youtube.com\/watch?v=9VsbAhOOrcU&amp;t=5116s\" target=\"_blank\" rel=\"noreferrer noopener\">Taller sobre tecnopol\u00edtica y archivo<\/a> en <strong>Jornadas Archivos del com\u00fan IV<\/strong>. 27-30 octubre 2021. MNCARS Madrid<\/li>\n<\/ul>\n\n\n\n<ul class=\"wp-block-list\">\n<li><strong>Debate pr\u00e1cticas de archivo<\/strong>, junto al centro de documentaci\u00f3n Oltre il Giardino di Trieste y el archivo de Salud mental de Gorizia, jueves 25 de julio de 2021, 21h. Lunatico Festival (Trieste)<\/li>\n<\/ul>\n\n\n\n<ul class=\"wp-block-list\">\n<li>Derivas de lo com\u00fan: del archivo a la calle. Paseo y coloquio.Viernes 16 de octubre, 2020 &#8211; 17:30 h y 19:15 h \/ Barrio de Lavapi\u00e9s y Edificio Nouvel, Sala de Protocolo MNCARS. <a rel=\"noreferrer noopener\" href=\"https:\/\/www.museoreinasofia.es\/actividades\/derivas-comun-archivo-calle\" target=\"_blank\">&gt;Programa e inscripci\u00f3n.<\/a> (cancelado)<\/li>\n<\/ul>\n\n\n\n<ul class=\"wp-block-list\">\n<li><strong>Proyecci\u00f3n del documental \u00abEl Laboratorio, una intimidad p\u00fablica\u00bb <\/strong>en \u00abLa Fragua\u00bb, Madarcos (Sierra Norte de Madrid), viernes 31 de enero de 2020, 20,30h.<\/li>\n<\/ul>\n\n\n\n<ul class=\"wp-block-list\">\n<li><strong>Charla \u00abCentros Sociales y producci\u00f3n de com\u00fan. Memoria y porvenir\u00bb<\/strong> Espacio Alegr\u00eda, Cadiz. 27 de enero de 2020. 18,30h.<\/li>\n<\/ul>\n\n\n\n<ul class=\"wp-block-list\">\n<li><strong>Proyecci\u00f3n del documental \u00abEl Laboratorio, una intimidad p\u00fablica\u00bb<\/strong>, en el CS El Barrio Abierto, c\/ San Gabriel s\/n Cadiz, el 24 de enero de 2020. 19h.<\/li>\n<\/ul>\n\n\n\n<ul class=\"wp-block-list\">\n<li><strong>Producci\u00f3n de com\u00fan en la ciudad futura: archivo, memoria y presente de la pr\u00e1ctica de los Centros Sociales (Ciclo de encuentros)<\/strong>. Partiendo de la memoria de pr\u00e1cticas urbanas pero sobre todo de sus posibilidades, retos y l\u00edmites presentes, queremos hacernos algunas peguntas \u00bfC\u00f3mo y d\u00f3nde hacemos hoy Centro Social, esto es, comunidad, aprendizaje, imaginaci\u00f3n y pr\u00e1ctica horizontal y transformadora? \u00bf Qu\u00e9 ciudad se puede imaginar y practicar desde los Centros Sociales? Del 30 de noviembre al 17 de diciembre. Varios espacios. (<a href=\"https:\/\/blogs.sindominio.net\/hacerlaboratorio\/2019\/11\/25\/produccion-de-comun-en-la-ciudad-futura-archivo-memoria-y-presente-de-la-practica-de-los-centros-sociales\/\">&gt;&gt;&gt;programa<\/a>) <\/li>\n<\/ul>\n\n\n\n<ul class=\"wp-block-list\">\n<li><strong><a href=\"http:\/\/latabacalera.net\/proyecto\/taller-de-creacion-de-archivos-y-memorias-comunes\/\" target=\"_blank\" rel=\"noreferrer noopener\" aria-label=\"Taller de Creaci\u00f3n de archivos y memorias comunes (abre en una nueva pesta\u00f1a)\">Taller de Creaci\u00f3n de archivos y memorias comunes<\/a><\/strong>  Taller de Autoformaci\u00f3n. Domingo 17 de novimbre de 2019. CSA La Tabacalera (Sala Jefe) Horario de 11h-19h<\/li>\n<\/ul>\n\n\n\n<ul class=\"wp-block-list\">\n<li><strong><a rel=\"noreferrer noopener\" aria-label=\"Los saberes y las luchas. Imaginaci\u00f3n pol\u00edtica, (co) investigaci\u00f3n y producci\u00f3n de conocimieto (abre en una nueva pesta\u00f1a)\" href=\"https:\/\/www.traficantes.net\/nociones-comunes\/los-saberes-y-las-luchas\" target=\"_blank\">Los saberes y las luchas<\/a><\/strong><a rel=\"noreferrer noopener\" aria-label=\"Los saberes y las luchas. Imaginaci\u00f3n pol\u00edtica, (co) investigaci\u00f3n y producci\u00f3n de conocimieto (abre en una nueva pesta\u00f1a)\" href=\"https:\/\/www.traficantes.net\/nociones-comunes\/los-saberes-y-las-luchas\" target=\"_blank\">. Imaginaci\u00f3n pol\u00edtica, (co) investigaci\u00f3n y producci\u00f3n de conocimieto<\/a>. Del 11 de noviembre al 16 de diciembre de 2019, Traficantes de Sue\u00f1os (<a rel=\"noreferrer noopener\" aria-label=\"programa e inscripci\u00f3n (abre en una nueva pesta\u00f1a)\" href=\"https:\/\/www.traficantes.net\/nociones-comunes\/los-saberes-y-las-luchas\" target=\"_blank\">&gt;&gt;&gt;programa e inscripci\u00f3n<\/a>)<\/li>\n\n\n\n<li><strong><a rel=\"noreferrer noopener\" aria-label=\"Archivos del Com\u00fan III \u00bfArchivos Inapropiables? (programa) (abre en una nueva pesta\u00f1a)\" href=\"https:\/\/www.museoreinasofia.es\/actividades\/archivos-comun-iii\" target=\"_blank\">Archivos del Com\u00fan III \u00bfArchivos Inapropiables? <\/a><\/strong><a rel=\"noreferrer noopener\" aria-label=\"Archivos del Com\u00fan III \u00bfArchivos Inapropiables? (programa) (abre en una nueva pesta\u00f1a)\" href=\"https:\/\/www.museoreinasofia.es\/actividades\/archivos-comun-iii\" target=\"_blank\">(programa)<\/a> Sesi\u00f3n 1 Tecnolog\u00edas del archivo: <em>Debates sobre el acceso. El archivo como herramienta de acceso a la historia. <\/em> 24 de septiembre de 2019, 12:15h, MNCARS. <a rel=\"noreferrer noopener\" aria-label=\"ponencia (abre en una nueva pesta\u00f1a)\" href=\"https:\/\/livestream.com\/museo-reina-sofia\/events\/8829686\/videos\/196779411\" target=\"_blank\">(&gt;&gt;&gt;ponencia<\/a>)<\/li>\n<\/ul>\n\n\n\n<ul class=\"wp-block-list\">\n<li><strong><a rel=\"noreferrer noopener\" aria-label=\"Las paredes hablan, itinerarios disidentes de Lavapi\u00e9s (abre en una nueva pesta\u00f1a)\" href=\"https:\/\/www.museoreinasofia.es\/sites\/default\/files\/audios\/781_Paredes_hablan_Carrillo_Sanchez.mp3\" target=\"_blank\">Las paredes hablan, itinerarios disidentes de Lavapi\u00e9s (audio)<\/a><\/strong>23 de noviembre, 2018 &#8211; 19:00 h \/ Edificio Nouvel, Talleres Nouvel -1 y Sala de Protocolo , MNCARS<\/li>\n<\/ul>\n\n\n\n<ul class=\"wp-block-list\">\n<li><strong><a href=\"https:\/\/blogs.sindominio.net\/hacerlaboratorio\/2018\/05\/12\/el-atl-es-un-laboratorio-hackmeeting-octubre-2017\/\">El ATL es un Laboratorio<\/a><\/strong>. Sesi\u00f3n dentro del Hackmeeting 2017. CS La Ingobernable, 12 de octubre de 2017<\/li>\n<\/ul>\n\n\n\n<ul class=\"wp-block-list\">\n<li><strong><a href=\"https:\/\/blogs.sindominio.net\/hacerlaboratorio\/2018\/05\/11\/primer-encuentro-a-20-anos-del-laboratorio-cs-ingobernable-mayo-2017\/\">A 20 a\u00f1os de El Laboratorio<\/a><\/strong>. Encuentro p\u00fablico. CS La Ingobernable, 11 de Mayo de 2017<\/li>\n<\/ul>\n","protected":false},"excerpt":{"rendered":"<p>Una parte fundamental de un archivo que se quiere vivo, es la posibilidad de generar espacio y tiempo [&hellip;]<\/p>\n","protected":false},"author":181,"featured_media":0,"parent":0,"menu_order":0,"comment_status":"closed","ping_status":"closed","template":"","meta":{"footnotes":""},"class_list":["post-153","page","type-page","status-publish","hentry"],"_links":{"self":[{"href":"https:\/\/blogs.sindominio.net\/hacerlaboratorio\/wp-json\/wp\/v2\/pages\/153","targetHints":{"allow":["GET"]}}],"collection":[{"href":"https:\/\/blogs.sindominio.net\/hacerlaboratorio\/wp-json\/wp\/v2\/pages"}],"about":[{"href":"https:\/\/blogs.sindominio.net\/hacerlaboratorio\/wp-json\/wp\/v2\/types\/page"}],"author":[{"embeddable":true,"href":"https:\/\/blogs.sindominio.net\/hacerlaboratorio\/wp-json\/wp\/v2\/users\/181"}],"replies":[{"embeddable":true,"href":"https:\/\/blogs.sindominio.net\/hacerlaboratorio\/wp-json\/wp\/v2\/comments?post=153"}],"version-history":[{"count":14,"href":"https:\/\/blogs.sindominio.net\/hacerlaboratorio\/wp-json\/wp\/v2\/pages\/153\/revisions"}],"predecessor-version":[{"id":1061,"href":"https:\/\/blogs.sindominio.net\/hacerlaboratorio\/wp-json\/wp\/v2\/pages\/153\/revisions\/1061"}],"wp:attachment":[{"href":"https:\/\/blogs.sindominio.net\/hacerlaboratorio\/wp-json\/wp\/v2\/media?parent=153"}],"curies":[{"name":"wp","href":"https:\/\/api.w.org\/{rel}","templated":true}]}}