{"id":103,"date":"2019-02-26T16:50:06","date_gmt":"2019-02-26T16:50:06","guid":{"rendered":"http:\/\/www.hacerlaboratorio.net\/blog\/?page_id=103"},"modified":"2020-11-27T22:01:09","modified_gmt":"2020-11-27T22:01:09","slug":"el-atl-es-un-laboratorio-hackmeeting-2017","status":"publish","type":"page","link":"https:\/\/blogs.sindominio.net\/hacerlaboratorio\/encuentros-publicos\/el-atl-es-un-laboratorio-hackmeeting-2017\/","title":{"rendered":"El ATL es un Laboratorio, Hackmeeting octubre 2017"},"content":{"rendered":"\n<p>El 12 de octubre celebramos un segundo encuentro p\u00fablico en el marco del <a rel=\"noreferrer noopener\" aria-label=\"Hackmeeting 2017 (abre en una nueva pesta\u00f1a)\" href=\"https:\/\/hacklab.ingobernable.net\/2017\/10\/09\/hackmeeting-2017-en-madrid\/\" target=\"_blank\">Hackmeeting 2017<\/a> que se celebr\u00f3 en el <a rel=\"noreferrer noopener\" aria-label=\"centro social La Ingobernable (abre en una nueva pesta\u00f1a)\" href=\"https:\/\/ingobernable.net\/\" target=\"_blank\">centro social La Ingobernable<\/a>, donde se propon\u00eda hacer una genealog\u00eda de los hacklabs, partiendo de la experiencia del Area Telem\u00e1tica del Laboratorio, primer espacio hacktivista en un centro social madrile\u00f1o, con un fuerte car\u00e1cter experimental, donde se fraguaron parte de los debates m\u00e1s importantes sobre software libre que han llegado a nuestros d\u00edas, y donde se fund\u00f3 tambi\u00e9n el <a href=\"https:\/\/wp.sindominio.net\/\" target=\"_blank\" rel=\"noreferrer noopener\" aria-label=\"proyecto Sindominio (abre en una nueva pesta\u00f1a)\">proyecto Sindominio<\/a>, a\u00fan en marcha.<br><\/p>\n\n\n\n<figure class=\"wp-block-gallery columns-4 is-cropped wp-block-gallery-1 is-layout-flex wp-block-gallery-is-layout-flex\"><ul class=\"blocks-gallery-grid\"><li class=\"blocks-gallery-item\"><figure><img decoding=\"async\" src=\"http:\/\/www.hacerlaboratorio.net\/blog\/wp-content\/uploads\/2019\/04\/Labo_ATL_HK2017_001-2-1024x577.png\" alt=\"\" data-id=\"400\" data-link=\"http:\/\/www.hacerlaboratorio.net\/blog\/encuentros-publicos\/el-atl-es-un-laboratorio-hackmeeting-2017\/labo_atl_hk2017_001-3\/\" class=\"wp-image-400\"\/><\/figure><\/li><li class=\"blocks-gallery-item\"><figure><img decoding=\"async\" src=\"https:\/\/blogs.sindominio.net\/hacerlaboratorio\/files\/2019\/04\/Labo_ATL_HK2017_003-2-1024x570.png\" alt=\"\" data-id=\"402\" data-link=\"http:\/\/www.hacerlaboratorio.net\/blog\/encuentros-publicos\/el-atl-es-un-laboratorio-hackmeeting-2017\/labo_atl_hk2017_003-3\/\" class=\"wp-image-402\"\/><\/figure><\/li><li class=\"blocks-gallery-item\"><figure><img decoding=\"async\" src=\"https:\/\/blogs.sindominio.net\/hacerlaboratorio\/files\/2019\/04\/Labo_ATL_HK2017_004-1-1024x572.png\" alt=\"\" data-id=\"403\" data-link=\"http:\/\/www.hacerlaboratorio.net\/blog\/encuentros-publicos\/el-atl-es-un-laboratorio-hackmeeting-2017\/labo_atl_hk2017_004-2\/\" class=\"wp-image-403\"\/><\/figure><\/li><li class=\"blocks-gallery-item\"><figure><img decoding=\"async\" src=\"https:\/\/blogs.sindominio.net\/hacerlaboratorio\/files\/2019\/04\/Labo_ATL_HK2017_005-1-1024x569.png\" alt=\"\" data-id=\"404\" data-link=\"http:\/\/www.hacerlaboratorio.net\/blog\/encuentros-publicos\/el-atl-es-un-laboratorio-hackmeeting-2017\/labo_atl_hk2017_005-2\/\" class=\"wp-image-404\"\/><\/figure><\/li><li class=\"blocks-gallery-item\"><figure><img loading=\"lazy\" decoding=\"async\" width=\"600\" height=\"334\" src=\"https:\/\/blogs.sindominio.net\/hacerlaboratorio\/files\/2019\/04\/Labo_ATL_HK2017_011-1-e1568036144700.png\" alt=\"\" data-id=\"406\" data-full-url=\"https:\/\/blogs.sindominio.net\/hacerlaboratorio\/files\/2019\/04\/Labo_ATL_HK2017_011-1-e1568036144700.png\" data-link=\"https:\/\/blogs.sindominio.net\/hacerlaboratorio\/encuentros-publicos\/el-atl-es-un-laboratorio-hackmeeting-2017\/labo_atl_hk2017_011-2\/\" class=\"wp-image-406\" srcset=\"https:\/\/blogs.sindominio.net\/hacerlaboratorio\/files\/2019\/04\/Labo_ATL_HK2017_011-1-e1568036144700.png 600w, https:\/\/blogs.sindominio.net\/hacerlaboratorio\/files\/2019\/04\/Labo_ATL_HK2017_011-1-e1568036144700-300x167.png 300w, https:\/\/blogs.sindominio.net\/hacerlaboratorio\/files\/2019\/04\/Labo_ATL_HK2017_011-1-e1568036144700-450x251.png 450w\" sizes=\"auto, (max-width: 600px) 100vw, 600px\" \/><\/figure><\/li><li class=\"blocks-gallery-item\"><figure><img decoding=\"async\" src=\"http:\/\/www.hacerlaboratorio.net\/blog\/wp-content\/uploads\/2019\/04\/Labo_ATL_HK2017_012-1024x563.png\" alt=\"\" data-id=\"409\" data-link=\"http:\/\/www.hacerlaboratorio.net\/blog\/encuentros-publicos\/el-atl-es-un-laboratorio-hackmeeting-2017\/labo_atl_hk2017_012\/\" class=\"wp-image-409\"\/><\/figure><\/li><li class=\"blocks-gallery-item\"><figure><img decoding=\"async\" src=\"http:\/\/www.hacerlaboratorio.net\/blog\/wp-content\/uploads\/2019\/04\/Labo_ATL_HK2017_013-1024x570.png\" alt=\"\" data-id=\"410\" data-link=\"http:\/\/www.hacerlaboratorio.net\/blog\/encuentros-publicos\/el-atl-es-un-laboratorio-hackmeeting-2017\/labo_atl_hk2017_013\/\" class=\"wp-image-410\"\/><\/figure><\/li><li class=\"blocks-gallery-item\"><figure><img decoding=\"async\" src=\"http:\/\/www.hacerlaboratorio.net\/blog\/wp-content\/uploads\/2019\/04\/Labo_ATL_HK2017_014-1024x574.png\" alt=\"\" data-id=\"411\" data-link=\"http:\/\/www.hacerlaboratorio.net\/blog\/encuentros-publicos\/el-atl-es-un-laboratorio-hackmeeting-2017\/labo_atl_hk2017_014\/\" class=\"wp-image-411\"\/><\/figure><\/li><li class=\"blocks-gallery-item\"><figure><img decoding=\"async\" src=\"http:\/\/www.hacerlaboratorio.net\/blog\/wp-content\/uploads\/2019\/04\/Labo_ATL_HK2017_015-1024x571.png\" alt=\"\" data-id=\"412\" data-link=\"http:\/\/www.hacerlaboratorio.net\/blog\/encuentros-publicos\/el-atl-es-un-laboratorio-hackmeeting-2017\/labo_atl_hk2017_015\/\" class=\"wp-image-412\"\/><\/figure><\/li><li class=\"blocks-gallery-item\"><figure><img decoding=\"async\" src=\"http:\/\/www.hacerlaboratorio.net\/blog\/wp-content\/uploads\/2019\/04\/Labo_ATL_HK2017_0016-1024x570.png\" alt=\"\" data-id=\"413\" data-link=\"http:\/\/www.hacerlaboratorio.net\/blog\/encuentros-publicos\/el-atl-es-un-laboratorio-hackmeeting-2017\/labo_atl_hk2017_0016\/\" class=\"wp-image-413\"\/><\/figure><\/li><li class=\"blocks-gallery-item\"><figure><img decoding=\"async\" src=\"http:\/\/www.hacerlaboratorio.net\/blog\/wp-content\/uploads\/2019\/04\/Labo_ATL_HK2017_017-1024x568.png\" alt=\"\" data-id=\"415\" data-link=\"http:\/\/www.hacerlaboratorio.net\/blog\/encuentros-publicos\/el-atl-es-un-laboratorio-hackmeeting-2017\/labo_atl_hk2017_017\/\" class=\"wp-image-415\"\/><\/figure><\/li><li class=\"blocks-gallery-item\"><figure><img decoding=\"async\" src=\"http:\/\/www.hacerlaboratorio.net\/blog\/wp-content\/uploads\/2019\/04\/Labo_ATL_HK2017_018-1024x569.png\" alt=\"\" data-id=\"416\" data-link=\"http:\/\/www.hacerlaboratorio.net\/blog\/encuentros-publicos\/el-atl-es-un-laboratorio-hackmeeting-2017\/labo_atl_hk2017_018\/\" class=\"wp-image-416\"\/><\/figure><\/li><\/ul><\/figure>\n\n\n\n<p>Si el <a rel=\"noreferrer noopener\" aria-label=\"primer encuentro (abre en una nueva pesta\u00f1a)\" href=\"http:\/\/www.hacerlaboratorio.net\/blog\/encuentros-publicos\/primer-encuentro-labo-cs-ingobernable-mayo-2017\/\" target=\"_blank\">primer encuentro<\/a> se caracteriz\u00f3 sobre todo por ser un ejercicio de memoria coral, este encuentro cont\u00f3 con una ponencia inaugural por parte de Pedro \u00c1lvarez, <em>Roxu,<\/em> participante de El Laboratorio y uno de los art\u00edfices de su \u00c1rea Telem\u00e1tica y del proyecto Sindominio, para virar r\u00e1pidamente hacia un debate sobre el presente del papel del software libre y el hacktivismo. Aqu\u00ed se hizo patente  la experiencia de utilizar un elemento de memoria como activador de debates actuales a lo largo de casi dos horas ricas en intervenciones y an\u00e1lisis.<\/p>\n\n\n\n<p>Puedes escuchar el audio completo aqu\u00ed:<\/p>\n\n\n\n<p><a href=\"https:\/\/archive.org\/details\/LABOAudioAreaTelematica111017\">https:\/\/archive.org\/details\/LABOAudioAreaTelematica111017<\/a><\/p>\n\n\n\n<figure class=\"wp-block-embed is-type-rich is-provider-gestor-del-servicio\"><div class=\"wp-block-embed__wrapper\">\n<audio class=\"wp-audio-shortcode\" id=\"audio-103-1\" preload=\"none\" style=\"width: 100%;\" controls=\"controls\"><source type=\"audio\/mpeg\" src=\"https:\/\/archive.org\/download\/LABOAudioAreaTelematica111017\/LABO_audio_a%CC%81rea_telema%CC%81tica_11_10_17.mp3?_=1\" \/><a href=\"https:\/\/archive.org\/download\/LABOAudioAreaTelematica111017\/LABO_audio_a%CC%81rea_telema%CC%81tica_11_10_17.mp3\">https:\/\/archive.org\/download\/LABOAudioAreaTelematica111017\/LABO_audio_a%CC%81rea_telema%CC%81tica_11_10_17.mp3<\/a><\/audio>\n<\/div><\/figure>\n\n\n\n<p>Tras el debate, se procedi\u00f3 a la lectura del <a rel=\"noreferrer noopener\" aria-label=\"manifiesto del Hackmeeting 2017 (abre en una nueva pesta\u00f1a)\" href=\"https:\/\/es.hackmeeting.org\/hm\/index.php?title=2017\/Manifiesto\" target=\"_blank\">manifiesto del Hackmeeting 2017<\/a> en la puerta del Centro Social.<\/p>\n\n\n\n<figure class=\"wp-block-gallery columns-3 is-cropped wp-block-gallery-2 is-layout-flex wp-block-gallery-is-layout-flex\"><ul class=\"blocks-gallery-grid\"><li class=\"blocks-gallery-item\"><figure><img decoding=\"async\" src=\"http:\/\/www.hacerlaboratorio.net\/blog\/wp-content\/uploads\/2019\/04\/HK2017_000-1024x571.png\" alt=\"\" data-id=\"419\" data-link=\"http:\/\/www.hacerlaboratorio.net\/blog\/encuentros-publicos\/el-atl-es-un-laboratorio-hackmeeting-2017\/hk2017_000\/\" class=\"wp-image-419\"\/><\/figure><\/li><li class=\"blocks-gallery-item\"><figure><img loading=\"lazy\" decoding=\"async\" width=\"1024\" height=\"570\" src=\"https:\/\/blogs.sindominio.net\/hacerlaboratorio\/files\/2019\/04\/HK2017_001-1024x570.png\" alt=\"\" data-id=\"420\" data-link=\"http:\/\/www.hacerlaboratorio.net\/blog\/encuentros-publicos\/el-atl-es-un-laboratorio-hackmeeting-2017\/hk2017_001\/\" class=\"wp-image-420\" srcset=\"https:\/\/blogs.sindominio.net\/hacerlaboratorio\/files\/2019\/04\/HK2017_001-1024x570.png 1024w, https:\/\/blogs.sindominio.net\/hacerlaboratorio\/files\/2019\/04\/HK2017_001-300x167.png 300w, https:\/\/blogs.sindominio.net\/hacerlaboratorio\/files\/2019\/04\/HK2017_001-768x427.png 768w, https:\/\/blogs.sindominio.net\/hacerlaboratorio\/files\/2019\/04\/HK2017_001-450x250.png 450w, https:\/\/blogs.sindominio.net\/hacerlaboratorio\/files\/2019\/04\/HK2017_001-1079x600.png 1079w, https:\/\/blogs.sindominio.net\/hacerlaboratorio\/files\/2019\/04\/HK2017_001.png 1271w\" sizes=\"auto, (max-width: 1024px) 100vw, 1024px\" \/><\/figure><\/li><li class=\"blocks-gallery-item\"><figure><img decoding=\"async\" src=\"http:\/\/www.hacerlaboratorio.net\/blog\/wp-content\/uploads\/2019\/04\/HK2017_002-1024x578.png\" alt=\"\" data-id=\"421\" data-link=\"http:\/\/www.hacerlaboratorio.net\/blog\/encuentros-publicos\/el-atl-es-un-laboratorio-hackmeeting-2017\/hk2017_002\/\" class=\"wp-image-421\"\/><\/figure><\/li><\/ul><\/figure>\n\n\n\n<blockquote class=\"wp-block-quote is-layout-flow wp-block-quote-is-layout-flow\"><p>Comunicado del Hackmeeting 2037<br> Recibido el 1 de octubre de 2017 <br>Este comunicado ha tenido que ser biocifrado para pasar el Google  Guard contra el pensamiento subversivo, por lo que es posible que tu  geoposici\u00f3n haya sido vulnerada y que un equipo de Amazon Cimeks est\u00e9  yendo a tu encuentro.  <br>Despu\u00e9s de 6 a\u00f1os de clandestinidad, las ara\u00f1as de la Corporaci\u00f3n  Eurasia han traspasado el hielo negro que proteg\u00eda La Enredadera y  todas las hackers convocantes han sido apropiadas. La <em>Infinita Clemencia<\/em> (TM) del Emperador Zuckerberg prohibe las ejecuciones, pero todo individuo resistente est\u00e1 siendo zombificado. <br>Nuestra \u00fanica esperanza es el exploit que las neocachorras del  sector 9 instalaron en los Laboratorios Palantir y que nos permitir\u00e1  abrir un canal de comunicaci\u00f3n de 20 a\u00f1os hacia el pasado. Creemos que  ser\u00e1 suficiente para adelantarnos a la instalaci\u00f3n de rootkits en los  cibercerebros ciudadanos. Nuestro objetivo es reinformar la cognici\u00f3n de  nuestras antepasadas con los datos necesarios para evitar la sumisi\u00f3n  total al Google E-Government.  <br>Si has sido localizada, tienes 4 minutos para enviarnos tus  mejores scripts. Los enviaremos a las hackers del pasado cuando se abra  el portal: a partir del 12 de octubre dispondremos de tres d\u00edas para  transferir archivos y conciencias. Contamos contigo para esta  convocatoria transtemporal. En nombre de mis programadoras te pido  disculpas por arriesgar tu seguridad, pero la situaci\u00f3n es insostenible.  Tenemos que actuar antes de llegar a este punto de no retorno. <br>IA-Kaos155. <\/p><\/blockquote>\n","protected":false},"excerpt":{"rendered":"<p>El 12 de octubre celebramos un segundo encuentro p\u00fablico en el marco del Hackmeeting 2017 que se celebr\u00f3 [&hellip;]<\/p>\n","protected":false},"author":181,"featured_media":0,"parent":98,"menu_order":0,"comment_status":"closed","ping_status":"closed","template":"","meta":{"footnotes":""},"class_list":["post-103","page","type-page","status-publish","hentry"],"_links":{"self":[{"href":"https:\/\/blogs.sindominio.net\/hacerlaboratorio\/wp-json\/wp\/v2\/pages\/103","targetHints":{"allow":["GET"]}}],"collection":[{"href":"https:\/\/blogs.sindominio.net\/hacerlaboratorio\/wp-json\/wp\/v2\/pages"}],"about":[{"href":"https:\/\/blogs.sindominio.net\/hacerlaboratorio\/wp-json\/wp\/v2\/types\/page"}],"author":[{"embeddable":true,"href":"https:\/\/blogs.sindominio.net\/hacerlaboratorio\/wp-json\/wp\/v2\/users\/181"}],"replies":[{"embeddable":true,"href":"https:\/\/blogs.sindominio.net\/hacerlaboratorio\/wp-json\/wp\/v2\/comments?post=103"}],"version-history":[{"count":15,"href":"https:\/\/blogs.sindominio.net\/hacerlaboratorio\/wp-json\/wp\/v2\/pages\/103\/revisions"}],"predecessor-version":[{"id":951,"href":"https:\/\/blogs.sindominio.net\/hacerlaboratorio\/wp-json\/wp\/v2\/pages\/103\/revisions\/951"}],"up":[{"embeddable":true,"href":"https:\/\/blogs.sindominio.net\/hacerlaboratorio\/wp-json\/wp\/v2\/pages\/98"}],"wp:attachment":[{"href":"https:\/\/blogs.sindominio.net\/hacerlaboratorio\/wp-json\/wp\/v2\/media?parent=103"}],"curies":[{"name":"wp","href":"https:\/\/api.w.org\/{rel}","templated":true}]}}