{"id":9,"date":"2019-04-17T20:12:30","date_gmt":"2019-04-17T18:12:30","guid":{"rendered":"https:\/\/blogs.sindominio.net\/fcab\/?page_id=9"},"modified":"2019-05-11T12:22:51","modified_gmt":"2019-05-11T10:22:51","slug":"ediciones-pasadas","status":"publish","type":"page","link":"https:\/\/blogs.sindominio.net\/fcab\/ediciones-pasadas\/","title":{"rendered":"CARTELLS"},"content":{"rendered":"\n<ul class=\"wp-block-list\"><li>VIII edici\u00f3 del FCAB<\/li><\/ul>\n\n\n\n<figure class=\"wp-block-image\"><img loading=\"lazy\" decoding=\"async\" width=\"744\" height=\"1024\" src=\"https:\/\/blogs.sindominio.net\/fcab\/files\/2019\/05\/cartell-edicio-VIII-744x1024.jpg\" alt=\"\" class=\"wp-image-118\" srcset=\"https:\/\/blogs.sindominio.net\/fcab\/files\/2019\/05\/cartell-edicio-VIII-744x1024.jpg 744w, https:\/\/blogs.sindominio.net\/fcab\/files\/2019\/05\/cartell-edicio-VIII-218x300.jpg 218w, https:\/\/blogs.sindominio.net\/fcab\/files\/2019\/05\/cartell-edicio-VIII-768x1057.jpg 768w, https:\/\/blogs.sindominio.net\/fcab\/files\/2019\/05\/cartell-edicio-VIII.jpg 785w\" sizes=\"auto, (max-width: 744px) 100vw, 744px\" \/><\/figure>\n\n\n\n<ul class=\"wp-block-list\"><li><\/li><li>VII edici\u00f3 del FCAB<\/li><\/ul>\n\n\n\n<figure class=\"wp-block-image\"><img loading=\"lazy\" decoding=\"async\" width=\"640\" height=\"905\" src=\"https:\/\/blogs.sindominio.net\/fcab\/files\/2019\/04\/c9p-qitxgaacdha.jpg\" alt=\"\" class=\"wp-image-61\" srcset=\"https:\/\/blogs.sindominio.net\/fcab\/files\/2019\/04\/c9p-qitxgaacdha.jpg 640w, https:\/\/blogs.sindominio.net\/fcab\/files\/2019\/04\/c9p-qitxgaacdha-212x300.jpg 212w\" sizes=\"auto, (max-width: 640px) 100vw, 640px\" \/><\/figure>\n\n\n\n<p><\/p>\n\n\n\n<ul class=\"wp-block-list\"><li>VI edici\u00f3 del FCAB<\/li><\/ul>\n\n\n\n<figure class=\"wp-block-image\"><img loading=\"lazy\" decoding=\"async\" width=\"441\" height=\"960\" src=\"https:\/\/blogs.sindominio.net\/fcab\/files\/2019\/04\/cartellcine.jpg\" alt=\"\" class=\"wp-image-58\" srcset=\"https:\/\/blogs.sindominio.net\/fcab\/files\/2019\/04\/cartellcine.jpg 441w, https:\/\/blogs.sindominio.net\/fcab\/files\/2019\/04\/cartellcine-138x300.jpg 138w\" sizes=\"auto, (max-width: 441px) 100vw, 441px\" \/><\/figure>\n\n\n\n<p><\/p>\n\n\n\n<ul class=\"wp-block-list\"><li>V edici\u00f3 del FCAB<\/li><\/ul>\n\n\n\n<figure class=\"wp-block-image\"><img loading=\"lazy\" decoding=\"async\" width=\"502\" height=\"1024\" src=\"https:\/\/blogs.sindominio.net\/fcab\/files\/2019\/04\/fcab15web-sang-502x1024-502x1024.jpg\" alt=\"\" class=\"wp-image-60\" srcset=\"https:\/\/blogs.sindominio.net\/fcab\/files\/2019\/04\/fcab15web-sang-502x1024.jpg 502w, https:\/\/blogs.sindominio.net\/fcab\/files\/2019\/04\/fcab15web-sang-502x1024-147x300.jpg 147w\" sizes=\"auto, (max-width: 502px) 100vw, 502px\" \/><\/figure>\n\n\n\n<p><\/p>\n\n\n\n<ul class=\"wp-block-list\"><li>IV edici\u00f3 del FCAB<\/li><\/ul>\n\n\n\n<figure class=\"wp-block-image\"><img loading=\"lazy\" decoding=\"async\" width=\"724\" height=\"1024\" src=\"https:\/\/blogs.sindominio.net\/fcab\/files\/2019\/04\/1_fcab14web-724x1024.jpg\" alt=\"\" class=\"wp-image-64\" srcset=\"https:\/\/blogs.sindominio.net\/fcab\/files\/2019\/04\/1_fcab14web-724x1024.jpg 724w, https:\/\/blogs.sindominio.net\/fcab\/files\/2019\/04\/1_fcab14web-212x300.jpg 212w, https:\/\/blogs.sindominio.net\/fcab\/files\/2019\/04\/1_fcab14web-768x1086.jpg 768w, https:\/\/blogs.sindominio.net\/fcab\/files\/2019\/04\/1_fcab14web.jpg 842w\" sizes=\"auto, (max-width: 724px) 100vw, 724px\" \/><\/figure>\n\n\n\n<p><\/p>\n\n\n\n<ul class=\"wp-block-list\"><li>III edici\u00f3 del FCAB<\/li><\/ul>\n\n\n\n<figure class=\"wp-block-image\"><img loading=\"lazy\" decoding=\"async\" width=\"300\" height=\"424\" src=\"https:\/\/blogs.sindominio.net\/fcab\/files\/2019\/04\/cartelweb13.jpg\" alt=\"\" class=\"wp-image-62\" srcset=\"https:\/\/blogs.sindominio.net\/fcab\/files\/2019\/04\/cartelweb13.jpg 300w, https:\/\/blogs.sindominio.net\/fcab\/files\/2019\/04\/cartelweb13-212x300.jpg 212w\" sizes=\"auto, (max-width: 300px) 100vw, 300px\" \/><\/figure>\n\n\n\n<p><\/p>\n\n\n\n<ul class=\"wp-block-list\"><li>II edici\u00f3 del FCAB<\/li><li>I edici\u00f3 del FCAB<\/li><\/ul>\n\n\n\n<figure class=\"wp-block-image\"><img loading=\"lazy\" decoding=\"async\" width=\"381\" height=\"549\" src=\"https:\/\/blogs.sindominio.net\/fcab\/files\/2019\/04\/87_fcabcarrer.png\" alt=\"\" class=\"wp-image-59\" srcset=\"https:\/\/blogs.sindominio.net\/fcab\/files\/2019\/04\/87_fcabcarrer.png 381w, https:\/\/blogs.sindominio.net\/fcab\/files\/2019\/04\/87_fcabcarrer-208x300.png 208w\" sizes=\"auto, (max-width: 381px) 100vw, 381px\" \/><\/figure>\n\n\n\n<p><\/p>\n","protected":false},"excerpt":{"rendered":"<p>VIII edici\u00f3 del FCAB VII edici\u00f3 del FCAB VI edici\u00f3 del FCAB V edici\u00f3 del FCAB IV edici\u00f3 del FCAB III edici\u00f3 del FCAB II edici\u00f3 del FCAB I edici\u00f3 del FCAB<\/p>\n","protected":false},"author":170,"featured_media":0,"parent":0,"menu_order":0,"comment_status":"closed","ping_status":"closed","template":"","meta":{"footnotes":""},"class_list":["post-9","page","type-page","status-publish","czr-hentry"],"_links":{"self":[{"href":"https:\/\/blogs.sindominio.net\/fcab\/wp-json\/wp\/v2\/pages\/9","targetHints":{"allow":["GET"]}}],"collection":[{"href":"https:\/\/blogs.sindominio.net\/fcab\/wp-json\/wp\/v2\/pages"}],"about":[{"href":"https:\/\/blogs.sindominio.net\/fcab\/wp-json\/wp\/v2\/types\/page"}],"author":[{"embeddable":true,"href":"https:\/\/blogs.sindominio.net\/fcab\/wp-json\/wp\/v2\/users\/170"}],"replies":[{"embeddable":true,"href":"https:\/\/blogs.sindominio.net\/fcab\/wp-json\/wp\/v2\/comments?post=9"}],"version-history":[{"count":5,"href":"https:\/\/blogs.sindominio.net\/fcab\/wp-json\/wp\/v2\/pages\/9\/revisions"}],"predecessor-version":[{"id":231,"href":"https:\/\/blogs.sindominio.net\/fcab\/wp-json\/wp\/v2\/pages\/9\/revisions\/231"}],"wp:attachment":[{"href":"https:\/\/blogs.sindominio.net\/fcab\/wp-json\/wp\/v2\/media?parent=9"}],"curies":[{"name":"wp","href":"https:\/\/api.w.org\/{rel}","templated":true}]}}