{"id":110,"date":"2026-05-01T23:13:22","date_gmt":"2026-05-01T21:13:22","guid":{"rendered":"https:\/\/blogs.sindominio.net\/defensemblokesfantasma\/amb-blokes-no-podreu-totes-som-fantasmes-espanol\/"},"modified":"2026-05-07T10:15:17","modified_gmt":"2026-05-07T08:15:17","slug":"amb-blokes-no-podreu-totes-som-fantasmes-espanol","status":"publish","type":"page","link":"https:\/\/blogs.sindominio.net\/defensemblokesfantasma\/es\/amb-blokes-no-podreu-totes-som-fantasmes-espanol\/","title":{"rendered":"Amb Blokes no podreu, totes som fantasmes! &#8211; Espa\u00f1ol"},"content":{"rendered":"<ul style=\"font-size:25px;\" class=\"wp-block-latest-posts__list has-dates has-link-color wp-elements-101c4e6367916eb49023ce9f70803f52 wp-block-latest-posts has-text-color has-white-color has-background has-black-background-color\"><li><div class=\"wp-block-latest-posts__featured-image aligncenter\"><a href=\"https:\/\/blogs.sindominio.net\/defensemblokesfantasma\/es\/la-propiedad-privada-no-existe-las-fantasmas-si\/\" aria-label=\"La propiedad privada no existe, las fantasmas si!\"><img loading=\"lazy\" decoding=\"async\" width=\"212\" height=\"300\" src=\"https:\/\/blogs.sindominio.net\/defensemblokesfantasma\/files\/2026\/03\/esboc_4PPNe-212x300.png\" class=\"attachment-medium size-medium no-lazy wp-post-image\" alt=\"\" style=\"\" srcset=\"https:\/\/blogs.sindominio.net\/defensemblokesfantasma\/files\/2026\/03\/esboc_4PPNe-212x300.png 212w, https:\/\/blogs.sindominio.net\/defensemblokesfantasma\/files\/2026\/03\/esboc_4PPNe-724x1024.png 724w, https:\/\/blogs.sindominio.net\/defensemblokesfantasma\/files\/2026\/03\/esboc_4PPNe-768x1086.png 768w, https:\/\/blogs.sindominio.net\/defensemblokesfantasma\/files\/2026\/03\/esboc_4PPNe-1086x1536.png 1086w, https:\/\/blogs.sindominio.net\/defensemblokesfantasma\/files\/2026\/03\/esboc_4PPNe-1448x2048.png 1448w, https:\/\/blogs.sindominio.net\/defensemblokesfantasma\/files\/2026\/03\/esboc_4PPNe-scaled.png 1810w\" sizes=\"auto, (max-width: 212px) 100vw, 212px\" \/><\/a><\/div><a class=\"wp-block-latest-posts__post-title\" href=\"https:\/\/blogs.sindominio.net\/defensemblokesfantasma\/es\/la-propiedad-privada-no-existe-las-fantasmas-si\/\">La propiedad privada no existe, las fantasmas si!<\/a><time datetime=\"2026-05-05T23:02:05+02:00\" class=\"wp-block-latest-posts__post-date\">5 de mayo de 2026<\/time><div class=\"wp-block-latest-posts__post-excerpt\">El acceso a la&nbsp; vivienda se ha convertido en las \u00faltimas d\u00e9cadas en uno de los mayores problemas para las personas que vivimos en el Estado espa\u00f1ol. Una din\u00e1mica que se ha ido agravando desde la crisis del a\u00f1o 2008 y el estallido de la burbuja inmobiliaria, que lejos de servir de lecci\u00f3n para la mayor\u00eda, se ha convertido en un inc\u00f3modo recuerdo que es mejor esconder detr\u00e1s de un tupido velo. Sin embargo, actualmente, momento en el que los precios de la vivienda en propiedad ya han superado los precios previos al estallido de la burbuja, y los precios&#8230; <a class=\"wp-block-latest-posts__read-more\" href=\"https:\/\/blogs.sindominio.net\/defensemblokesfantasma\/es\/la-propiedad-privada-no-existe-las-fantasmas-si\/\" rel=\"noopener noreferrer\">Lee m\u00e1s<span class=\"screen-reader-text\">: La propiedad privada no existe, las fantasmas si!<\/span><\/a><\/div><\/li>\n<\/ul>\n\n\n<div class=\"wp-block-group is-style-section-1 is-content-justification-center\" style=\"border-top-left-radius:0px;border-top-right-radius:0px;border-bottom-left-radius:0px;border-bottom-right-radius:0px;margin-top:var(--wp--preset--spacing--30);margin-bottom:var(--wp--preset--spacing--30);padding-top:var(--wp--preset--spacing--40);padding-right:var(--wp--preset--spacing--20);padding-bottom:var(--wp--preset--spacing--40);padding-left:var(--wp--preset--spacing--20)\"><div class=\"wp-block-group__inner-container is-layout-constrained wp-container-core-group-is-layout-9da3f52f wp-block-group-is-layout-constrained\">\n<div class=\"wp-block-columns is-layout-flex wp-container-core-columns-is-layout-9d6595d7 wp-block-columns-is-layout-flex\">\n<div class=\"wp-block-column is-style-section-4 is-layout-flow wp-block-column-is-layout-flow\" style=\"border-width:9px;padding-top:var(--wp--preset--spacing--20);padding-right:var(--wp--preset--spacing--30);padding-bottom:var(--wp--preset--spacing--20);padding-left:var(--wp--preset--spacing--30);flex-basis:50%\"><div class=\"wp-block-image\">\n<figure class=\"aligncenter size-large is-resized\"><a href=\"https:\/\/blogs.sindominio.net\/defensemblokesfantasma\/category\/campanyes\/\"><img loading=\"lazy\" decoding=\"async\" width=\"731\" height=\"1024\" src=\"https:\/\/blogs.sindominio.net\/defensemblokesfantasma\/files\/2026\/03\/cuqui_fantasma-731x1024.png\" alt=\"\" class=\"wp-image-33\" style=\"aspect-ratio:0.7138684725743814;width:203px;height:auto\" srcset=\"https:\/\/blogs.sindominio.net\/defensemblokesfantasma\/files\/2026\/03\/cuqui_fantasma-731x1024.png 731w, https:\/\/blogs.sindominio.net\/defensemblokesfantasma\/files\/2026\/03\/cuqui_fantasma-214x300.png 214w, https:\/\/blogs.sindominio.net\/defensemblokesfantasma\/files\/2026\/03\/cuqui_fantasma-768x1076.png 768w, https:\/\/blogs.sindominio.net\/defensemblokesfantasma\/files\/2026\/03\/cuqui_fantasma-1097x1536.png 1097w, https:\/\/blogs.sindominio.net\/defensemblokesfantasma\/files\/2026\/03\/cuqui_fantasma.png 1181w\" sizes=\"auto, (max-width: 731px) 100vw, 731px\" \/><\/a><\/figure>\n<\/div>\n\n\n<p class=\"has-x-large-font-size\"><a href=\"https:\/\/blogs.sindominio.net\/defensemblokesfantasma\/es\/category\/campanas\/\" data-type=\"category\" data-id=\"30\">Campa\u00f1as<\/a><\/p>\n\n\n\n<p><a href=\"https:\/\/blogs.sindominio.net\/defensemblokesfantasma\/es\/category\/campanas\/\" data-type=\"category\" data-id=\"30\">Recopilaci\u00f3n de nuestras campa\u00f1as<\/a><\/p>\n<\/div>\n\n\n\n<div class=\"wp-block-column is-style-section-4 is-layout-constrained wp-container-core-column-is-layout-84dc1d08 wp-block-column-is-layout-constrained\" style=\"border-width:9px;padding-top:var(--wp--preset--spacing--20);padding-right:var(--wp--preset--spacing--30);padding-bottom:var(--wp--preset--spacing--20);padding-left:var(--wp--preset--spacing--30);flex-basis:50%\"><div class=\"wp-block-image\">\n<figure class=\"aligncenter size-large is-resized\"><a href=\"https:\/\/blogs.sindominio.net\/defensemblokesfantasma\/es\/category\/media-es\/\"><img loading=\"lazy\" decoding=\"async\" width=\"722\" height=\"1024\" src=\"https:\/\/blogs.sindominio.net\/defensemblokesfantasma\/files\/2026\/05\/cuqui_fantasma2-722x1024.png\" alt=\"\" class=\"wp-image-215\" style=\"aspect-ratio:0.7138684725743814;width:206px;height:auto\" srcset=\"https:\/\/blogs.sindominio.net\/defensemblokesfantasma\/files\/2026\/05\/cuqui_fantasma2-722x1024.png 722w, https:\/\/blogs.sindominio.net\/defensemblokesfantasma\/files\/2026\/05\/cuqui_fantasma2-211x300.png 211w, https:\/\/blogs.sindominio.net\/defensemblokesfantasma\/files\/2026\/05\/cuqui_fantasma2-768x1090.png 768w, https:\/\/blogs.sindominio.net\/defensemblokesfantasma\/files\/2026\/05\/cuqui_fantasma2-1083x1536.png 1083w, https:\/\/blogs.sindominio.net\/defensemblokesfantasma\/files\/2026\/05\/cuqui_fantasma2-1444x2048.png 1444w, https:\/\/blogs.sindominio.net\/defensemblokesfantasma\/files\/2026\/05\/cuqui_fantasma2.png 1748w\" sizes=\"auto, (max-width: 722px) 100vw, 722px\" \/><\/a><\/figure>\n<\/div>\n\n\n<p class=\"has-x-large-font-size\"><a href=\"https:\/\/blogs.sindominio.net\/defensemblokesfantasma\/es\/category\/media-es\/\" data-type=\"category\" data-id=\"26\">Media<\/a><\/p>\n\n\n\n<p><a href=\"https:\/\/blogs.sindominio.net\/defensemblokesfantasma\/category\/media\/\" data-type=\"category\" data-id=\"6\">Posters, laminas y material de difusi\u00f3n<\/a><\/p>\n<\/div>\n<\/div>\n<\/div><\/div>\n\n\n\n<figure class=\"wp-block-embed is-type-video is-provider-youtube wp-block-embed-youtube wp-embed-aspect-16-9 wp-has-aspect-ratio\"><div class=\"wp-block-embed__wrapper\">\n<iframe loading=\"lazy\" title=\"Defensem els Blokes Fantasma\" width=\"1140\" height=\"641\" src=\"https:\/\/www.youtube.com\/embed\/09k8Nuod6R0?start=17&#038;feature=oembed\" frameborder=\"0\" allow=\"accelerometer; autoplay; clipboard-write; encrypted-media; gyroscope; picture-in-picture; web-share\" referrerpolicy=\"strict-origin-when-cross-origin\" allowfullscreen><\/iframe>\n<\/div><\/figure>\n\n\n\n<p>V\u00eddeo de inicio de campa\u00f1a<\/p>\n\n\n\n<div class=\"wp-block-columns is-layout-flex wp-container-core-columns-is-layout-9d6595d7 wp-block-columns-is-layout-flex\">\n<div class=\"wp-block-column is-layout-flow wp-block-column-is-layout-flow\">\n<figure class=\"wp-block-image size-medium is-resized\"><a href=\"https:\/\/diykontraatak.org\/index.php?id_category=26&amp;controller=category\"><img loading=\"lazy\" decoding=\"async\" width=\"300\" height=\"300\" src=\"https:\/\/blogs.sindominio.net\/defensemblokesfantasma\/files\/2026\/05\/diykontraatak-300x300.jpg\" alt=\"\" class=\"wp-image-346\" style=\"width:382px;height:auto\" srcset=\"https:\/\/blogs.sindominio.net\/defensemblokesfantasma\/files\/2026\/05\/diykontraatak-300x300.jpg 300w, https:\/\/blogs.sindominio.net\/defensemblokesfantasma\/files\/2026\/05\/diykontraatak-150x150.jpg 150w, https:\/\/blogs.sindominio.net\/defensemblokesfantasma\/files\/2026\/05\/diykontraatak-768x768.jpg 768w, https:\/\/blogs.sindominio.net\/defensemblokesfantasma\/files\/2026\/05\/diykontraatak-510x510.jpg 510w, https:\/\/blogs.sindominio.net\/defensemblokesfantasma\/files\/2026\/05\/diykontraatak.jpg 794w\" sizes=\"auto, (max-width: 300px) 100vw, 300px\" \/><\/a><\/figure>\n\n\n\n<p class=\"has-text-align-center has-medium-font-size\"><strong><a href=\"https:\/\/diykontraatak.org\/index.php?id_category=26&amp;controller=category\">Consigue el material solidario aqu\u00ed!<\/a><\/strong><\/p>\n<\/div>\n\n\n\n<div class=\"wp-block-column is-layout-flow wp-block-column-is-layout-flow\"><div class=\"wp-block-image\">\n<figure class=\"aligncenter size-large is-resized\"><a href=\"https:\/\/blogs.sindominio.net\/defensemblokesfantasma\/es\/material-de-difusion\/\"><img loading=\"lazy\" decoding=\"async\" width=\"724\" height=\"1024\" src=\"https:\/\/blogs.sindominio.net\/defensemblokesfantasma\/files\/2026\/05\/provpriv_publicar_internet-724x1024.png\" alt=\"\" class=\"wp-image-256\" style=\"aspect-ratio:0.7070406410990269;width:271px;height:auto\" srcset=\"https:\/\/blogs.sindominio.net\/defensemblokesfantasma\/files\/2026\/05\/provpriv_publicar_internet-724x1024.png 724w, https:\/\/blogs.sindominio.net\/defensemblokesfantasma\/files\/2026\/05\/provpriv_publicar_internet-212x300.png 212w, https:\/\/blogs.sindominio.net\/defensemblokesfantasma\/files\/2026\/05\/provpriv_publicar_internet-768x1086.png 768w, https:\/\/blogs.sindominio.net\/defensemblokesfantasma\/files\/2026\/05\/provpriv_publicar_internet-1086x1536.png 1086w, https:\/\/blogs.sindominio.net\/defensemblokesfantasma\/files\/2026\/05\/provpriv_publicar_internet-1448x2048.png 1448w, https:\/\/blogs.sindominio.net\/defensemblokesfantasma\/files\/2026\/05\/provpriv_publicar_internet-scaled.png 1810w\" sizes=\"auto, (max-width: 724px) 100vw, 724px\" \/><\/a><\/figure>\n<\/div>\n\n\n<p class=\"has-text-align-center has-medium-font-size\"><strong><a href=\"https:\/\/blogs.sindominio.net\/defensemblokesfantasma\/es\/material-de-difusion\/\" data-type=\"post\" data-id=\"226\">Descarga aqu\u00ed el material de difusi\u00f3n!<\/a><\/strong><\/p>\n<\/div>\n<\/div>\n\n\n\n<p><\/p>\n","protected":false},"excerpt":{"rendered":"<p>Campa\u00f1as Recopilaci\u00f3n de nuestras campa\u00f1as Media Posters, laminas y material de difusi\u00f3n V\u00eddeo de inicio de campa\u00f1a Consigue el material solidario aqu\u00ed! Descarga aqu\u00ed el material de difusi\u00f3n!<\/p>\n","protected":false},"author":278,"featured_media":0,"parent":0,"menu_order":0,"comment_status":"closed","ping_status":"closed","template":"","meta":{"footnotes":""},"class_list":["post-110","page","type-page","status-publish","czr-hentry"],"_links":{"self":[{"href":"https:\/\/blogs.sindominio.net\/defensemblokesfantasma\/wp-json\/wp\/v2\/pages\/110","targetHints":{"allow":["GET"]}}],"collection":[{"href":"https:\/\/blogs.sindominio.net\/defensemblokesfantasma\/wp-json\/wp\/v2\/pages"}],"about":[{"href":"https:\/\/blogs.sindominio.net\/defensemblokesfantasma\/wp-json\/wp\/v2\/types\/page"}],"author":[{"embeddable":true,"href":"https:\/\/blogs.sindominio.net\/defensemblokesfantasma\/wp-json\/wp\/v2\/users\/278"}],"replies":[{"embeddable":true,"href":"https:\/\/blogs.sindominio.net\/defensemblokesfantasma\/wp-json\/wp\/v2\/comments?post=110"}],"version-history":[{"count":23,"href":"https:\/\/blogs.sindominio.net\/defensemblokesfantasma\/wp-json\/wp\/v2\/pages\/110\/revisions"}],"predecessor-version":[{"id":402,"href":"https:\/\/blogs.sindominio.net\/defensemblokesfantasma\/wp-json\/wp\/v2\/pages\/110\/revisions\/402"}],"wp:attachment":[{"href":"https:\/\/blogs.sindominio.net\/defensemblokesfantasma\/wp-json\/wp\/v2\/media?parent=110"}],"curies":[{"name":"wp","href":"https:\/\/api.w.org\/{rel}","templated":true}]}}