{"id":10,"date":"2026-03-11T22:31:35","date_gmt":"2026-03-11T21:31:35","guid":{"rendered":"https:\/\/blogs.sindominio.net\/defensemblokesfantasma\/?page_id=10"},"modified":"2026-05-07T10:13:33","modified_gmt":"2026-05-07T08:13:33","slug":"amb-blokes-no-podran-totes-som-fantasmes","status":"publish","type":"page","link":"https:\/\/blogs.sindominio.net\/defensemblokesfantasma\/","title":{"rendered":"Amb Blokes no podreu, totes som fantasmes!"},"content":{"rendered":"<ul style=\"font-size:25px;\" class=\"wp-block-latest-posts__list has-dates has-link-color wp-elements-f14f926f0bb0549ac32efa246426979a wp-block-latest-posts has-text-color has-white-color has-background has-black-background-color\"><li><div class=\"wp-block-latest-posts__featured-image aligncenter\"><a href=\"https:\/\/blogs.sindominio.net\/defensemblokesfantasma\/la-propietat-privada-no-existeix-les-fantasmes-si\/\" aria-label=\"La propietat privada no existeix, les fantasmes s\u00ed!\"><img loading=\"lazy\" decoding=\"async\" width=\"212\" height=\"300\" src=\"https:\/\/blogs.sindominio.net\/defensemblokesfantasma\/files\/2026\/03\/esboc_4PPNe-212x300.png\" class=\"attachment-medium size-medium no-lazy wp-post-image\" alt=\"\" style=\"max-width:455px;max-height:500px;\" srcset=\"https:\/\/blogs.sindominio.net\/defensemblokesfantasma\/files\/2026\/03\/esboc_4PPNe-212x300.png 212w, https:\/\/blogs.sindominio.net\/defensemblokesfantasma\/files\/2026\/03\/esboc_4PPNe-724x1024.png 724w, https:\/\/blogs.sindominio.net\/defensemblokesfantasma\/files\/2026\/03\/esboc_4PPNe-768x1086.png 768w, https:\/\/blogs.sindominio.net\/defensemblokesfantasma\/files\/2026\/03\/esboc_4PPNe-1086x1536.png 1086w, https:\/\/blogs.sindominio.net\/defensemblokesfantasma\/files\/2026\/03\/esboc_4PPNe-1448x2048.png 1448w, https:\/\/blogs.sindominio.net\/defensemblokesfantasma\/files\/2026\/03\/esboc_4PPNe-scaled.png 1810w\" sizes=\"auto, (max-width: 212px) 100vw, 212px\" \/><\/a><\/div><a class=\"wp-block-latest-posts__post-title\" href=\"https:\/\/blogs.sindominio.net\/defensemblokesfantasma\/la-propietat-privada-no-existeix-les-fantasmes-si\/\">La propietat privada no existeix, les fantasmes s\u00ed!<\/a><time datetime=\"2026-05-01T17:14:45+02:00\" class=\"wp-block-latest-posts__post-date\">1 de mayo de 2026<\/time><div class=\"wp-block-latest-posts__post-excerpt\">L&#8217;acc\u00e9s a l&#8217;habitatge s&#8217;ha convertit, en les \u00faltimes d\u00e8cades, en un dels problemes m\u00e9s greus per a les persones que vivim a l&#8217;Estat espanyol. Una din\u00e0mica que s&#8217;ha anat agreujant des de la crisi de l&#8217;any 2008 i l&#8217;esclat de la bombolla immobili\u00e0ria, que lluny de servir de lli\u00e7\u00f3 per a la majoria, s&#8217;ha convertit en un inc\u00f2mode record que \u00e9s millor amagar darrere d&#8217;un esp\u00e8s vel. No obstant aix\u00f2, actualment, moment en qu\u00e8 els preus de l&#8217;habitatge en propietat ja superen els preus previs a l&#8217;esclat de la bombolla, i els preus del lloguer estan superant tots els r\u00e8cords&#8230; <a class=\"wp-block-latest-posts__read-more\" href=\"https:\/\/blogs.sindominio.net\/defensemblokesfantasma\/la-propietat-privada-no-existeix-les-fantasmes-si\/\" rel=\"noopener noreferrer\">Lee m\u00e1s<span class=\"screen-reader-text\">: La propietat privada no existeix, les fantasmes s\u00ed!<\/span><\/a><\/div><\/li>\n<\/ul>\n\n\n<div class=\"wp-block-columns is-layout-flex wp-container-core-columns-is-layout-9d6595d7 wp-block-columns-is-layout-flex\">\n<div class=\"wp-block-column is-layout-flow wp-block-column-is-layout-flow\"><\/div>\n<\/div>\n\n\n\n<div class=\"wp-block-group is-style-section-1 is-content-justification-center\" style=\"border-top-left-radius:0px;border-top-right-radius:0px;border-bottom-left-radius:0px;border-bottom-right-radius:0px;margin-top:var(--wp--preset--spacing--30);margin-bottom:var(--wp--preset--spacing--30);padding-top:var(--wp--preset--spacing--40);padding-right:var(--wp--preset--spacing--20);padding-bottom:var(--wp--preset--spacing--40);padding-left:var(--wp--preset--spacing--20)\"><div class=\"wp-block-group__inner-container is-layout-constrained wp-container-core-group-is-layout-9da3f52f wp-block-group-is-layout-constrained\">\n<div class=\"wp-block-columns is-layout-flex wp-container-core-columns-is-layout-9d6595d7 wp-block-columns-is-layout-flex\">\n<div class=\"wp-block-column is-style-section-4 is-layout-flow wp-block-column-is-layout-flow\" style=\"border-width:9px;padding-top:var(--wp--preset--spacing--20);padding-right:var(--wp--preset--spacing--30);padding-bottom:var(--wp--preset--spacing--20);padding-left:var(--wp--preset--spacing--30);flex-basis:50%\"><div class=\"wp-block-image\">\n<figure class=\"aligncenter size-large is-resized\"><a href=\"https:\/\/blogs.sindominio.net\/defensemblokesfantasma\/category\/campanyes\/\"><img loading=\"lazy\" decoding=\"async\" width=\"731\" height=\"1024\" src=\"https:\/\/blogs.sindominio.net\/defensemblokesfantasma\/files\/2026\/03\/cuqui_fantasma-731x1024.png\" alt=\"\" class=\"wp-image-33\" style=\"aspect-ratio:0.7138684725743814;width:203px;height:auto\" srcset=\"https:\/\/blogs.sindominio.net\/defensemblokesfantasma\/files\/2026\/03\/cuqui_fantasma-731x1024.png 731w, https:\/\/blogs.sindominio.net\/defensemblokesfantasma\/files\/2026\/03\/cuqui_fantasma-214x300.png 214w, https:\/\/blogs.sindominio.net\/defensemblokesfantasma\/files\/2026\/03\/cuqui_fantasma-768x1076.png 768w, https:\/\/blogs.sindominio.net\/defensemblokesfantasma\/files\/2026\/03\/cuqui_fantasma-1097x1536.png 1097w, https:\/\/blogs.sindominio.net\/defensemblokesfantasma\/files\/2026\/03\/cuqui_fantasma.png 1181w\" sizes=\"auto, (max-width: 731px) 100vw, 731px\" \/><\/a><\/figure>\n<\/div>\n\n\n<p><\/p>\n\n\n\n<p class=\"has-x-large-font-size\"><a href=\"https:\/\/blogs.sindominio.net\/defensemblokesfantasma\/category\/campanyes\/\" data-type=\"category\" data-id=\"5\">Campanyes<\/a><\/p>\n\n\n\n<p><a href=\"https:\/\/blogs.sindominio.net\/defensemblokesfantasma\/campanyes\/\" data-type=\"page\" data-id=\"22\">Recull de campanyes<\/a><\/p>\n<\/div>\n\n\n\n<div class=\"wp-block-column is-style-section-4 is-layout-constrained wp-container-core-column-is-layout-84dc1d08 wp-block-column-is-layout-constrained\" style=\"border-width:9px;padding-top:var(--wp--preset--spacing--20);padding-right:var(--wp--preset--spacing--30);padding-bottom:var(--wp--preset--spacing--20);padding-left:var(--wp--preset--spacing--30);flex-basis:50%\"><div class=\"wp-block-image\">\n<figure class=\"aligncenter size-large is-resized\"><a href=\"https:\/\/blogs.sindominio.net\/defensemblokesfantasma\/category\/media\/\"><img loading=\"lazy\" decoding=\"async\" width=\"722\" height=\"1024\" src=\"https:\/\/blogs.sindominio.net\/defensemblokesfantasma\/files\/2026\/05\/cuqui_fantasma2-722x1024.png\" alt=\"\" class=\"wp-image-211\" style=\"aspect-ratio:0.7138684725743814;width:227px;height:auto\" srcset=\"https:\/\/blogs.sindominio.net\/defensemblokesfantasma\/files\/2026\/05\/cuqui_fantasma2-722x1024.png 722w, https:\/\/blogs.sindominio.net\/defensemblokesfantasma\/files\/2026\/05\/cuqui_fantasma2-211x300.png 211w, https:\/\/blogs.sindominio.net\/defensemblokesfantasma\/files\/2026\/05\/cuqui_fantasma2-768x1090.png 768w, https:\/\/blogs.sindominio.net\/defensemblokesfantasma\/files\/2026\/05\/cuqui_fantasma2-1083x1536.png 1083w, https:\/\/blogs.sindominio.net\/defensemblokesfantasma\/files\/2026\/05\/cuqui_fantasma2-1444x2048.png 1444w, https:\/\/blogs.sindominio.net\/defensemblokesfantasma\/files\/2026\/05\/cuqui_fantasma2.png 1748w\" sizes=\"auto, (max-width: 722px) 100vw, 722px\" \/><\/a><\/figure>\n<\/div>\n\n\n<p class=\"has-x-large-font-size\"><a href=\"https:\/\/blogs.sindominio.net\/defensemblokesfantasma\/category\/media\/\" data-type=\"category\" data-id=\"6\">Media<\/a><\/p>\n\n\n\n<p><a href=\"https:\/\/blogs.sindominio.net\/defensemblokesfantasma\/category\/media\/\" data-type=\"category\" data-id=\"6\">P\u00f2sters, l\u00e0mines i materials de difusi\u00f3<\/a><\/p>\n<\/div>\n<\/div>\n<\/div><\/div>\n\n\n\n<figure class=\"wp-block-embed aligncenter is-type-video is-provider-youtube wp-block-embed-youtube wp-embed-aspect-16-9 wp-has-aspect-ratio\"><div class=\"wp-block-embed__wrapper\">\n<iframe loading=\"lazy\" title=\"Defensem els Blokes Fantasma\" width=\"1140\" height=\"641\" src=\"https:\/\/www.youtube.com\/embed\/09k8Nuod6R0?start=1&#038;feature=oembed\" frameborder=\"0\" allow=\"accelerometer; autoplay; clipboard-write; encrypted-media; gyroscope; picture-in-picture; web-share\" referrerpolicy=\"strict-origin-when-cross-origin\" allowfullscreen><\/iframe>\n<\/div><figcaption class=\"wp-element-caption\">Video d&#8217;inici de campanya<\/figcaption><\/figure>\n\n\n\n<div class=\"wp-block-columns is-layout-flex wp-container-core-columns-is-layout-9d6595d7 wp-block-columns-is-layout-flex\">\n<div class=\"wp-block-column is-layout-flow wp-block-column-is-layout-flow\">\n<figure class=\"wp-block-image size-medium is-resized\"><a href=\"https:\/\/diykontraatak.org\/index.php?id_category=26&amp;controller=category\"><img loading=\"lazy\" decoding=\"async\" width=\"300\" height=\"300\" src=\"https:\/\/blogs.sindominio.net\/defensemblokesfantasma\/files\/2026\/05\/diykontraatak-300x300.jpg\" alt=\"\" class=\"wp-image-346\" style=\"width:381px;height:auto\" srcset=\"https:\/\/blogs.sindominio.net\/defensemblokesfantasma\/files\/2026\/05\/diykontraatak-300x300.jpg 300w, https:\/\/blogs.sindominio.net\/defensemblokesfantasma\/files\/2026\/05\/diykontraatak-150x150.jpg 150w, https:\/\/blogs.sindominio.net\/defensemblokesfantasma\/files\/2026\/05\/diykontraatak-768x768.jpg 768w, https:\/\/blogs.sindominio.net\/defensemblokesfantasma\/files\/2026\/05\/diykontraatak-510x510.jpg 510w, https:\/\/blogs.sindominio.net\/defensemblokesfantasma\/files\/2026\/05\/diykontraatak.jpg 794w\" sizes=\"auto, (max-width: 300px) 100vw, 300px\" \/><\/a><\/figure>\n\n\n\n<p class=\"has-text-align-center has-medium-font-size\"><strong><a href=\"https:\/\/diykontraatak.org\/index.php?id_category=26&amp;controller=category\">Aconsegueix aqu\u00ed les l\u00e0mines solid\u00e0ries<\/a><\/strong>!<\/p>\n<\/div>\n\n\n\n<div class=\"wp-block-column is-layout-flow wp-block-column-is-layout-flow\"><div class=\"wp-block-image\">\n<figure class=\"aligncenter size-medium is-resized\"><a href=\"https:\/\/blogs.sindominio.net\/defensemblokesfantasma\/posters-solidaris\/\"><img loading=\"lazy\" decoding=\"async\" width=\"212\" height=\"300\" src=\"https:\/\/blogs.sindominio.net\/defensemblokesfantasma\/files\/2026\/05\/provpriv_publicar_internet-212x300.png\" alt=\"\" class=\"wp-image-256\" style=\"aspect-ratio:0.7070406410990269;width:271px;height:auto\" srcset=\"https:\/\/blogs.sindominio.net\/defensemblokesfantasma\/files\/2026\/05\/provpriv_publicar_internet-212x300.png 212w, https:\/\/blogs.sindominio.net\/defensemblokesfantasma\/files\/2026\/05\/provpriv_publicar_internet-724x1024.png 724w, https:\/\/blogs.sindominio.net\/defensemblokesfantasma\/files\/2026\/05\/provpriv_publicar_internet-768x1086.png 768w, https:\/\/blogs.sindominio.net\/defensemblokesfantasma\/files\/2026\/05\/provpriv_publicar_internet-1086x1536.png 1086w, https:\/\/blogs.sindominio.net\/defensemblokesfantasma\/files\/2026\/05\/provpriv_publicar_internet-1448x2048.png 1448w, https:\/\/blogs.sindominio.net\/defensemblokesfantasma\/files\/2026\/05\/provpriv_publicar_internet-scaled.png 1810w\" sizes=\"auto, (max-width: 212px) 100vw, 212px\" \/><\/a><\/figure>\n<\/div>\n\n\n<p class=\"has-text-align-center has-medium-font-size\"><strong><a href=\"https:\/\/blogs.sindominio.net\/defensemblokesfantasma\/posters-solidaris\/\" data-type=\"post\" data-id=\"80\">Descarrega aqu\u00ed el material de difusi\u00f3!<\/a><\/strong><\/p>\n<\/div>\n<\/div>\n","protected":false},"excerpt":{"rendered":"<p>Campanyes Recull de campanyes Media P\u00f2sters, l\u00e0mines i materials de difusi\u00f3 Aconsegueix aqu\u00ed les l\u00e0mines solid\u00e0ries! Descarrega aqu\u00ed el material de difusi\u00f3!<\/p>\n","protected":false},"author":278,"featured_media":62,"parent":0,"menu_order":0,"comment_status":"closed","ping_status":"closed","template":"","meta":{"footnotes":""},"class_list":["post-10","page","type-page","status-publish","has-post-thumbnail","czr-hentry"],"_links":{"self":[{"href":"https:\/\/blogs.sindominio.net\/defensemblokesfantasma\/wp-json\/wp\/v2\/pages\/10","targetHints":{"allow":["GET"]}}],"collection":[{"href":"https:\/\/blogs.sindominio.net\/defensemblokesfantasma\/wp-json\/wp\/v2\/pages"}],"about":[{"href":"https:\/\/blogs.sindominio.net\/defensemblokesfantasma\/wp-json\/wp\/v2\/types\/page"}],"author":[{"embeddable":true,"href":"https:\/\/blogs.sindominio.net\/defensemblokesfantasma\/wp-json\/wp\/v2\/users\/278"}],"replies":[{"embeddable":true,"href":"https:\/\/blogs.sindominio.net\/defensemblokesfantasma\/wp-json\/wp\/v2\/comments?post=10"}],"version-history":[{"count":37,"href":"https:\/\/blogs.sindominio.net\/defensemblokesfantasma\/wp-json\/wp\/v2\/pages\/10\/revisions"}],"predecessor-version":[{"id":400,"href":"https:\/\/blogs.sindominio.net\/defensemblokesfantasma\/wp-json\/wp\/v2\/pages\/10\/revisions\/400"}],"wp:featuredmedia":[{"embeddable":true,"href":"https:\/\/blogs.sindominio.net\/defensemblokesfantasma\/wp-json\/wp\/v2\/media\/62"}],"wp:attachment":[{"href":"https:\/\/blogs.sindominio.net\/defensemblokesfantasma\/wp-json\/wp\/v2\/media?parent=10"}],"curies":[{"name":"wp","href":"https:\/\/api.w.org\/{rel}","templated":true}]}}