{"id":955,"date":"2025-03-08T19:05:53","date_gmt":"2025-03-08T18:05:53","guid":{"rendered":"https:\/\/blogs.sindominio.net\/comite-sagrera-stap\/?page_id=955"},"modified":"2025-03-08T19:42:20","modified_gmt":"2025-03-08T18:42:20","slug":"si-a-lavortament-a-sant-pau","status":"publish","type":"page","link":"https:\/\/blogs.sindominio.net\/comite-sagrera-stap\/si-a-lavortament-a-sant-pau\/","title":{"rendered":"SI a l\u2019avortament a Sant Pau"},"content":{"rendered":"\n<p>\ud83d\udfe3\ud83d\udfe2Avui 8M, dia de les dones treballadores, els col\u00b7lectius feministes de Barcelona passem a l&#8217;acci\u00f3 enfront de la prohibici\u00f3 de l&#8217;avortament per part de l\u2019Hospital de Sant Pau\u200b\u200b\u200b\u200b\u200b\u200b\u200b des del 2012.<\/p>\n\n\n\n<p>La religi\u00f3 i la moral no est\u00e0 per davant dels nostres drets #S\u00edAvortamentSantPau<\/p>\n\n\n\n<p>\u270a\ud83c\udffdMalgrat la pluja, m\u00e9s de 300 feministes han participar d&#8217;aquest boicot.&nbsp;<\/p>\n\n\n\n<p>Ho tenim clar, el coneixement del cos \u00e9s poder, decisions informades, vides lliures.<\/p>\n\n\n\n<p>\ud83d\udd25No volem tornar a l&#8217;\u00e8poca de l&#8217;avortament clandest\u00ed. Exigim avortaments lliures, segurs i gratu\u00efts.<\/p>\n\n\n\n<figure class=\"wp-block-gallery has-nested-images columns-default is-cropped wp-block-gallery-1 is-layout-flex wp-block-gallery-is-layout-flex\">\n<figure class=\"wp-block-image size-large\"><img loading=\"lazy\" decoding=\"async\" width=\"619\" height=\"414\" data-id=\"956\" src=\"https:\/\/blogs.sindominio.net\/comite-sagrera-stap\/files\/2025\/03\/IMG_1202.jpeg\" alt=\"\" class=\"wp-image-956\" srcset=\"https:\/\/blogs.sindominio.net\/comite-sagrera-stap\/files\/2025\/03\/IMG_1202.jpeg 619w, https:\/\/blogs.sindominio.net\/comite-sagrera-stap\/files\/2025\/03\/IMG_1202-300x201.jpeg 300w\" sizes=\"auto, (max-width: 619px) 100vw, 619px\" \/><\/figure>\n\n\n\n<figure class=\"wp-block-image size-large\"><img loading=\"lazy\" decoding=\"async\" width=\"828\" height=\"609\" data-id=\"958\" src=\"https:\/\/blogs.sindominio.net\/comite-sagrera-stap\/files\/2025\/03\/IMG_1201.jpeg\" alt=\"\" class=\"wp-image-958\" srcset=\"https:\/\/blogs.sindominio.net\/comite-sagrera-stap\/files\/2025\/03\/IMG_1201.jpeg 828w, https:\/\/blogs.sindominio.net\/comite-sagrera-stap\/files\/2025\/03\/IMG_1201-300x221.jpeg 300w, https:\/\/blogs.sindominio.net\/comite-sagrera-stap\/files\/2025\/03\/IMG_1201-768x565.jpeg 768w\" sizes=\"auto, (max-width: 828px) 100vw, 828px\" \/><\/figure>\n\n\n\n<figure class=\"wp-block-image size-large\"><img loading=\"lazy\" decoding=\"async\" width=\"1024\" height=\"618\" data-id=\"957\" src=\"https:\/\/blogs.sindominio.net\/comite-sagrera-stap\/files\/2025\/03\/IMG_1200-1024x618.jpeg\" alt=\"\" class=\"wp-image-957\" srcset=\"https:\/\/blogs.sindominio.net\/comite-sagrera-stap\/files\/2025\/03\/IMG_1200-1024x618.jpeg 1024w, https:\/\/blogs.sindominio.net\/comite-sagrera-stap\/files\/2025\/03\/IMG_1200-300x181.jpeg 300w, https:\/\/blogs.sindominio.net\/comite-sagrera-stap\/files\/2025\/03\/IMG_1200-768x463.jpeg 768w, https:\/\/blogs.sindominio.net\/comite-sagrera-stap\/files\/2025\/03\/IMG_1200.jpeg 1165w\" sizes=\"auto, (max-width: 1024px) 100vw, 1024px\" \/><figcaption class=\"wp-element-caption\">Screenshot<\/figcaption><\/figure>\n<\/figure>\n","protected":false},"excerpt":{"rendered":"<p>\ud83d\udfe3\ud83d\udfe2Avui 8M, dia de les dones treballadores, els col\u00b7lectius feministes de Barcelona passem a l&#8217;acci\u00f3 enfront de la prohibici\u00f3 de l&#8217;avortament per part de l\u2019Hospital de Sant Pau\u200b\u200b\u200b\u200b\u200b\u200b\u200b des del 2012. La religi\u00f3 i la moral no est\u00e0 per davant &hellip; <a href=\"https:\/\/blogs.sindominio.net\/comite-sagrera-stap\/si-a-lavortament-a-sant-pau\/\">Sigue leyendo <span class=\"meta-nav\">&rarr;<\/span><\/a><\/p>\n","protected":false},"author":247,"featured_media":963,"parent":0,"menu_order":0,"comment_status":"closed","ping_status":"closed","template":"onecolumn-page.php","meta":{"footnotes":""},"class_list":["post-955","page","type-page","status-publish","has-post-thumbnail","hentry"],"_links":{"self":[{"href":"https:\/\/blogs.sindominio.net\/comite-sagrera-stap\/wp-json\/wp\/v2\/pages\/955","targetHints":{"allow":["GET"]}}],"collection":[{"href":"https:\/\/blogs.sindominio.net\/comite-sagrera-stap\/wp-json\/wp\/v2\/pages"}],"about":[{"href":"https:\/\/blogs.sindominio.net\/comite-sagrera-stap\/wp-json\/wp\/v2\/types\/page"}],"author":[{"embeddable":true,"href":"https:\/\/blogs.sindominio.net\/comite-sagrera-stap\/wp-json\/wp\/v2\/users\/247"}],"replies":[{"embeddable":true,"href":"https:\/\/blogs.sindominio.net\/comite-sagrera-stap\/wp-json\/wp\/v2\/comments?post=955"}],"version-history":[{"count":1,"href":"https:\/\/blogs.sindominio.net\/comite-sagrera-stap\/wp-json\/wp\/v2\/pages\/955\/revisions"}],"predecessor-version":[{"id":960,"href":"https:\/\/blogs.sindominio.net\/comite-sagrera-stap\/wp-json\/wp\/v2\/pages\/955\/revisions\/960"}],"wp:featuredmedia":[{"embeddable":true,"href":"https:\/\/blogs.sindominio.net\/comite-sagrera-stap\/wp-json\/wp\/v2\/media\/963"}],"wp:attachment":[{"href":"https:\/\/blogs.sindominio.net\/comite-sagrera-stap\/wp-json\/wp\/v2\/media?parent=955"}],"curies":[{"name":"wp","href":"https:\/\/api.w.org\/{rel}","templated":true}]}}