{"id":899,"date":"2025-02-28T11:30:22","date_gmt":"2025-02-28T10:30:22","guid":{"rendered":"https:\/\/blogs.sindominio.net\/comite-sagrera-stap\/?page_id=899"},"modified":"2025-11-22T20:02:12","modified_gmt":"2025-11-22T19:02:12","slug":"les-quintes","status":"publish","type":"page","link":"https:\/\/blogs.sindominio.net\/comite-sagrera-stap\/","title":{"rendered":"LES QUINTES &#8211; COL\u00b7LECTIU FEMINISTA DE LA SAGRERA I SANT ANDREU"},"content":{"rendered":"\n<p style=\"font-size:20px\">Les Quintes, el Col\u00b7lectiu Feminista de La Sagrera i Sant Andreu neix amb la uni\u00f3 de La Crema, col\u00b7lectiu feminista de Sant Andreu i el Comit\u00e8 8M de la Sagrera Sant Andreu.<\/p>\n\n\n\n<p style=\"font-size:20px\">Ens hem unit amb la voluntat de teixir xarxa entre dones i identitats dissidents dels nostres barris, visibilitzant i lluitant contra totes les viol\u00e8ncies i opresions del sistema capitalista, colonialista, capacitista i patriarcal en el que vivim. A m\u00e9s, volem ser visibles i poder donar tot el nostre suport contra les problem\u00e0tiques que afecten directament als nostres barris, teixint xarxes i aliances amb col\u00b7lectius, entitats i ve\u00efnes.<\/p>\n\n\n\n<p style=\"font-size:20px\">El nom de Les Quintes fa refer\u00e8ncia directa a la Revolta de les Quintes de 1870, un episodi en qu\u00e8 les dones es van rebel\u00b7lar contra el reclutament for\u00e7\u00f3s de joves per a l\u2019ex\u00e8rcit espanyol.<\/p>\n\n\n\n<p style=\"font-size:20px\">Les dones van tenir un paper destacat liderant la revolta, van prendre els carrers, van construir barricades i es van enfrontar a la repressi\u00f3, mostrant una for\u00e7a col\u00b7lectiva i insubmisa.<br>L\u2019ex\u00e8rcit va intervenir amb viol\u00e8ncia, deixant un balan\u00e7 de moltes persones mortes i ferides. Aquesta revolta \u00e9s un exemple significatiu de la lluita del poble.<\/p>\n\n\n\n<p style=\"font-size:20px\">Tamb\u00e9 volem fer refer\u00e8ncia a les quintes o generacions, ja que treballem per ser un espai divers.<\/p>\n","protected":false},"excerpt":{"rendered":"<p>Les Quintes, el Col\u00b7lectiu Feminista de La Sagrera i Sant Andreu neix amb la uni\u00f3 de La Crema, col\u00b7lectiu feminista de Sant Andreu i el Comit\u00e8 8M de la Sagrera Sant Andreu. Ens hem unit amb la voluntat de teixir &hellip; <a href=\"https:\/\/blogs.sindominio.net\/comite-sagrera-stap\/\">Sigue leyendo <span class=\"meta-nav\">&rarr;<\/span><\/a><\/p>\n","protected":false},"author":247,"featured_media":0,"parent":0,"menu_order":0,"comment_status":"closed","ping_status":"closed","template":"onecolumn-page.php","meta":{"footnotes":""},"class_list":["post-899","page","type-page","status-publish","hentry"],"_links":{"self":[{"href":"https:\/\/blogs.sindominio.net\/comite-sagrera-stap\/wp-json\/wp\/v2\/pages\/899","targetHints":{"allow":["GET"]}}],"collection":[{"href":"https:\/\/blogs.sindominio.net\/comite-sagrera-stap\/wp-json\/wp\/v2\/pages"}],"about":[{"href":"https:\/\/blogs.sindominio.net\/comite-sagrera-stap\/wp-json\/wp\/v2\/types\/page"}],"author":[{"embeddable":true,"href":"https:\/\/blogs.sindominio.net\/comite-sagrera-stap\/wp-json\/wp\/v2\/users\/247"}],"replies":[{"embeddable":true,"href":"https:\/\/blogs.sindominio.net\/comite-sagrera-stap\/wp-json\/wp\/v2\/comments?post=899"}],"version-history":[{"count":8,"href":"https:\/\/blogs.sindominio.net\/comite-sagrera-stap\/wp-json\/wp\/v2\/pages\/899\/revisions"}],"predecessor-version":[{"id":977,"href":"https:\/\/blogs.sindominio.net\/comite-sagrera-stap\/wp-json\/wp\/v2\/pages\/899\/revisions\/977"}],"wp:attachment":[{"href":"https:\/\/blogs.sindominio.net\/comite-sagrera-stap\/wp-json\/wp\/v2\/media?parent=899"}],"curies":[{"name":"wp","href":"https:\/\/api.w.org\/{rel}","templated":true}]}}