{"id":885,"date":"2025-02-27T10:57:41","date_gmt":"2025-02-27T09:57:41","guid":{"rendered":"https:\/\/blogs.sindominio.net\/comite-sagrera-stap\/?page_id=885"},"modified":"2025-02-27T10:57:44","modified_gmt":"2025-02-27T09:57:44","slug":"jornada-construir-barris-i-pobles-feministes","status":"publish","type":"page","link":"https:\/\/blogs.sindominio.net\/comite-sagrera-stap\/jornada-construir-barris-i-pobles-feministes\/","title":{"rendered":"Jornada: Construir Barris i Pobles Feministes"},"content":{"rendered":"\n<p>Ahir vam celebrar el nostre primer acte com a Les Quintes, col\u00b7lectiu feminista de Sagrera \u2013 Sant Andreu. Ens vam trobar al Casal Noi Baliarda per compartir una jornada preparada amb molta il\u00b7lusi\u00f3.<br>Vam comen\u00e7ar fent una petita presentaci\u00f3 del col\u00b7lectiu, explicant una mica la hist\u00f2ria del seu naixement i perqu\u00e8 hem triat el nom de Les Quintes. Seguidament ens vam dividir en tres taules per compartir viv\u00e8ncies i projectes que existeixen als barris sobre:<\/p>\n\n\n\n<ul class=\"wp-block-list\">\n<li>Mobilitat, relacions i visibilitat<\/li>\n\n\n\n<li>Autodefensa, suport mutu i cures<\/li>\n\n\n\n<li>Habitatge i urbanisme<br><\/li>\n<\/ul>\n\n\n\n<p>Vam poder compartir inquietuds i experi\u00e8ncies i donar a con\u00e8ixer projectes i col\u00b7lectius que existeixen als barris i que lluiten dia a dia per fer uns barris m\u00e9s feministes. Agrair molt\u00edssim la seva participaci\u00f3 al Sindicat d\u2019Habitatge de Sagrera, Navas i Congr\u00e9s, la Cooperativa d\u2019habitatge La Regadora, a C\u00edcliques, al Taller d\u2019Autodefensa de Sant Andreu, al Bicibus de Sant Andreu i a Criando Alianzas.<br>Sortim molt contentis d\u2019aquesta jornada i amb moltes ganes de seguir treballant i teixint aliances. Gr\u00e0cies a totis lis que vau venir i atentis a pr\u00f2ximes not\u00edcies que el 8M est\u00e0 molt a prop!!<\/p>\n\n\n\n<figure class=\"wp-block-gallery has-nested-images columns-default is-cropped wp-block-gallery-1 is-layout-flex wp-block-gallery-is-layout-flex\">\n<figure class=\"wp-block-image size-large\"><img loading=\"lazy\" decoding=\"async\" width=\"1024\" height=\"768\" data-id=\"862\" src=\"https:\/\/blogs.sindominio.net\/comite-sagrera-stap\/files\/2025\/02\/photo_2025-02-27_09-59-25-1024x768.jpg\" alt=\"\" class=\"wp-image-862\" srcset=\"https:\/\/blogs.sindominio.net\/comite-sagrera-stap\/files\/2025\/02\/photo_2025-02-27_09-59-25-1024x768.jpg 1024w, https:\/\/blogs.sindominio.net\/comite-sagrera-stap\/files\/2025\/02\/photo_2025-02-27_09-59-25-300x225.jpg 300w, https:\/\/blogs.sindominio.net\/comite-sagrera-stap\/files\/2025\/02\/photo_2025-02-27_09-59-25-768x576.jpg 768w, https:\/\/blogs.sindominio.net\/comite-sagrera-stap\/files\/2025\/02\/photo_2025-02-27_09-59-25.jpg 1280w\" sizes=\"auto, (max-width: 1024px) 100vw, 1024px\" \/><\/figure>\n\n\n\n<figure class=\"wp-block-image size-large\"><img loading=\"lazy\" decoding=\"async\" width=\"1024\" height=\"768\" data-id=\"863\" src=\"https:\/\/blogs.sindominio.net\/comite-sagrera-stap\/files\/2025\/02\/photo_2025-02-27_09-59-28-1024x768.jpg\" alt=\"\" class=\"wp-image-863\" srcset=\"https:\/\/blogs.sindominio.net\/comite-sagrera-stap\/files\/2025\/02\/photo_2025-02-27_09-59-28-1024x768.jpg 1024w, https:\/\/blogs.sindominio.net\/comite-sagrera-stap\/files\/2025\/02\/photo_2025-02-27_09-59-28-300x225.jpg 300w, https:\/\/blogs.sindominio.net\/comite-sagrera-stap\/files\/2025\/02\/photo_2025-02-27_09-59-28-768x576.jpg 768w, https:\/\/blogs.sindominio.net\/comite-sagrera-stap\/files\/2025\/02\/photo_2025-02-27_09-59-28.jpg 1280w\" sizes=\"auto, (max-width: 1024px) 100vw, 1024px\" \/><\/figure>\n\n\n\n<figure class=\"wp-block-image size-large\"><img loading=\"lazy\" decoding=\"async\" width=\"1024\" height=\"771\" data-id=\"861\" src=\"https:\/\/blogs.sindominio.net\/comite-sagrera-stap\/files\/2025\/02\/photo_2025-02-27_09-59-32-1024x771.jpg\" alt=\"\" class=\"wp-image-861\" srcset=\"https:\/\/blogs.sindominio.net\/comite-sagrera-stap\/files\/2025\/02\/photo_2025-02-27_09-59-32-1024x771.jpg 1024w, https:\/\/blogs.sindominio.net\/comite-sagrera-stap\/files\/2025\/02\/photo_2025-02-27_09-59-32-300x226.jpg 300w, https:\/\/blogs.sindominio.net\/comite-sagrera-stap\/files\/2025\/02\/photo_2025-02-27_09-59-32-768x578.jpg 768w, https:\/\/blogs.sindominio.net\/comite-sagrera-stap\/files\/2025\/02\/photo_2025-02-27_09-59-32.jpg 1280w\" sizes=\"auto, (max-width: 1024px) 100vw, 1024px\" \/><\/figure>\n\n\n\n<figure class=\"wp-block-image size-large\"><img loading=\"lazy\" decoding=\"async\" width=\"770\" height=\"1024\" data-id=\"866\" src=\"https:\/\/blogs.sindominio.net\/comite-sagrera-stap\/files\/2025\/02\/photo_2025-02-27_09-59-37-770x1024.jpg\" alt=\"\" class=\"wp-image-866\" srcset=\"https:\/\/blogs.sindominio.net\/comite-sagrera-stap\/files\/2025\/02\/photo_2025-02-27_09-59-37-770x1024.jpg 770w, https:\/\/blogs.sindominio.net\/comite-sagrera-stap\/files\/2025\/02\/photo_2025-02-27_09-59-37-226x300.jpg 226w, https:\/\/blogs.sindominio.net\/comite-sagrera-stap\/files\/2025\/02\/photo_2025-02-27_09-59-37-768x1021.jpg 768w, https:\/\/blogs.sindominio.net\/comite-sagrera-stap\/files\/2025\/02\/photo_2025-02-27_09-59-37.jpg 963w\" sizes=\"auto, (max-width: 770px) 100vw, 770px\" \/><\/figure>\n\n\n\n<figure class=\"wp-block-image size-large\"><img loading=\"lazy\" decoding=\"async\" width=\"770\" height=\"1024\" data-id=\"864\" src=\"https:\/\/blogs.sindominio.net\/comite-sagrera-stap\/files\/2025\/02\/photo_2025-02-27_09-59-40-770x1024.jpg\" alt=\"\" class=\"wp-image-864\" srcset=\"https:\/\/blogs.sindominio.net\/comite-sagrera-stap\/files\/2025\/02\/photo_2025-02-27_09-59-40-770x1024.jpg 770w, https:\/\/blogs.sindominio.net\/comite-sagrera-stap\/files\/2025\/02\/photo_2025-02-27_09-59-40-226x300.jpg 226w, https:\/\/blogs.sindominio.net\/comite-sagrera-stap\/files\/2025\/02\/photo_2025-02-27_09-59-40-768x1021.jpg 768w, https:\/\/blogs.sindominio.net\/comite-sagrera-stap\/files\/2025\/02\/photo_2025-02-27_09-59-40.jpg 963w\" sizes=\"auto, (max-width: 770px) 100vw, 770px\" \/><\/figure>\n\n\n\n<figure class=\"wp-block-image size-large\"><img loading=\"lazy\" decoding=\"async\" width=\"770\" height=\"1024\" data-id=\"865\" src=\"https:\/\/blogs.sindominio.net\/comite-sagrera-stap\/files\/2025\/02\/photo_2025-02-27_09-59-44-770x1024.jpg\" alt=\"\" class=\"wp-image-865\" srcset=\"https:\/\/blogs.sindominio.net\/comite-sagrera-stap\/files\/2025\/02\/photo_2025-02-27_09-59-44-770x1024.jpg 770w, https:\/\/blogs.sindominio.net\/comite-sagrera-stap\/files\/2025\/02\/photo_2025-02-27_09-59-44-226x300.jpg 226w, https:\/\/blogs.sindominio.net\/comite-sagrera-stap\/files\/2025\/02\/photo_2025-02-27_09-59-44-768x1021.jpg 768w, https:\/\/blogs.sindominio.net\/comite-sagrera-stap\/files\/2025\/02\/photo_2025-02-27_09-59-44.jpg 963w\" sizes=\"auto, (max-width: 770px) 100vw, 770px\" \/><\/figure>\n<\/figure>\n","protected":false},"excerpt":{"rendered":"<p>Ahir vam celebrar el nostre primer acte com a Les Quintes, col\u00b7lectiu feminista de Sagrera \u2013 Sant Andreu. Ens vam trobar al Casal Noi Baliarda per compartir una jornada preparada amb molta il\u00b7lusi\u00f3.Vam comen\u00e7ar fent una petita presentaci\u00f3 del col\u00b7lectiu, &hellip; <a href=\"https:\/\/blogs.sindominio.net\/comite-sagrera-stap\/jornada-construir-barris-i-pobles-feministes\/\">Sigue leyendo <span class=\"meta-nav\">&rarr;<\/span><\/a><\/p>\n","protected":false},"author":247,"featured_media":856,"parent":0,"menu_order":0,"comment_status":"closed","ping_status":"closed","template":"content-full.php","meta":{"footnotes":""},"class_list":["post-885","page","type-page","status-publish","has-post-thumbnail","hentry"],"_links":{"self":[{"href":"https:\/\/blogs.sindominio.net\/comite-sagrera-stap\/wp-json\/wp\/v2\/pages\/885","targetHints":{"allow":["GET"]}}],"collection":[{"href":"https:\/\/blogs.sindominio.net\/comite-sagrera-stap\/wp-json\/wp\/v2\/pages"}],"about":[{"href":"https:\/\/blogs.sindominio.net\/comite-sagrera-stap\/wp-json\/wp\/v2\/types\/page"}],"author":[{"embeddable":true,"href":"https:\/\/blogs.sindominio.net\/comite-sagrera-stap\/wp-json\/wp\/v2\/users\/247"}],"replies":[{"embeddable":true,"href":"https:\/\/blogs.sindominio.net\/comite-sagrera-stap\/wp-json\/wp\/v2\/comments?post=885"}],"version-history":[{"count":1,"href":"https:\/\/blogs.sindominio.net\/comite-sagrera-stap\/wp-json\/wp\/v2\/pages\/885\/revisions"}],"predecessor-version":[{"id":888,"href":"https:\/\/blogs.sindominio.net\/comite-sagrera-stap\/wp-json\/wp\/v2\/pages\/885\/revisions\/888"}],"wp:featuredmedia":[{"embeddable":true,"href":"https:\/\/blogs.sindominio.net\/comite-sagrera-stap\/wp-json\/wp\/v2\/media\/856"}],"wp:attachment":[{"href":"https:\/\/blogs.sindominio.net\/comite-sagrera-stap\/wp-json\/wp\/v2\/media?parent=885"}],"curies":[{"name":"wp","href":"https:\/\/api.w.org\/{rel}","templated":true}]}}