{"id":745,"date":"2024-11-22T16:00:40","date_gmt":"2024-11-22T15:00:40","guid":{"rendered":"https:\/\/blogs.sindominio.net\/comite-sagrera-stap\/?page_id=745"},"modified":"2025-02-28T12:44:38","modified_gmt":"2025-02-28T11:44:38","slug":"25n-contra-les-violencies-masclistes","status":"publish","type":"page","link":"https:\/\/blogs.sindominio.net\/comite-sagrera-stap\/25n-contra-les-violencies-masclistes\/","title":{"rendered":"25N CONTRA LES VIOL\u00c8NCIES MASCLISTES"},"content":{"rendered":"\n<p>El 25N sortim al carrer per denunciar les vol\u00e8ncies que rebem les dones i identitats dissidents que vivim en aquesta societat podrida. &nbsp;<\/p>\n\n\n\n<p>Aquest any volem emfatitzar que la viol\u00e8ncia inmobiliaria es tamb\u00e9 viol\u00e8ncia masclista.<\/p>\n\n\n\n<p>Vivim en la precarietat, malgrat la qual, hem de mantenir a la nostra familia, intentant que pateixin el m\u00ednim tot all\u00f2 que nosaltres patim. &nbsp;<\/p>\n\n\n\n<p>Busquem xaxes de suport, que ens ajuden a sobreviure i a compartir les nostre c\u00e0rregues per\u00f2 les perdem quan ens fan fora de casa nostra, perdent aix\u00ed el seu suport, el seu sustent, i la seva seguretat. &nbsp;<\/p>\n\n\n\n<p>La situaci\u00f3 amb l&#8217;habitatge es tant aberrant que,&nbsp; fins i tot quan estem patint viol\u00e8ncia per part de les nostres parelles, no podem fugir, perqu\u00e8 no ens podem permetre un altre lloc on viure. &nbsp;<\/p>\n\n\n\n<p>La viol\u00e8ncia inmobiliaria que patim ens porta a viure en condicions infrahumanes, en pensions, pisos precaris o inclus al carrer.&nbsp; Patim viol\u00e8ncia quan som jutjades per l&#8217;estat o per serveis socials quan no ens podem sostenir, no perqu\u00e8 volguem, sin\u00f3 perqu\u00e8 vivim en un sistema&nbsp; capitalista i patriarcal que ens aboca a la miseria. &nbsp;<\/p>\n\n\n\n<p>No deixarem que ens facin fora de casa, perqu\u00e8 tant avui com tots els dies,&nbsp; <strong>NO ESTEM SOLES!!!! PERQU\u00c8 SI ENS TOQUEN A UNA RESPONEM TOTES!&nbsp; &nbsp;<\/strong><\/p>\n\n\n\n<p>Estem aqui per respondre davant la viol\u00e8ncia que patim les identitats dissidents i les dones,&nbsp; i seguirem aqu\u00ed per totes les ve\u00efnes que necessitin una xarxa, un suport o que necessiten que hi posem els nostres cossos. &nbsp;<\/p>\n\n\n\n<p class=\"has-medium-font-size\"><strong>Perqu\u00e8 creiem en l&#8217;autodefensa feminista, i lluitarem fins que totes estiguem segures!!!<\/strong><\/p>\n\n\n\n<p><\/p>\n\n\n\n<figure class=\"wp-block-gallery has-nested-images columns-default is-cropped wp-block-gallery-1 is-layout-flex wp-block-gallery-is-layout-flex\">\n<figure class=\"wp-block-image size-large\"><img loading=\"lazy\" decoding=\"async\" width=\"723\" height=\"1024\" data-id=\"762\" src=\"https:\/\/blogs.sindominio.net\/comite-sagrera-stap\/files\/2024\/11\/photo_2024-11-22_14-38-14-723x1024.jpg\" alt=\"\" class=\"wp-image-762\" srcset=\"https:\/\/blogs.sindominio.net\/comite-sagrera-stap\/files\/2024\/11\/photo_2024-11-22_14-38-14-723x1024.jpg 723w, https:\/\/blogs.sindominio.net\/comite-sagrera-stap\/files\/2024\/11\/photo_2024-11-22_14-38-14-212x300.jpg 212w, https:\/\/blogs.sindominio.net\/comite-sagrera-stap\/files\/2024\/11\/photo_2024-11-22_14-38-14-768x1087.jpg 768w, https:\/\/blogs.sindominio.net\/comite-sagrera-stap\/files\/2024\/11\/photo_2024-11-22_14-38-14.jpg 904w\" sizes=\"auto, (max-width: 723px) 100vw, 723px\" \/><\/figure>\n\n\n\n<figure class=\"wp-block-image size-large\"><img loading=\"lazy\" decoding=\"async\" width=\"723\" height=\"1024\" data-id=\"766\" src=\"https:\/\/blogs.sindominio.net\/comite-sagrera-stap\/files\/2024\/11\/photo_2024-11-22_14-38-23-723x1024.jpg\" alt=\"\" class=\"wp-image-766\" srcset=\"https:\/\/blogs.sindominio.net\/comite-sagrera-stap\/files\/2024\/11\/photo_2024-11-22_14-38-23-723x1024.jpg 723w, https:\/\/blogs.sindominio.net\/comite-sagrera-stap\/files\/2024\/11\/photo_2024-11-22_14-38-23-212x300.jpg 212w, https:\/\/blogs.sindominio.net\/comite-sagrera-stap\/files\/2024\/11\/photo_2024-11-22_14-38-23-768x1087.jpg 768w, https:\/\/blogs.sindominio.net\/comite-sagrera-stap\/files\/2024\/11\/photo_2024-11-22_14-38-23.jpg 904w\" sizes=\"auto, (max-width: 723px) 100vw, 723px\" \/><\/figure>\n\n\n\n<figure class=\"wp-block-image size-large\"><img loading=\"lazy\" decoding=\"async\" width=\"723\" height=\"1024\" data-id=\"768\" src=\"https:\/\/blogs.sindominio.net\/comite-sagrera-stap\/files\/2024\/11\/photo_2024-11-22_14-38-37-723x1024.jpg\" alt=\"\" class=\"wp-image-768\" srcset=\"https:\/\/blogs.sindominio.net\/comite-sagrera-stap\/files\/2024\/11\/photo_2024-11-22_14-38-37-723x1024.jpg 723w, https:\/\/blogs.sindominio.net\/comite-sagrera-stap\/files\/2024\/11\/photo_2024-11-22_14-38-37-212x300.jpg 212w, https:\/\/blogs.sindominio.net\/comite-sagrera-stap\/files\/2024\/11\/photo_2024-11-22_14-38-37-768x1087.jpg 768w, https:\/\/blogs.sindominio.net\/comite-sagrera-stap\/files\/2024\/11\/photo_2024-11-22_14-38-37.jpg 904w\" sizes=\"auto, (max-width: 723px) 100vw, 723px\" \/><\/figure>\n\n\n\n<figure class=\"wp-block-image size-large\"><img loading=\"lazy\" decoding=\"async\" width=\"723\" height=\"1024\" data-id=\"764\" src=\"https:\/\/blogs.sindominio.net\/comite-sagrera-stap\/files\/2024\/11\/photo_2024-11-22_14-38-18-723x1024.jpg\" alt=\"\" class=\"wp-image-764\" srcset=\"https:\/\/blogs.sindominio.net\/comite-sagrera-stap\/files\/2024\/11\/photo_2024-11-22_14-38-18-723x1024.jpg 723w, https:\/\/blogs.sindominio.net\/comite-sagrera-stap\/files\/2024\/11\/photo_2024-11-22_14-38-18-212x300.jpg 212w, https:\/\/blogs.sindominio.net\/comite-sagrera-stap\/files\/2024\/11\/photo_2024-11-22_14-38-18-768x1087.jpg 768w, https:\/\/blogs.sindominio.net\/comite-sagrera-stap\/files\/2024\/11\/photo_2024-11-22_14-38-18.jpg 904w\" sizes=\"auto, (max-width: 723px) 100vw, 723px\" \/><\/figure>\n\n\n\n<figure class=\"wp-block-image size-large\"><img loading=\"lazy\" decoding=\"async\" width=\"723\" height=\"1024\" data-id=\"755\" src=\"https:\/\/blogs.sindominio.net\/comite-sagrera-stap\/files\/2024\/11\/photo_2024-11-22_14-37-22-723x1024.jpg\" alt=\"\" class=\"wp-image-755\" srcset=\"https:\/\/blogs.sindominio.net\/comite-sagrera-stap\/files\/2024\/11\/photo_2024-11-22_14-37-22-723x1024.jpg 723w, https:\/\/blogs.sindominio.net\/comite-sagrera-stap\/files\/2024\/11\/photo_2024-11-22_14-37-22-212x300.jpg 212w, https:\/\/blogs.sindominio.net\/comite-sagrera-stap\/files\/2024\/11\/photo_2024-11-22_14-37-22-768x1087.jpg 768w, https:\/\/blogs.sindominio.net\/comite-sagrera-stap\/files\/2024\/11\/photo_2024-11-22_14-37-22.jpg 904w\" sizes=\"auto, (max-width: 723px) 100vw, 723px\" \/><\/figure>\n\n\n\n<figure class=\"wp-block-image size-large\"><img loading=\"lazy\" decoding=\"async\" width=\"723\" height=\"1024\" data-id=\"765\" src=\"https:\/\/blogs.sindominio.net\/comite-sagrera-stap\/files\/2024\/11\/photo_2024-11-22_14-38-29-723x1024.jpg\" alt=\"\" class=\"wp-image-765\" srcset=\"https:\/\/blogs.sindominio.net\/comite-sagrera-stap\/files\/2024\/11\/photo_2024-11-22_14-38-29-723x1024.jpg 723w, https:\/\/blogs.sindominio.net\/comite-sagrera-stap\/files\/2024\/11\/photo_2024-11-22_14-38-29-212x300.jpg 212w, https:\/\/blogs.sindominio.net\/comite-sagrera-stap\/files\/2024\/11\/photo_2024-11-22_14-38-29-768x1087.jpg 768w, https:\/\/blogs.sindominio.net\/comite-sagrera-stap\/files\/2024\/11\/photo_2024-11-22_14-38-29.jpg 904w\" sizes=\"auto, (max-width: 723px) 100vw, 723px\" \/><\/figure>\n\n\n\n<figure class=\"wp-block-image size-large\"><img loading=\"lazy\" decoding=\"async\" width=\"723\" height=\"1024\" data-id=\"767\" src=\"https:\/\/blogs.sindominio.net\/comite-sagrera-stap\/files\/2024\/11\/photo_2024-11-22_14-38-33-723x1024.jpg\" alt=\"\" class=\"wp-image-767\" srcset=\"https:\/\/blogs.sindominio.net\/comite-sagrera-stap\/files\/2024\/11\/photo_2024-11-22_14-38-33-723x1024.jpg 723w, https:\/\/blogs.sindominio.net\/comite-sagrera-stap\/files\/2024\/11\/photo_2024-11-22_14-38-33-212x300.jpg 212w, https:\/\/blogs.sindominio.net\/comite-sagrera-stap\/files\/2024\/11\/photo_2024-11-22_14-38-33-768x1087.jpg 768w, https:\/\/blogs.sindominio.net\/comite-sagrera-stap\/files\/2024\/11\/photo_2024-11-22_14-38-33.jpg 904w\" sizes=\"auto, (max-width: 723px) 100vw, 723px\" \/><\/figure>\n\n\n\n<figure class=\"wp-block-image size-large\"><img loading=\"lazy\" decoding=\"async\" width=\"723\" height=\"1024\" data-id=\"757\" src=\"https:\/\/blogs.sindominio.net\/comite-sagrera-stap\/files\/2024\/11\/photo_2024-11-22_14-37-32-723x1024.jpg\" alt=\"\" class=\"wp-image-757\" srcset=\"https:\/\/blogs.sindominio.net\/comite-sagrera-stap\/files\/2024\/11\/photo_2024-11-22_14-37-32-723x1024.jpg 723w, https:\/\/blogs.sindominio.net\/comite-sagrera-stap\/files\/2024\/11\/photo_2024-11-22_14-37-32-212x300.jpg 212w, https:\/\/blogs.sindominio.net\/comite-sagrera-stap\/files\/2024\/11\/photo_2024-11-22_14-37-32-768x1087.jpg 768w, https:\/\/blogs.sindominio.net\/comite-sagrera-stap\/files\/2024\/11\/photo_2024-11-22_14-37-32.jpg 904w\" sizes=\"auto, (max-width: 723px) 100vw, 723px\" \/><\/figure>\n\n\n\n<figure class=\"wp-block-image size-large\"><img loading=\"lazy\" decoding=\"async\" width=\"723\" height=\"1024\" data-id=\"756\" src=\"https:\/\/blogs.sindominio.net\/comite-sagrera-stap\/files\/2024\/11\/photo_2024-11-22_14-37-40-723x1024.jpg\" alt=\"\" class=\"wp-image-756\" srcset=\"https:\/\/blogs.sindominio.net\/comite-sagrera-stap\/files\/2024\/11\/photo_2024-11-22_14-37-40-723x1024.jpg 723w, https:\/\/blogs.sindominio.net\/comite-sagrera-stap\/files\/2024\/11\/photo_2024-11-22_14-37-40-212x300.jpg 212w, https:\/\/blogs.sindominio.net\/comite-sagrera-stap\/files\/2024\/11\/photo_2024-11-22_14-37-40-768x1087.jpg 768w, https:\/\/blogs.sindominio.net\/comite-sagrera-stap\/files\/2024\/11\/photo_2024-11-22_14-37-40.jpg 904w\" sizes=\"auto, (max-width: 723px) 100vw, 723px\" \/><\/figure>\n\n\n\n<figure class=\"wp-block-image size-large\"><img loading=\"lazy\" decoding=\"async\" width=\"723\" height=\"1024\" data-id=\"758\" src=\"https:\/\/blogs.sindominio.net\/comite-sagrera-stap\/files\/2024\/11\/photo_2024-11-22_14-37-48-723x1024.jpg\" alt=\"\" class=\"wp-image-758\" srcset=\"https:\/\/blogs.sindominio.net\/comite-sagrera-stap\/files\/2024\/11\/photo_2024-11-22_14-37-48-723x1024.jpg 723w, https:\/\/blogs.sindominio.net\/comite-sagrera-stap\/files\/2024\/11\/photo_2024-11-22_14-37-48-212x300.jpg 212w, https:\/\/blogs.sindominio.net\/comite-sagrera-stap\/files\/2024\/11\/photo_2024-11-22_14-37-48-768x1087.jpg 768w, https:\/\/blogs.sindominio.net\/comite-sagrera-stap\/files\/2024\/11\/photo_2024-11-22_14-37-48.jpg 904w\" sizes=\"auto, (max-width: 723px) 100vw, 723px\" \/><\/figure>\n\n\n\n<figure class=\"wp-block-image size-large\"><img loading=\"lazy\" decoding=\"async\" width=\"723\" height=\"1024\" data-id=\"759\" src=\"https:\/\/blogs.sindominio.net\/comite-sagrera-stap\/files\/2024\/11\/photo_2024-11-22_14-37-55-723x1024.jpg\" alt=\"\" class=\"wp-image-759\" srcset=\"https:\/\/blogs.sindominio.net\/comite-sagrera-stap\/files\/2024\/11\/photo_2024-11-22_14-37-55-723x1024.jpg 723w, https:\/\/blogs.sindominio.net\/comite-sagrera-stap\/files\/2024\/11\/photo_2024-11-22_14-37-55-212x300.jpg 212w, https:\/\/blogs.sindominio.net\/comite-sagrera-stap\/files\/2024\/11\/photo_2024-11-22_14-37-55-768x1087.jpg 768w, https:\/\/blogs.sindominio.net\/comite-sagrera-stap\/files\/2024\/11\/photo_2024-11-22_14-37-55.jpg 904w\" sizes=\"auto, (max-width: 723px) 100vw, 723px\" \/><\/figure>\n\n\n\n<figure class=\"wp-block-image size-large\"><img loading=\"lazy\" decoding=\"async\" width=\"723\" height=\"1024\" data-id=\"763\" src=\"https:\/\/blogs.sindominio.net\/comite-sagrera-stap\/files\/2024\/11\/photo_2024-11-22_14-38-05-723x1024.jpg\" alt=\"\" class=\"wp-image-763\" srcset=\"https:\/\/blogs.sindominio.net\/comite-sagrera-stap\/files\/2024\/11\/photo_2024-11-22_14-38-05-723x1024.jpg 723w, https:\/\/blogs.sindominio.net\/comite-sagrera-stap\/files\/2024\/11\/photo_2024-11-22_14-38-05-212x300.jpg 212w, https:\/\/blogs.sindominio.net\/comite-sagrera-stap\/files\/2024\/11\/photo_2024-11-22_14-38-05-768x1087.jpg 768w, https:\/\/blogs.sindominio.net\/comite-sagrera-stap\/files\/2024\/11\/photo_2024-11-22_14-38-05.jpg 904w\" sizes=\"auto, (max-width: 723px) 100vw, 723px\" \/><\/figure>\n<\/figure>\n","protected":false},"excerpt":{"rendered":"<p>El 25N sortim al carrer per denunciar les vol\u00e8ncies que rebem les dones i identitats dissidents que vivim en aquesta societat podrida. &nbsp; Aquest any volem emfatitzar que la viol\u00e8ncia inmobiliaria es tamb\u00e9 viol\u00e8ncia masclista. Vivim en la precarietat, malgrat &hellip; <a href=\"https:\/\/blogs.sindominio.net\/comite-sagrera-stap\/25n-contra-les-violencies-masclistes\/\">Sigue leyendo <span class=\"meta-nav\">&rarr;<\/span><\/a><\/p>\n","protected":false},"author":247,"featured_media":785,"parent":0,"menu_order":0,"comment_status":"closed","ping_status":"closed","template":"onecolumn-page.php","meta":{"footnotes":""},"class_list":["post-745","page","type-page","status-publish","has-post-thumbnail","hentry"],"_links":{"self":[{"href":"https:\/\/blogs.sindominio.net\/comite-sagrera-stap\/wp-json\/wp\/v2\/pages\/745","targetHints":{"allow":["GET"]}}],"collection":[{"href":"https:\/\/blogs.sindominio.net\/comite-sagrera-stap\/wp-json\/wp\/v2\/pages"}],"about":[{"href":"https:\/\/blogs.sindominio.net\/comite-sagrera-stap\/wp-json\/wp\/v2\/types\/page"}],"author":[{"embeddable":true,"href":"https:\/\/blogs.sindominio.net\/comite-sagrera-stap\/wp-json\/wp\/v2\/users\/247"}],"replies":[{"embeddable":true,"href":"https:\/\/blogs.sindominio.net\/comite-sagrera-stap\/wp-json\/wp\/v2\/comments?post=745"}],"version-history":[{"count":3,"href":"https:\/\/blogs.sindominio.net\/comite-sagrera-stap\/wp-json\/wp\/v2\/pages\/745\/revisions"}],"predecessor-version":[{"id":770,"href":"https:\/\/blogs.sindominio.net\/comite-sagrera-stap\/wp-json\/wp\/v2\/pages\/745\/revisions\/770"}],"wp:featuredmedia":[{"embeddable":true,"href":"https:\/\/blogs.sindominio.net\/comite-sagrera-stap\/wp-json\/wp\/v2\/media\/785"}],"wp:attachment":[{"href":"https:\/\/blogs.sindominio.net\/comite-sagrera-stap\/wp-json\/wp\/v2\/media?parent=745"}],"curies":[{"name":"wp","href":"https:\/\/api.w.org\/{rel}","templated":true}]}}