{"id":634,"date":"2024-11-17T20:31:00","date_gmt":"2024-11-17T19:31:00","guid":{"rendered":"https:\/\/blogs.sindominio.net\/comite-sagrera-stap\/?page_id=634"},"modified":"2025-02-28T12:46:16","modified_gmt":"2025-02-28T11:46:16","slug":"taller-de-hackeig-de-renders","status":"publish","type":"page","link":"https:\/\/blogs.sindominio.net\/comite-sagrera-stap\/taller-de-hackeig-de-renders\/","title":{"rendered":"TALLER DE HACKEIG DE RENDERS"},"content":{"rendered":"\n<p class=\"has-medium-font-size\">Un \u00ab<strong>rende<\/strong>r\u00bb \u00e9s una imatge generada per explicar un projecte arquitect\u00f2nic\/urb\u00e0 pr\u00e8viament a la seva construcci\u00f3.<\/p>\n\n\n\n<p class=\"has-medium-font-size\">En aquests renders podem veure qu\u00e8 est\u00e0 acceptat i qu\u00e8 no est\u00e0 acceptat en aquests projectes. S\u00f3n imatges que reforcen el sistema capitalista, capacitista, colonial, racista, mon\u00f2gam i edatista en el qiue vivim.<\/p>\n\n\n\n<p class=\"has-medium-font-size\">S\u00f3n imatges on s\u2019eviten els grups de persones, on no veiem gent recialitzada, gorda o canalla jugant. S\u00f3n llocs de pas o de consum, sense classe treballadora, amb cossos normatius i amb est\u00e8tiques segons la norma.<\/p>\n\n\n\n<p class=\"has-medium-font-size\">Els renders ens porten a lo desitjable segons els sistema en el que vivim, refor\u00e7ant el aquest discurs, de manera que no ens n\u2019adonem.<\/p>\n\n\n\n<p class=\"has-medium-font-size\">El taller de renders va estar dividit en 3 parts:<\/p>\n\n\n\n<p><\/p>\n\n\n\n<p class=\"has-medium-font-size\"><strong>ANALISIS DELS RENDERS DEL PODER:<\/strong><\/p>\n\n\n\n<p class=\"has-medium-font-size\">En aquesta primera part vam dedicar una estona a analitzar aquests renders, assenyalant all\u00f2 que ocultaven, all\u00f2 que normalitzaven i all\u00f2 que invisibilitzaven.<\/p>\n\n\n\n<p class=\"has-medium-font-size\">Aqu\u00ed teniu alguns dels exemples del que es va fer:<\/p>\n\n\n\n<figure class=\"wp-block-gallery has-nested-images columns-default is-cropped wp-block-gallery-1 is-layout-flex wp-block-gallery-is-layout-flex\">\n<figure class=\"wp-block-image size-large\"><img loading=\"lazy\" decoding=\"async\" width=\"1024\" height=\"718\" data-id=\"688\" src=\"https:\/\/blogs.sindominio.net\/comite-sagrera-stap\/files\/2024\/11\/1.1-1024x718.jpg\" alt=\"\" class=\"wp-image-688\" srcset=\"https:\/\/blogs.sindominio.net\/comite-sagrera-stap\/files\/2024\/11\/1.1-1024x718.jpg 1024w, https:\/\/blogs.sindominio.net\/comite-sagrera-stap\/files\/2024\/11\/1.1-300x210.jpg 300w, https:\/\/blogs.sindominio.net\/comite-sagrera-stap\/files\/2024\/11\/1.1-768x538.jpg 768w, https:\/\/blogs.sindominio.net\/comite-sagrera-stap\/files\/2024\/11\/1.1.jpg 1280w\" sizes=\"auto, (max-width: 1024px) 100vw, 1024px\" \/><\/figure>\n\n\n\n<figure class=\"wp-block-image size-large\"><img loading=\"lazy\" decoding=\"async\" width=\"1024\" height=\"745\" data-id=\"690\" src=\"https:\/\/blogs.sindominio.net\/comite-sagrera-stap\/files\/2024\/11\/1.2-1024x745.jpg\" alt=\"\" class=\"wp-image-690\" srcset=\"https:\/\/blogs.sindominio.net\/comite-sagrera-stap\/files\/2024\/11\/1.2-1024x745.jpg 1024w, https:\/\/blogs.sindominio.net\/comite-sagrera-stap\/files\/2024\/11\/1.2-300x218.jpg 300w, https:\/\/blogs.sindominio.net\/comite-sagrera-stap\/files\/2024\/11\/1.2-768x559.jpg 768w, https:\/\/blogs.sindominio.net\/comite-sagrera-stap\/files\/2024\/11\/1.2.jpg 1280w\" sizes=\"auto, (max-width: 1024px) 100vw, 1024px\" \/><\/figure>\n\n\n\n<figure class=\"wp-block-image size-large\"><img loading=\"lazy\" decoding=\"async\" width=\"1024\" height=\"721\" data-id=\"689\" src=\"https:\/\/blogs.sindominio.net\/comite-sagrera-stap\/files\/2024\/11\/1.3-1024x721.jpg\" alt=\"\" class=\"wp-image-689\" srcset=\"https:\/\/blogs.sindominio.net\/comite-sagrera-stap\/files\/2024\/11\/1.3-1024x721.jpg 1024w, https:\/\/blogs.sindominio.net\/comite-sagrera-stap\/files\/2024\/11\/1.3-300x211.jpg 300w, https:\/\/blogs.sindominio.net\/comite-sagrera-stap\/files\/2024\/11\/1.3-768x541.jpg 768w, https:\/\/blogs.sindominio.net\/comite-sagrera-stap\/files\/2024\/11\/1.3.jpg 1279w\" sizes=\"auto, (max-width: 1024px) 100vw, 1024px\" \/><\/figure>\n<\/figure>\n\n\n\n<p><\/p>\n\n\n\n<p class=\"has-medium-font-size\"><strong>HACKEIG DELS RENDERS DEL PODER:<\/strong><\/p>\n\n\n\n<p class=\"has-medium-font-size\">En aquesta segona part, a trav\u00e9s del collage, vam crear un nou imaginari possible on altres realitats s\u00f3n possibles o denunciant les viol\u00e8ncies que s\u2019hi projecten.<\/p>\n\n\n\n<figure class=\"wp-block-gallery has-nested-images columns-default is-cropped wp-block-gallery-2 is-layout-flex wp-block-gallery-is-layout-flex\">\n<figure class=\"wp-block-image size-large\"><img loading=\"lazy\" decoding=\"async\" width=\"1024\" height=\"768\" data-id=\"674\" src=\"https:\/\/blogs.sindominio.net\/comite-sagrera-stap\/files\/2024\/11\/2.1-1024x768.jpg\" alt=\"\" class=\"wp-image-674\" srcset=\"https:\/\/blogs.sindominio.net\/comite-sagrera-stap\/files\/2024\/11\/2.1-1024x768.jpg 1024w, https:\/\/blogs.sindominio.net\/comite-sagrera-stap\/files\/2024\/11\/2.1-300x225.jpg 300w, https:\/\/blogs.sindominio.net\/comite-sagrera-stap\/files\/2024\/11\/2.1-768x576.jpg 768w, https:\/\/blogs.sindominio.net\/comite-sagrera-stap\/files\/2024\/11\/2.1.jpg 1280w\" sizes=\"auto, (max-width: 1024px) 100vw, 1024px\" \/><\/figure>\n\n\n\n<figure class=\"wp-block-image size-large\"><img loading=\"lazy\" decoding=\"async\" width=\"1024\" height=\"686\" data-id=\"673\" src=\"https:\/\/blogs.sindominio.net\/comite-sagrera-stap\/files\/2024\/11\/2.2-1024x686.jpg\" alt=\"\" class=\"wp-image-673\" srcset=\"https:\/\/blogs.sindominio.net\/comite-sagrera-stap\/files\/2024\/11\/2.2-1024x686.jpg 1024w, https:\/\/blogs.sindominio.net\/comite-sagrera-stap\/files\/2024\/11\/2.2-300x201.jpg 300w, https:\/\/blogs.sindominio.net\/comite-sagrera-stap\/files\/2024\/11\/2.2-768x515.jpg 768w, https:\/\/blogs.sindominio.net\/comite-sagrera-stap\/files\/2024\/11\/2.2.jpg 1280w\" sizes=\"auto, (max-width: 1024px) 100vw, 1024px\" \/><\/figure>\n\n\n\n<figure class=\"wp-block-image size-large\"><img loading=\"lazy\" decoding=\"async\" width=\"1024\" height=\"768\" data-id=\"675\" src=\"https:\/\/blogs.sindominio.net\/comite-sagrera-stap\/files\/2024\/11\/2.3-1024x768.jpg\" alt=\"\" class=\"wp-image-675\" srcset=\"https:\/\/blogs.sindominio.net\/comite-sagrera-stap\/files\/2024\/11\/2.3-1024x768.jpg 1024w, https:\/\/blogs.sindominio.net\/comite-sagrera-stap\/files\/2024\/11\/2.3-300x225.jpg 300w, https:\/\/blogs.sindominio.net\/comite-sagrera-stap\/files\/2024\/11\/2.3-768x576.jpg 768w, https:\/\/blogs.sindominio.net\/comite-sagrera-stap\/files\/2024\/11\/2.3.jpg 1280w\" sizes=\"auto, (max-width: 1024px) 100vw, 1024px\" \/><\/figure>\n\n\n\n<figure class=\"wp-block-image size-large\"><img loading=\"lazy\" decoding=\"async\" width=\"1024\" height=\"768\" data-id=\"676\" src=\"https:\/\/blogs.sindominio.net\/comite-sagrera-stap\/files\/2024\/11\/2.4-1024x768.jpg\" alt=\"\" class=\"wp-image-676\" srcset=\"https:\/\/blogs.sindominio.net\/comite-sagrera-stap\/files\/2024\/11\/2.4-1024x768.jpg 1024w, https:\/\/blogs.sindominio.net\/comite-sagrera-stap\/files\/2024\/11\/2.4-300x225.jpg 300w, https:\/\/blogs.sindominio.net\/comite-sagrera-stap\/files\/2024\/11\/2.4-768x576.jpg 768w, https:\/\/blogs.sindominio.net\/comite-sagrera-stap\/files\/2024\/11\/2.4.jpg 1280w\" sizes=\"auto, (max-width: 1024px) 100vw, 1024px\" \/><\/figure>\n\n\n\n<figure class=\"wp-block-image size-large\"><img loading=\"lazy\" decoding=\"async\" width=\"1024\" height=\"768\" data-id=\"677\" src=\"https:\/\/blogs.sindominio.net\/comite-sagrera-stap\/files\/2024\/11\/2.6-1024x768.jpg\" alt=\"\" class=\"wp-image-677\" srcset=\"https:\/\/blogs.sindominio.net\/comite-sagrera-stap\/files\/2024\/11\/2.6-1024x768.jpg 1024w, https:\/\/blogs.sindominio.net\/comite-sagrera-stap\/files\/2024\/11\/2.6-300x225.jpg 300w, https:\/\/blogs.sindominio.net\/comite-sagrera-stap\/files\/2024\/11\/2.6-768x576.jpg 768w, https:\/\/blogs.sindominio.net\/comite-sagrera-stap\/files\/2024\/11\/2.6.jpg 1280w\" sizes=\"auto, (max-width: 1024px) 100vw, 1024px\" \/><\/figure>\n\n\n\n<figure class=\"wp-block-image size-large\"><img loading=\"lazy\" decoding=\"async\" width=\"1024\" height=\"768\" data-id=\"679\" src=\"https:\/\/blogs.sindominio.net\/comite-sagrera-stap\/files\/2024\/11\/2.7-1024x768.jpg\" alt=\"\" class=\"wp-image-679\" srcset=\"https:\/\/blogs.sindominio.net\/comite-sagrera-stap\/files\/2024\/11\/2.7-1024x768.jpg 1024w, https:\/\/blogs.sindominio.net\/comite-sagrera-stap\/files\/2024\/11\/2.7-300x225.jpg 300w, https:\/\/blogs.sindominio.net\/comite-sagrera-stap\/files\/2024\/11\/2.7-768x576.jpg 768w, https:\/\/blogs.sindominio.net\/comite-sagrera-stap\/files\/2024\/11\/2.7.jpg 1280w\" sizes=\"auto, (max-width: 1024px) 100vw, 1024px\" \/><\/figure>\n\n\n\n<figure class=\"wp-block-image size-large\"><img loading=\"lazy\" decoding=\"async\" width=\"1024\" height=\"768\" data-id=\"680\" src=\"https:\/\/blogs.sindominio.net\/comite-sagrera-stap\/files\/2024\/11\/2.8-1024x768.jpg\" alt=\"\" class=\"wp-image-680\" srcset=\"https:\/\/blogs.sindominio.net\/comite-sagrera-stap\/files\/2024\/11\/2.8-1024x768.jpg 1024w, https:\/\/blogs.sindominio.net\/comite-sagrera-stap\/files\/2024\/11\/2.8-300x225.jpg 300w, https:\/\/blogs.sindominio.net\/comite-sagrera-stap\/files\/2024\/11\/2.8-768x576.jpg 768w, https:\/\/blogs.sindominio.net\/comite-sagrera-stap\/files\/2024\/11\/2.8.jpg 1280w\" sizes=\"auto, (max-width: 1024px) 100vw, 1024px\" \/><\/figure>\n\n\n\n<figure class=\"wp-block-image size-large\"><img loading=\"lazy\" decoding=\"async\" width=\"1024\" height=\"768\" data-id=\"683\" src=\"https:\/\/blogs.sindominio.net\/comite-sagrera-stap\/files\/2024\/11\/2.9-1024x768.jpg\" alt=\"\" class=\"wp-image-683\" srcset=\"https:\/\/blogs.sindominio.net\/comite-sagrera-stap\/files\/2024\/11\/2.9-1024x768.jpg 1024w, https:\/\/blogs.sindominio.net\/comite-sagrera-stap\/files\/2024\/11\/2.9-300x225.jpg 300w, https:\/\/blogs.sindominio.net\/comite-sagrera-stap\/files\/2024\/11\/2.9-768x576.jpg 768w, https:\/\/blogs.sindominio.net\/comite-sagrera-stap\/files\/2024\/11\/2.9.jpg 1280w\" sizes=\"auto, (max-width: 1024px) 100vw, 1024px\" \/><\/figure>\n\n\n\n<figure class=\"wp-block-image size-large\"><img loading=\"lazy\" decoding=\"async\" width=\"1024\" height=\"768\" data-id=\"681\" src=\"https:\/\/blogs.sindominio.net\/comite-sagrera-stap\/files\/2024\/11\/2.10-1024x768.jpg\" alt=\"\" class=\"wp-image-681\" srcset=\"https:\/\/blogs.sindominio.net\/comite-sagrera-stap\/files\/2024\/11\/2.10-1024x768.jpg 1024w, https:\/\/blogs.sindominio.net\/comite-sagrera-stap\/files\/2024\/11\/2.10-300x225.jpg 300w, https:\/\/blogs.sindominio.net\/comite-sagrera-stap\/files\/2024\/11\/2.10-768x576.jpg 768w, https:\/\/blogs.sindominio.net\/comite-sagrera-stap\/files\/2024\/11\/2.10.jpg 1280w\" sizes=\"auto, (max-width: 1024px) 100vw, 1024px\" \/><\/figure>\n\n\n\n<figure class=\"wp-block-image size-large\"><img loading=\"lazy\" decoding=\"async\" width=\"1024\" height=\"768\" data-id=\"682\" src=\"https:\/\/blogs.sindominio.net\/comite-sagrera-stap\/files\/2024\/11\/2.11-1024x768.jpg\" alt=\"\" class=\"wp-image-682\" srcset=\"https:\/\/blogs.sindominio.net\/comite-sagrera-stap\/files\/2024\/11\/2.11-1024x768.jpg 1024w, https:\/\/blogs.sindominio.net\/comite-sagrera-stap\/files\/2024\/11\/2.11-300x225.jpg 300w, https:\/\/blogs.sindominio.net\/comite-sagrera-stap\/files\/2024\/11\/2.11-768x576.jpg 768w, https:\/\/blogs.sindominio.net\/comite-sagrera-stap\/files\/2024\/11\/2.11.jpg 1280w\" sizes=\"auto, (max-width: 1024px) 100vw, 1024px\" \/><\/figure>\n\n\n\n<figure class=\"wp-block-image size-large\"><img loading=\"lazy\" decoding=\"async\" width=\"1024\" height=\"768\" data-id=\"684\" src=\"https:\/\/blogs.sindominio.net\/comite-sagrera-stap\/files\/2024\/11\/2.12-1024x768.jpg\" alt=\"\" class=\"wp-image-684\" srcset=\"https:\/\/blogs.sindominio.net\/comite-sagrera-stap\/files\/2024\/11\/2.12-1024x768.jpg 1024w, https:\/\/blogs.sindominio.net\/comite-sagrera-stap\/files\/2024\/11\/2.12-300x225.jpg 300w, https:\/\/blogs.sindominio.net\/comite-sagrera-stap\/files\/2024\/11\/2.12-768x576.jpg 768w, https:\/\/blogs.sindominio.net\/comite-sagrera-stap\/files\/2024\/11\/2.12.jpg 1280w\" sizes=\"auto, (max-width: 1024px) 100vw, 1024px\" \/><\/figure>\n\n\n\n<figure class=\"wp-block-image size-large\"><img loading=\"lazy\" decoding=\"async\" width=\"1024\" height=\"741\" data-id=\"685\" src=\"https:\/\/blogs.sindominio.net\/comite-sagrera-stap\/files\/2024\/11\/2.13-1024x741.jpg\" alt=\"\" class=\"wp-image-685\" srcset=\"https:\/\/blogs.sindominio.net\/comite-sagrera-stap\/files\/2024\/11\/2.13-1024x741.jpg 1024w, https:\/\/blogs.sindominio.net\/comite-sagrera-stap\/files\/2024\/11\/2.13-300x217.jpg 300w, https:\/\/blogs.sindominio.net\/comite-sagrera-stap\/files\/2024\/11\/2.13-768x556.jpg 768w, https:\/\/blogs.sindominio.net\/comite-sagrera-stap\/files\/2024\/11\/2.13.jpg 1280w\" sizes=\"auto, (max-width: 1024px) 100vw, 1024px\" \/><\/figure>\n\n\n\n<figure class=\"wp-block-image size-large\"><img loading=\"lazy\" decoding=\"async\" width=\"1024\" height=\"745\" data-id=\"686\" src=\"https:\/\/blogs.sindominio.net\/comite-sagrera-stap\/files\/2024\/11\/2.14-1024x745.jpg\" alt=\"\" class=\"wp-image-686\" srcset=\"https:\/\/blogs.sindominio.net\/comite-sagrera-stap\/files\/2024\/11\/2.14-1024x745.jpg 1024w, https:\/\/blogs.sindominio.net\/comite-sagrera-stap\/files\/2024\/11\/2.14-300x218.jpg 300w, https:\/\/blogs.sindominio.net\/comite-sagrera-stap\/files\/2024\/11\/2.14-768x559.jpg 768w, https:\/\/blogs.sindominio.net\/comite-sagrera-stap\/files\/2024\/11\/2.14.jpg 1280w\" sizes=\"auto, (max-width: 1024px) 100vw, 1024px\" \/><\/figure>\n\n\n\n<figure class=\"wp-block-image size-large\"><img loading=\"lazy\" decoding=\"async\" width=\"1024\" height=\"768\" data-id=\"687\" src=\"https:\/\/blogs.sindominio.net\/comite-sagrera-stap\/files\/2024\/11\/2.15-1024x768.jpg\" alt=\"\" class=\"wp-image-687\" srcset=\"https:\/\/blogs.sindominio.net\/comite-sagrera-stap\/files\/2024\/11\/2.15-1024x768.jpg 1024w, https:\/\/blogs.sindominio.net\/comite-sagrera-stap\/files\/2024\/11\/2.15-300x225.jpg 300w, https:\/\/blogs.sindominio.net\/comite-sagrera-stap\/files\/2024\/11\/2.15-768x576.jpg 768w, https:\/\/blogs.sindominio.net\/comite-sagrera-stap\/files\/2024\/11\/2.15.jpg 1280w\" sizes=\"auto, (max-width: 1024px) 100vw, 1024px\" \/><\/figure>\n<\/figure>\n\n\n\n<p class=\"has-medium-font-size\"><br><\/p>\n\n\n\n<p class=\"has-medium-font-size\"><strong>CREEM ELS NOSTRES PROPIS RENDERS DE CONTRAPODER:<\/strong><\/p>\n\n\n\n<p class=\"has-medium-font-size\">En aquesta \u00faltima part, vam agafar imatges d\u2019edificis abandonats o en des\u00fas i vam crear els nostres propis renders, imaginant-nos centres socials, inicis de revolucions\u2026 vam crear altres realitats possibles m\u00e9s enll\u00e0 l\u2019imaginari hegem\u00f2nic.<\/p>\n\n\n\n<figure class=\"wp-block-gallery has-nested-images columns-default is-cropped wp-block-gallery-3 is-layout-flex wp-block-gallery-is-layout-flex\">\n<figure class=\"wp-block-image size-large\"><img loading=\"lazy\" decoding=\"async\" width=\"1024\" height=\"768\" data-id=\"664\" src=\"https:\/\/blogs.sindominio.net\/comite-sagrera-stap\/files\/2024\/11\/3.1-1-1024x768.jpg\" alt=\"\" class=\"wp-image-664\" srcset=\"https:\/\/blogs.sindominio.net\/comite-sagrera-stap\/files\/2024\/11\/3.1-1-1024x768.jpg 1024w, https:\/\/blogs.sindominio.net\/comite-sagrera-stap\/files\/2024\/11\/3.1-1-300x225.jpg 300w, https:\/\/blogs.sindominio.net\/comite-sagrera-stap\/files\/2024\/11\/3.1-1-768x576.jpg 768w, https:\/\/blogs.sindominio.net\/comite-sagrera-stap\/files\/2024\/11\/3.1-1.jpg 1280w\" sizes=\"auto, (max-width: 1024px) 100vw, 1024px\" \/><\/figure>\n\n\n\n<figure class=\"wp-block-image size-large\"><img loading=\"lazy\" decoding=\"async\" width=\"768\" height=\"1024\" data-id=\"663\" src=\"https:\/\/blogs.sindominio.net\/comite-sagrera-stap\/files\/2024\/11\/3.2-1-768x1024.jpg\" alt=\"\" class=\"wp-image-663\" srcset=\"https:\/\/blogs.sindominio.net\/comite-sagrera-stap\/files\/2024\/11\/3.2-1-768x1024.jpg 768w, https:\/\/blogs.sindominio.net\/comite-sagrera-stap\/files\/2024\/11\/3.2-1-225x300.jpg 225w, https:\/\/blogs.sindominio.net\/comite-sagrera-stap\/files\/2024\/11\/3.2-1.jpg 960w\" sizes=\"auto, (max-width: 768px) 100vw, 768px\" \/><\/figure>\n\n\n\n<figure class=\"wp-block-image size-large\"><img loading=\"lazy\" decoding=\"async\" width=\"1024\" height=\"768\" data-id=\"665\" src=\"https:\/\/blogs.sindominio.net\/comite-sagrera-stap\/files\/2024\/11\/3.3-1-1024x768.jpg\" alt=\"\" class=\"wp-image-665\" srcset=\"https:\/\/blogs.sindominio.net\/comite-sagrera-stap\/files\/2024\/11\/3.3-1-1024x768.jpg 1024w, https:\/\/blogs.sindominio.net\/comite-sagrera-stap\/files\/2024\/11\/3.3-1-300x225.jpg 300w, https:\/\/blogs.sindominio.net\/comite-sagrera-stap\/files\/2024\/11\/3.3-1-768x576.jpg 768w, https:\/\/blogs.sindominio.net\/comite-sagrera-stap\/files\/2024\/11\/3.3-1.jpg 1280w\" sizes=\"auto, (max-width: 1024px) 100vw, 1024px\" \/><\/figure>\n\n\n\n<figure class=\"wp-block-image size-large\"><img loading=\"lazy\" decoding=\"async\" width=\"1024\" height=\"768\" data-id=\"666\" src=\"https:\/\/blogs.sindominio.net\/comite-sagrera-stap\/files\/2024\/11\/3.4-1-1024x768.jpg\" alt=\"\" class=\"wp-image-666\" srcset=\"https:\/\/blogs.sindominio.net\/comite-sagrera-stap\/files\/2024\/11\/3.4-1-1024x768.jpg 1024w, https:\/\/blogs.sindominio.net\/comite-sagrera-stap\/files\/2024\/11\/3.4-1-300x225.jpg 300w, https:\/\/blogs.sindominio.net\/comite-sagrera-stap\/files\/2024\/11\/3.4-1-768x576.jpg 768w, https:\/\/blogs.sindominio.net\/comite-sagrera-stap\/files\/2024\/11\/3.4-1.jpg 1280w\" sizes=\"auto, (max-width: 1024px) 100vw, 1024px\" \/><\/figure>\n\n\n\n<figure class=\"wp-block-image size-large\"><img loading=\"lazy\" decoding=\"async\" width=\"1024\" height=\"768\" data-id=\"667\" src=\"https:\/\/blogs.sindominio.net\/comite-sagrera-stap\/files\/2024\/11\/3.5-1-1024x768.jpg\" alt=\"\" class=\"wp-image-667\" srcset=\"https:\/\/blogs.sindominio.net\/comite-sagrera-stap\/files\/2024\/11\/3.5-1-1024x768.jpg 1024w, https:\/\/blogs.sindominio.net\/comite-sagrera-stap\/files\/2024\/11\/3.5-1-300x225.jpg 300w, https:\/\/blogs.sindominio.net\/comite-sagrera-stap\/files\/2024\/11\/3.5-1-768x576.jpg 768w, https:\/\/blogs.sindominio.net\/comite-sagrera-stap\/files\/2024\/11\/3.5-1.jpg 1280w\" sizes=\"auto, (max-width: 1024px) 100vw, 1024px\" \/><\/figure>\n\n\n\n<figure class=\"wp-block-image size-large\"><img loading=\"lazy\" decoding=\"async\" width=\"1024\" height=\"768\" data-id=\"669\" src=\"https:\/\/blogs.sindominio.net\/comite-sagrera-stap\/files\/2024\/11\/3.6-1-1024x768.jpg\" alt=\"\" class=\"wp-image-669\" srcset=\"https:\/\/blogs.sindominio.net\/comite-sagrera-stap\/files\/2024\/11\/3.6-1-1024x768.jpg 1024w, https:\/\/blogs.sindominio.net\/comite-sagrera-stap\/files\/2024\/11\/3.6-1-300x225.jpg 300w, https:\/\/blogs.sindominio.net\/comite-sagrera-stap\/files\/2024\/11\/3.6-1-768x576.jpg 768w, https:\/\/blogs.sindominio.net\/comite-sagrera-stap\/files\/2024\/11\/3.6-1.jpg 1280w\" sizes=\"auto, (max-width: 1024px) 100vw, 1024px\" \/><\/figure>\n\n\n\n<figure class=\"wp-block-image size-large\"><img loading=\"lazy\" decoding=\"async\" width=\"1024\" height=\"768\" data-id=\"670\" src=\"https:\/\/blogs.sindominio.net\/comite-sagrera-stap\/files\/2024\/11\/3.8-1-1024x768.jpg\" alt=\"\" class=\"wp-image-670\" srcset=\"https:\/\/blogs.sindominio.net\/comite-sagrera-stap\/files\/2024\/11\/3.8-1-1024x768.jpg 1024w, https:\/\/blogs.sindominio.net\/comite-sagrera-stap\/files\/2024\/11\/3.8-1-300x225.jpg 300w, https:\/\/blogs.sindominio.net\/comite-sagrera-stap\/files\/2024\/11\/3.8-1-768x576.jpg 768w, https:\/\/blogs.sindominio.net\/comite-sagrera-stap\/files\/2024\/11\/3.8-1.jpg 1280w\" sizes=\"auto, (max-width: 1024px) 100vw, 1024px\" \/><\/figure>\n\n\n\n<figure class=\"wp-block-image size-large\"><img loading=\"lazy\" decoding=\"async\" width=\"1024\" height=\"768\" data-id=\"672\" src=\"https:\/\/blogs.sindominio.net\/comite-sagrera-stap\/files\/2024\/11\/3.9-1-1024x768.jpg\" alt=\"\" class=\"wp-image-672\" srcset=\"https:\/\/blogs.sindominio.net\/comite-sagrera-stap\/files\/2024\/11\/3.9-1-1024x768.jpg 1024w, https:\/\/blogs.sindominio.net\/comite-sagrera-stap\/files\/2024\/11\/3.9-1-300x225.jpg 300w, https:\/\/blogs.sindominio.net\/comite-sagrera-stap\/files\/2024\/11\/3.9-1-768x576.jpg 768w, https:\/\/blogs.sindominio.net\/comite-sagrera-stap\/files\/2024\/11\/3.9-1.jpg 1280w\" sizes=\"auto, (max-width: 1024px) 100vw, 1024px\" \/><\/figure>\n\n\n\n<figure class=\"wp-block-image size-large\"><img loading=\"lazy\" decoding=\"async\" width=\"1024\" height=\"768\" data-id=\"671\" src=\"https:\/\/blogs.sindominio.net\/comite-sagrera-stap\/files\/2024\/11\/3.10-1-1024x768.jpg\" alt=\"\" class=\"wp-image-671\" srcset=\"https:\/\/blogs.sindominio.net\/comite-sagrera-stap\/files\/2024\/11\/3.10-1-1024x768.jpg 1024w, https:\/\/blogs.sindominio.net\/comite-sagrera-stap\/files\/2024\/11\/3.10-1-300x225.jpg 300w, https:\/\/blogs.sindominio.net\/comite-sagrera-stap\/files\/2024\/11\/3.10-1-768x576.jpg 768w, https:\/\/blogs.sindominio.net\/comite-sagrera-stap\/files\/2024\/11\/3.10-1.jpg 1280w\" sizes=\"auto, (max-width: 1024px) 100vw, 1024px\" \/><\/figure>\n<\/figure>\n\n\n\n<p><\/p>\n\n\n\n<p class=\"has-medium-font-size\">Va ser un exercici molt divertit alhora que clarificador i empoderador. Us animem a totis a fer-lo!!&nbsp;<\/p>\n\n\n\n<p><\/p>\n\n\n\n<figure class=\"wp-block-image size-large is-resized\"><img loading=\"lazy\" decoding=\"async\" width=\"1024\" height=\"768\" src=\"https:\/\/blogs.sindominio.net\/comite-sagrera-stap\/files\/2024\/11\/IMG_9291-1024x768.jpeg\" alt=\"\" class=\"wp-image-691\" style=\"width:399px;height:auto\" srcset=\"https:\/\/blogs.sindominio.net\/comite-sagrera-stap\/files\/2024\/11\/IMG_9291-1024x768.jpeg 1024w, https:\/\/blogs.sindominio.net\/comite-sagrera-stap\/files\/2024\/11\/IMG_9291-300x225.jpeg 300w, https:\/\/blogs.sindominio.net\/comite-sagrera-stap\/files\/2024\/11\/IMG_9291-768x576.jpeg 768w, https:\/\/blogs.sindominio.net\/comite-sagrera-stap\/files\/2024\/11\/IMG_9291-1536x1153.jpeg 1536w, https:\/\/blogs.sindominio.net\/comite-sagrera-stap\/files\/2024\/11\/IMG_9291-2048x1537.jpeg 2048w\" sizes=\"auto, (max-width: 1024px) 100vw, 1024px\" \/><\/figure>\n\n\n\n<p><\/p>\n\n\n\n<p class=\"has-medium-font-size\">Per m\u00e9s informaci\u00f3 sobre el taller podeu consultar al col.lectiu&nbsp; <a href=\"https:\/\/inhabit-able.org\/2024\/09\/23\/arxiu-hackeig-de-renders-bcn\/\">Mem\u00f2ria Lluita i Resist\u00e8ncia<\/a>.<\/p>\n","protected":false},"excerpt":{"rendered":"<p>Un \u00abrender\u00bb \u00e9s una imatge generada per explicar un projecte arquitect\u00f2nic\/urb\u00e0 pr\u00e8viament a la seva construcci\u00f3. En aquests renders podem veure qu\u00e8 est\u00e0 acceptat i qu\u00e8 no est\u00e0 acceptat en aquests projectes. S\u00f3n imatges que reforcen el sistema capitalista, capacitista, &hellip; <a href=\"https:\/\/blogs.sindominio.net\/comite-sagrera-stap\/taller-de-hackeig-de-renders\/\">Sigue leyendo <span class=\"meta-nav\">&rarr;<\/span><\/a><\/p>\n","protected":false},"author":247,"featured_media":667,"parent":0,"menu_order":0,"comment_status":"closed","ping_status":"closed","template":"onecolumn-page.php","meta":{"footnotes":""},"class_list":["post-634","page","type-page","status-publish","has-post-thumbnail","hentry"],"_links":{"self":[{"href":"https:\/\/blogs.sindominio.net\/comite-sagrera-stap\/wp-json\/wp\/v2\/pages\/634","targetHints":{"allow":["GET"]}}],"collection":[{"href":"https:\/\/blogs.sindominio.net\/comite-sagrera-stap\/wp-json\/wp\/v2\/pages"}],"about":[{"href":"https:\/\/blogs.sindominio.net\/comite-sagrera-stap\/wp-json\/wp\/v2\/types\/page"}],"author":[{"embeddable":true,"href":"https:\/\/blogs.sindominio.net\/comite-sagrera-stap\/wp-json\/wp\/v2\/users\/247"}],"replies":[{"embeddable":true,"href":"https:\/\/blogs.sindominio.net\/comite-sagrera-stap\/wp-json\/wp\/v2\/comments?post=634"}],"version-history":[{"count":9,"href":"https:\/\/blogs.sindominio.net\/comite-sagrera-stap\/wp-json\/wp\/v2\/pages\/634\/revisions"}],"predecessor-version":[{"id":744,"href":"https:\/\/blogs.sindominio.net\/comite-sagrera-stap\/wp-json\/wp\/v2\/pages\/634\/revisions\/744"}],"wp:featuredmedia":[{"embeddable":true,"href":"https:\/\/blogs.sindominio.net\/comite-sagrera-stap\/wp-json\/wp\/v2\/media\/667"}],"wp:attachment":[{"href":"https:\/\/blogs.sindominio.net\/comite-sagrera-stap\/wp-json\/wp\/v2\/media?parent=634"}],"curies":[{"name":"wp","href":"https:\/\/api.w.org\/{rel}","templated":true}]}}