{"id":190,"date":"2024-08-02T14:28:04","date_gmt":"2024-08-02T12:28:04","guid":{"rendered":"https:\/\/blogs.sindominio.net\/comite-sagrera-stap\/?page_id=190"},"modified":"2025-02-28T12:47:25","modified_gmt":"2025-02-28T11:47:25","slug":"ave-2","status":"publish","type":"page","link":"https:\/\/blogs.sindominio.net\/comite-sagrera-stap\/ave-2\/","title":{"rendered":"AVE"},"content":{"rendered":"\n<p>Aqui podeu accedir a la campanya iniciada pel 8M 2024 per denunciar els efectes que tindr\u00e0 l\u2019AVE sobre els nostres barris.<\/p>\n\n\n\n<p><\/p>\n\n\n\n<div class=\"wp-block-group\"><div class=\"wp-block-group__inner-container is-layout-constrained wp-block-group-is-layout-constrained\">\n<h2 class=\"wp-block-heading\">TRET DE SORTIDA DE LA CAMPANYA:<\/h2>\n\n\n\n<figure class=\"wp-block-embed is-type-video is-provider-vimeo wp-block-embed-vimeo wp-embed-aspect-16-9 wp-has-aspect-ratio\"><div class=\"wp-block-embed__wrapper\">\n<iframe loading=\"lazy\" title=\"L&#039;AVE expulsa a les ve\u00efnes i mata als barris\" src=\"https:\/\/player.vimeo.com\/video\/994009393?dnt=1&amp;app_id=122963\" width=\"640\" height=\"350\" frameborder=\"0\" allow=\"autoplay; fullscreen; picture-in-picture; clipboard-write; encrypted-media\"><\/iframe>\n<\/div><figcaption class=\"wp-element-caption\">\ud83d\udd25\u2764\ufe0f\u200d\ud83d\udd25 <strong>O ARA O MAI <\/strong>\u2764\ufe0f\u200d\ud83d\udd25\ud83d\udd25<br>Veines, amigues, companyes, fam\u00edlia\u2026 Avui donem el tret de sortida amb la campanya contra l\u2019AVE i totes les conseq\u00fcencies que es deriven d\u2019aquest macro-projecte.<br><br>Perque nosaltres ho tenim clar, <strong>NO SEREM MAI, C\u00d2MPLICES DE LA NOSTRA PR\u00d2PIA EXPULSI\u00d3.<\/strong><\/figcaption><\/figure>\n\n\n\n<div class=\"wp-block-group\"><div class=\"wp-block-group__inner-container is-layout-constrained wp-block-group-is-layout-constrained\">\n<div class=\"wp-block-group\"><div class=\"wp-block-group__inner-container is-layout-constrained wp-block-group-is-layout-constrained\">\n<h2 class=\"wp-block-heading\">MANIFEST<\/h2>\n<\/div><\/div>\n\n\n\n<p>El <strong>Comit\u00e8 de La Sagrera i Sant Andreu<\/strong> som un col\u00b7lectiu feminista format per dones i identitats<br>dissidents que ens hem ajuntat per organitzar el 8M i que, ara mateix, continuem amb<br>l\u2019autoorganitzaci\u00f3 per visibilitzar la lluita feminista i les problem\u00e0tiques que ens estan afectant als<br>nostres barris, teixint xarxes entre nosaltres.<br>Lluitem contra el sistema patriarcal, capitalista i colonialista que ens oprimeix. I una de les formes<br>clares que es manifesta aquest sistema al districte \u00e9s amb la gentrificaci\u00f3 dels nostres barris.<br>Amb la nova estaci\u00f3 de l\u2019AVE de La Sagrera i amb el parc lineal, els nostres barris patiran una<br>transformaci\u00f3 f\u00edsica, econ\u00f2mica, social i cultural, expulsant una part important del seu ve\u00efnat.<br>L&#8217;estaci\u00f3 de l\u2019AVE de La Sagrera i tota la transformaci\u00f3 urban\u00edstica derivada de les obres est\u00e0<br>gestionada per Barcelona Sagrera Alta Velocitat. Aquesta \u00e9s una societat mercantil p\u00fablica<br>formada per Adif, Renfe Operadora, Generalitat de Catalunya i Ajuntament de Barcelona.<br>L\u2019estaci\u00f3 central ser\u00e0 l&#8217;edifici m\u00e9s gran de la ciutat, comparable a la T1 de l&#8217;aeroport del Prat i<br>segurament el de m\u00e9s activitat. Est\u00e0 projectada per a 100 milions de viatgers anuals i ser\u00e0 un<br>dels centres de mobilitat i transport m\u00e9s importants d&#8217;Europa, per la qual cosa t\u00e9 totes les<br>qualitats per ser un gran centre de negocis i preveu concentrar al seu entorn oficines i hotels que<br>puguin aprofitar el nivell \u00f2ptim d&#8217;accessibilitat que ofereix la infraestructura i la seva centralitat.<br>Per\u00f2 qu\u00e8 vol dir tot aix\u00f2? Que La Sagrera i tots els barris dels voltants d&#8217;aquesta monstruositat<br>patiran una remodelaci\u00f3 sense precedents:<br>\u2013 La gentrificaci\u00f3 i turistificaci\u00f3 a la qual ens veurem exposades expulsaran a les ve\u00efnes<br>dels seus barris.<br>\u2013 La pujada del lloguer que comportar\u00e0 el fet que aquesta zona passi a ser el nou centre<br>de Barcelona, amb l&#8217;aparici\u00f3 de molt\u00edssims pisos tur\u00edstics, hotels, pisos de luxe i blocs<br>d\u2019oficines.<br>\u2013 La manca d&#8217;equipaments municipals que cobreixin les necessitats de tota la gent que<br>atraur\u00e0 l&#8217;AVE.<br>\u2013 La suplantaci\u00f3 del comer\u00e7 de tota la vida per franqu\u00edcies i locals moderns amb preus<br>desorbitats que faran impossible arribar a final de mes amb un sou mitj\u00e0.<br>\u2013 La p\u00e8rdua del teixit ve\u00efnal i les xarxes de suport mutu creades entre la gent que<br>habitem el barri a les mans dels guiris i la gent de negocis que vinguin fer \u00fas d&#8217;aquest com<br>si fos una atracci\u00f3 de circ.<br>Tot aix\u00f2 guarnit amb la creaci\u00f3 d\u2019un parc lineal, de 40 hect\u00e0rees, que no \u00e9s m\u00e9s que la<br>justificaci\u00f3 de zones verdes necess\u00e0ries per construir els macro edificis que deformaran el barri i<br>el reclam perfecte per acabar d&#8217;assentar la zona com un centre tur\u00edstic del qual poder treure\u2019n<br>profit sense tenir en compte les ve\u00efnes una vegada m\u00e9s.<br>No \u00e9s una cosa de futur, aix\u00f2 ja ho estem patint. Ja ha arribat. L\u2019especulaci\u00f3 s\u2019ha accentuat<br>encara m\u00e9s en els nostres barris.<br>La gentrificaci\u00f3 \u00e9s, literalment, el que estem vivint al districte: una transformaci\u00f3 del barri per<br>atreure habitants d&#8217;alt poder adquisitiu, provocant l&#8217;expulsi\u00f3 o despla\u00e7ament de les ve\u00efnes<br>actuals.<br>En definitiva, l&#8217;estaci\u00f3 de l&#8217;AVE i aquest parc lineal que la cobrir\u00e0 tenen conseq\u00fc\u00e8ncies<br>encobertes: l&#8217;expulsi\u00f3 i la segregaci\u00f3 de la classe popular local actual, com a conseq\u00fc\u00e8ncia de<br>l&#8217;especulaci\u00f3 immobili\u00e0ria i la gentrificaci\u00f3 que comportar\u00e0.<br>No veiem aquesta transformaci\u00f3 com un senyal de progr\u00e9s. No participarem de la nostra pr\u00f2pia<br>expulsi\u00f3. Lluitarem juntes per la fi del negoci capitalista que destrueix les nostres vides.<br>Davant tota la precaritzaci\u00f3 de les nostres vides, de totes les viol\u00e8ncies al nostre voltant,<br>dirigides als nostres cossos, a les nostres identitats, a les nostres sexualitats originades per<br>aquest sistema patriarcal\u2026<br>Davant la gentrificaci\u00f3 i turistificaci\u00f3 dels nostres barris, viles i pobles, que expulsen les ve\u00efnes,<br>les fan fora de casa seva i dels barris, i maten els nostres territoris per poder seguir especulant i<br>fent negoci\u2026<br>Davant d\u2019aquest capitalisme ferotge, que ens explota i ens mata cada cop m\u00e9s, que intenta<br>invisibilitzar les conseq\u00fc\u00e8ncies dels seus actes\u2026<br>No els hi posarem f\u00e0cil . Perqu\u00e8 nosaltres som les hereves de les nostres \u00e0vies i avis que van<br>resistir, que van teixir resist\u00e8ncies ve\u00efnals. I nosaltres recollim aquesta her\u00e8ncia, per seguir teixint<br>aliances entre barris, per seguir teixint xarxes de suport mutu.<br>Ens volen individualitzades, soles i a\u00efllades contra aquest sistema, perqu\u00e8 soles no som res,<br>per\u00f2 juntes ho som tot. I el nostre combat \u00e9s mantenir-nos unides, reconeixent-nos com a<br>persones, com a ve\u00efnes, com a companyes.<br>Davant d\u2019aquest sistema que ens matxaca dia rere dia, que ens explota, que ens desposeeix de<br>tot, amb l\u2019encariment de la vida, amb la precaritzaci\u00f3 dels serveis p\u00fablics, amb la crisi clim\u00e0tica,<br>amb la destrucci\u00f3 dels nostres territoris, amb la incapacitat d\u2019accedir a l\u2019habitatge o de tenir una<br>feina amb condicions dignes, amb les guerres imperialistes que arrasen territoris i pobles\u2026 \u00e9s el<br>moment de col\u00b7lectivitzar les nostres pors, les nostres vulnerabilitats i els nostres dolors. \u00c9s<br>moment de col\u00b7lectivitzar les cures. De col\u00b7lectivitzar les vict\u00f2ries i sobretot col\u00b7lectivitzar<br>l\u2019alegria.<br>I no es tracta de comen\u00e7ar de zero. Venim d\u2019una hist\u00f2ria d\u2019autoorganitzaci\u00f3 de la classe<br>treballadora. Als nostres barris tenim molts exemples on la creaci\u00f3 de xarxes i comunitats \u00e9s<br>possible. Exemples de lluita que demostren que juntes podem construir relacions fora d\u2019aquest<br>sistema imperant que ens oprimeix i que ens escanya.<br>Tenim tamb\u00e9 exemples de lluita, de resist\u00e8ncia i de cures.<br>Establim relacions fora de la fam\u00edlia tradicional nuclear, ens sostenen les ve\u00efnes quan estem en<br>els nostres pitjors moments, com ho va ser quan es van crear les xarxes de suport mutu durant<br>la COVID. Trobem comprensi\u00f3 en la persona que acabem de con\u00e8ixer, per\u00f2 que lluita pels<br>mateixos motius que nosaltres. Que lluita per ella, per les que t\u00e9 al costat, per\u00f2 tamb\u00e9 per les<br>que no coneix. Poder teixir aquestes xarxes, poder col\u00b7lectivitzar la por i la r\u00e0bia \u00e9s una de les<br>eines imprescindibles que tenim per fer front al sistema que ens oprimeix.<br>No callis davant la viol\u00e8ncia que patim pel fet de ser dones i identitats dissidents, explica a les<br>teves ve\u00efnes les conseq\u00fc\u00e8ncies que tindr\u00e0 la construcci\u00f3 de l\u2019estaci\u00f3 de l\u2019AVE i el parc lineal,<br>ajuda a les teves companyes i ve\u00efnes quan ho necessiten, apropa\u2019t als col\u00b7lectius i entitats del<br>barri per con\u00e8ixer-los, busca i dona el suport que puguis. Pregunta. Informa\u2019t, Organitza\u2019t. Perqu\u00e8<br>ni les institucions ni les administracions ens salvaran, per\u00f2 les nostres xarxes de suport s\u00ed.<br><strong>Perqu\u00e8 soles no som res, per\u00f2 juntes som m\u00e9s fortes i ho podem tot!<br>Davant el capitalisme vora\u00e7, resist\u00e8ncia transfeminista!!<\/strong><\/p>\n\n\n\n<p><\/p>\n<\/div><\/div>\n<\/div><\/div>\n","protected":false},"excerpt":{"rendered":"<p>Aqui podeu accedir a la campanya iniciada pel 8M 2024 per denunciar els efectes que tindr\u00e0 l\u2019AVE sobre els nostres barris. TRET DE SORTIDA DE LA CAMPANYA: MANIFEST El Comit\u00e8 de La Sagrera i Sant Andreu som un col\u00b7lectiu feminista &hellip; <a href=\"https:\/\/blogs.sindominio.net\/comite-sagrera-stap\/ave-2\/\">Sigue leyendo <span class=\"meta-nav\">&rarr;<\/span><\/a><\/p>\n","protected":false},"author":247,"featured_media":109,"parent":0,"menu_order":0,"comment_status":"closed","ping_status":"closed","template":"onecolumn-page.php","meta":{"footnotes":""},"class_list":["post-190","page","type-page","status-publish","has-post-thumbnail","hentry"],"_links":{"self":[{"href":"https:\/\/blogs.sindominio.net\/comite-sagrera-stap\/wp-json\/wp\/v2\/pages\/190","targetHints":{"allow":["GET"]}}],"collection":[{"href":"https:\/\/blogs.sindominio.net\/comite-sagrera-stap\/wp-json\/wp\/v2\/pages"}],"about":[{"href":"https:\/\/blogs.sindominio.net\/comite-sagrera-stap\/wp-json\/wp\/v2\/types\/page"}],"author":[{"embeddable":true,"href":"https:\/\/blogs.sindominio.net\/comite-sagrera-stap\/wp-json\/wp\/v2\/users\/247"}],"replies":[{"embeddable":true,"href":"https:\/\/blogs.sindominio.net\/comite-sagrera-stap\/wp-json\/wp\/v2\/comments?post=190"}],"version-history":[{"count":8,"href":"https:\/\/blogs.sindominio.net\/comite-sagrera-stap\/wp-json\/wp\/v2\/pages\/190\/revisions"}],"predecessor-version":[{"id":719,"href":"https:\/\/blogs.sindominio.net\/comite-sagrera-stap\/wp-json\/wp\/v2\/pages\/190\/revisions\/719"}],"wp:featuredmedia":[{"embeddable":true,"href":"https:\/\/blogs.sindominio.net\/comite-sagrera-stap\/wp-json\/wp\/v2\/media\/109"}],"wp:attachment":[{"href":"https:\/\/blogs.sindominio.net\/comite-sagrera-stap\/wp-json\/wp\/v2\/media?parent=190"}],"curies":[{"name":"wp","href":"https:\/\/api.w.org\/{rel}","templated":true}]}}