{"id":180,"date":"2024-08-02T13:55:37","date_gmt":"2024-08-02T11:55:37","guid":{"rendered":"https:\/\/blogs.sindominio.net\/comite-sagrera-stap\/?page_id=180"},"modified":"2025-02-28T12:41:48","modified_gmt":"2025-02-28T11:41:48","slug":"documents","status":"publish","type":"page","link":"https:\/\/blogs.sindominio.net\/comite-sagrera-stap\/documents\/","title":{"rendered":"DOCUMENTS"},"content":{"rendered":"\n<p>Sentiu-vos lliure&#8217;s d&#8217;utilitzar tot all\u00f2 que us pugui ser \u00fatil.<\/p>\n\n\n\n<div class=\"wp-block-group\"><div class=\"wp-block-group__inner-container is-layout-constrained wp-block-group-is-layout-constrained\">\n<div class=\"wp-block-group\"><div class=\"wp-block-group__inner-container is-layout-constrained wp-block-group-is-layout-constrained\">\n<h2 class=\"wp-block-heading\">CARTELLERIA AVE<\/h2>\n\n\n\n<div data-wp-interactive=\"core\/file\" class=\"wp-block-file\"><object data-wp-bind--hidden=\"!state.hasPdfPreview\" hidden class=\"wp-block-file__embed\" data=\"https:\/\/blogs.sindominio.net\/comite-sagrera-stap\/files\/2024\/08\/Ava-copia.pdf\" type=\"application\/pdf\" style=\"width:100%;height:607px\" aria-label=\"Incrustado de Ava - copia.\"><\/object><a id=\"wp-block-file--media-bd310f58-4b9c-4038-9c60-91118f398a11\" href=\"https:\/\/blogs.sindominio.net\/comite-sagrera-stap\/files\/2024\/08\/Ava-copia.pdf\">Ava &#8211; copia<\/a><a href=\"https:\/\/blogs.sindominio.net\/comite-sagrera-stap\/files\/2024\/08\/Ava-copia.pdf\" class=\"wp-block-file__button wp-element-button\" download aria-describedby=\"wp-block-file--media-bd310f58-4b9c-4038-9c60-91118f398a11\">Descarrega<\/a><\/div>\n<\/div><\/div>\n<\/div><\/div>\n\n\n\n<div class=\"wp-block-group\"><div class=\"wp-block-group__inner-container is-layout-constrained wp-block-group-is-layout-constrained\">\n<h2 class=\"wp-block-heading\">TR\u00cdPTIC VAGA 8M<\/h2>\n\n\n\n<div data-wp-interactive=\"core\/file\" class=\"wp-block-file\"><object data-wp-bind--hidden=\"!state.hasPdfPreview\" hidden class=\"wp-block-file__embed\" data=\"https:\/\/blogs.sindominio.net\/comite-sagrera-stap\/files\/2024\/08\/Vaga-2.pdf\" type=\"application\/pdf\" style=\"width:100%;height:595px\" aria-label=\"Incrustado de Vaga.\"><\/object><a id=\"wp-block-file--media-d076ba4a-f7da-4e78-a0a3-1fd07b46f262\" href=\"https:\/\/blogs.sindominio.net\/comite-sagrera-stap\/files\/2024\/08\/Vaga-2.pdf\">Vaga<\/a><a href=\"https:\/\/blogs.sindominio.net\/comite-sagrera-stap\/files\/2024\/08\/Vaga-2.pdf\" class=\"wp-block-file__button wp-element-button\" download aria-describedby=\"wp-block-file--media-d076ba4a-f7da-4e78-a0a3-1fd07b46f262\">Descarrega<\/a><\/div>\n<\/div><\/div>\n\n\n\n<p><\/p>\n","protected":false},"excerpt":{"rendered":"<p>Sentiu-vos lliure&#8217;s d&#8217;utilitzar tot all\u00f2 que us pugui ser \u00fatil. CARTELLERIA AVE TR\u00cdPTIC VAGA 8M<\/p>\n","protected":false},"author":247,"featured_media":0,"parent":0,"menu_order":0,"comment_status":"closed","ping_status":"closed","template":"onecolumn-page.php","meta":{"footnotes":""},"class_list":["post-180","page","type-page","status-publish","hentry"],"_links":{"self":[{"href":"https:\/\/blogs.sindominio.net\/comite-sagrera-stap\/wp-json\/wp\/v2\/pages\/180","targetHints":{"allow":["GET"]}}],"collection":[{"href":"https:\/\/blogs.sindominio.net\/comite-sagrera-stap\/wp-json\/wp\/v2\/pages"}],"about":[{"href":"https:\/\/blogs.sindominio.net\/comite-sagrera-stap\/wp-json\/wp\/v2\/types\/page"}],"author":[{"embeddable":true,"href":"https:\/\/blogs.sindominio.net\/comite-sagrera-stap\/wp-json\/wp\/v2\/users\/247"}],"replies":[{"embeddable":true,"href":"https:\/\/blogs.sindominio.net\/comite-sagrera-stap\/wp-json\/wp\/v2\/comments?post=180"}],"version-history":[{"count":8,"href":"https:\/\/blogs.sindominio.net\/comite-sagrera-stap\/wp-json\/wp\/v2\/pages\/180\/revisions"}],"predecessor-version":[{"id":465,"href":"https:\/\/blogs.sindominio.net\/comite-sagrera-stap\/wp-json\/wp\/v2\/pages\/180\/revisions\/465"}],"wp:attachment":[{"href":"https:\/\/blogs.sindominio.net\/comite-sagrera-stap\/wp-json\/wp\/v2\/media?parent=180"}],"curies":[{"name":"wp","href":"https:\/\/api.w.org\/{rel}","templated":true}]}}