{"id":66,"date":"2024-04-19T07:00:05","date_gmt":"2024-04-19T05:00:05","guid":{"rendered":"https:\/\/blogs.sindominio.net\/cameroscuir\/?page_id=66"},"modified":"2026-03-03T10:33:31","modified_gmt":"2026-03-03T09:33:31","slug":"crowfunding-para-la-autogestion","status":"publish","type":"page","link":"https:\/\/blogs.sindominio.net\/cameroscuir\/crowfunding-para-la-autogestion\/","title":{"rendered":"Crowdfunding para la autogesti\u00f3n"},"content":{"rendered":"\n<p>Hola ratones \ud83d\udc01\ud83d\udc01<\/p>\n\n\n\n<p>Como si de un brindis de las fiestas de Santiago se tratase: Querides ratones. Sostener y defender la autogesti\u00f3n es nuestra intenci\u00f3n y por eso os traemos de nuevo nuestro crowfunding para esta edici\u00f3n \ud83c\udfb6\ud83c\udfb5\ud83c\udfb6\ud83c\udfb5<\/p>\n\n\n\n<p>Tres a\u00f1os ya compartiendo alegr\u00eda. En este 2026 nuestro prop\u00f3sito es cuidar y mantener todo lo que hemos cultivado juntes y atender a todos esos pespuntes de mejora que surgen en el d\u00eda del festival. <\/p>\n\n\n\n<p>Para sostener el Cameros se necesita mucho curro, imaginaci\u00f3n, amor&#8230; y dineros. Gracias a vuestra colaboraci\u00f3n en las ediciones anteriores (en los eventos o el mismo d\u00eda del Cameros o a trav\u00e9s merchandasing o del crowfunding) tenemos ya un colchoncito, pero no ve\u00e1is c\u00f3mo vuela el dinero cuando se apuesta por la autogesti\u00f3n. Por eso os pedimos colaboraci\u00f3n a tode aquelle que quiera y pueda aportar de manera monetaria. <\/p>\n\n\n\n<p>Bien es sabido que la autogesti\u00f3n son apa\u00f1os e invetivas.  Por eso si no puedes o quieres aportar de manera econ\u00f3mica pero te apetece apoyar al festi,  escr\u00edbenos y vemos c\u00f3mo! Por un ocio abierto, gratuito, inclusivo y divertido!!!\u2764\ufe0f\u2764\ufe0f<br>Muchas gracias por todo, esto sin vosotres no tiene sentido \ud83d\udc01\ud83d\udc01\ud83d\udc01<\/p>\n\n\n\n<p>Aqu\u00ed os dejamos el enlace!! <br><a href=\"https:\/\/www.gofundme.com\/f\/autogestion-cameroscuir-vol3?attribution_id=sl:bb687475-eeaa-4c32-af99-1a6b9feeafe1&amp;lang=es_ES&amp;ts=1770739412&amp;utm_campaign=fp_sharesheet&amp;utm_medium=customer&amp;utm_source=copy_link\">GoFundMe Cameros Tercera Edici\u00f3n<\/a><\/p>\n\n\n\n<figure class=\"wp-block-gallery has-nested-images columns-default is-cropped wp-block-gallery-1 is-layout-flex wp-block-gallery-is-layout-flex\">\n<figure class=\"wp-block-image size-large\"><img loading=\"lazy\" decoding=\"async\" width=\"988\" height=\"682\" data-id=\"431\" src=\"https:\/\/blogs.sindominio.net\/cameroscuir\/files\/2026\/03\/Unknown.jpeg\" alt=\"\" class=\"wp-image-431\" srcset=\"https:\/\/blogs.sindominio.net\/cameroscuir\/files\/2026\/03\/Unknown.jpeg 988w, https:\/\/blogs.sindominio.net\/cameroscuir\/files\/2026\/03\/Unknown-300x207.jpeg 300w, https:\/\/blogs.sindominio.net\/cameroscuir\/files\/2026\/03\/Unknown-768x530.jpeg 768w\" sizes=\"auto, (max-width: 988px) 100vw, 988px\" \/><\/figure>\n<\/figure>\n\n\n\n<p><\/p>\n","protected":false},"excerpt":{"rendered":"<p>Hola ratones \ud83d\udc01\ud83d\udc01 Como si de un brindis de las fiestas de Santiago se tratase: Querides ratones. Sostener y defender la autogesti\u00f3n es nuestra intenci\u00f3n y por eso os traemos de nuevo nuestro crowfunding para esta edici\u00f3n \ud83c\udfb6\ud83c\udfb5\ud83c\udfb6\ud83c\udfb5 Tres a\u00f1os ya compartiendo alegr\u00eda. En este 2026 nuestro prop\u00f3sito es cuidar y mantener todo lo que [&hellip;]<\/p>\n","protected":false},"author":242,"featured_media":62,"parent":0,"menu_order":0,"comment_status":"closed","ping_status":"closed","template":"","meta":{"footnotes":""},"class_list":["post-66","page","type-page","status-publish","has-post-thumbnail","czr-hentry"],"_links":{"self":[{"href":"https:\/\/blogs.sindominio.net\/cameroscuir\/wp-json\/wp\/v2\/pages\/66","targetHints":{"allow":["GET"]}}],"collection":[{"href":"https:\/\/blogs.sindominio.net\/cameroscuir\/wp-json\/wp\/v2\/pages"}],"about":[{"href":"https:\/\/blogs.sindominio.net\/cameroscuir\/wp-json\/wp\/v2\/types\/page"}],"author":[{"embeddable":true,"href":"https:\/\/blogs.sindominio.net\/cameroscuir\/wp-json\/wp\/v2\/users\/242"}],"replies":[{"embeddable":true,"href":"https:\/\/blogs.sindominio.net\/cameroscuir\/wp-json\/wp\/v2\/comments?post=66"}],"version-history":[{"count":8,"href":"https:\/\/blogs.sindominio.net\/cameroscuir\/wp-json\/wp\/v2\/pages\/66\/revisions"}],"predecessor-version":[{"id":436,"href":"https:\/\/blogs.sindominio.net\/cameroscuir\/wp-json\/wp\/v2\/pages\/66\/revisions\/436"}],"wp:featuredmedia":[{"embeddable":true,"href":"https:\/\/blogs.sindominio.net\/cameroscuir\/wp-json\/wp\/v2\/media\/62"}],"wp:attachment":[{"href":"https:\/\/blogs.sindominio.net\/cameroscuir\/wp-json\/wp\/v2\/media?parent=66"}],"curies":[{"name":"wp","href":"https:\/\/api.w.org\/{rel}","templated":true}]}}