{"id":56,"date":"2024-04-19T06:50:10","date_gmt":"2024-04-19T04:50:10","guid":{"rendered":"https:\/\/blogs.sindominio.net\/cameroscuir\/?page_id=56"},"modified":"2025-06-12T13:28:40","modified_gmt":"2025-06-12T11:28:40","slug":"cuidados","status":"publish","type":"page","link":"https:\/\/blogs.sindominio.net\/cameroscuir\/cuidados\/","title":{"rendered":"Inscripci\u00f3n\/Cuidados"},"content":{"rendered":"\n<p>YA EST\u00c1 DISPONIBLE EL FORMULARIO DE INSCRIPCI\u00d3N Y CUIDADOS DE ESTE A\u00d1O!<\/p>\n\n\n\n<p>Aqu\u00ed ten\u00e9is el enlace al <strong>formulario de inscripci\u00f3n<\/strong>, cuidados y accesibilidad. El festival es gratuito y <strong>no hace falta entrada<\/strong> pero porfi, si vas a venir, rell\u00e9nalo para que podamos tener en cuenta temas de aforo, necesidades, preocupaciones&#8230; Y que el d\u00eda del festi sea todo m\u00e1s f\u00e1cil para todes \ud83d\ude42<\/p>\n\n\n\n<p>COSAS IMPORTANTES:<\/p>\n\n\n\n<ul class=\"wp-block-list\">\n<li>El formulario es individual, se rellena un formulario por cada cabeza asistente.<\/li>\n\n\n\n<li>Queremos cuidar el aforo y recordar que este es un festival peque\u00f1o, rural, riojano y dirigido a les habitantes de la zona. Vamos a intentar que no se convierta en algo masificado &lt;3<\/li>\n<\/ul>\n\n\n\n<p><a href=\"https:\/\/docs.google.com\/forms\/d\/e\/1FAIpQLScq_ZpWf26kStBvy46OXpI7c8xjQsbFonOR6yNBUWapEPJC3g\/viewform\">FORMULARIO DE INSCRIPCI\u00d3N<\/a> (\u2190 haz click aqu\u00ed)<\/p>\n\n\n\n<p>Aqu\u00ed os dejamos tambi\u00e9n el protocolo de accesibilidad y cuidados para el festival, en el que recogemos los aspectos que hemos tenido en cuenta desde la organizaci\u00f3n para intentar generar entre todes un espacio lo m\u00e1s seguro y acogedor posible: <a href=\"https:\/\/blogs.sindominio.net\/cameroscuir\/files\/2025\/06\/PROTOCOLO-CAMEROSCUIR-2025.pdf\">Protocolo &lt;3 (pdf)<\/a> (actualizado)<\/p>\n\n\n\n<p>Y la gu\u00eda de accesibilidad, donde viene detallada la programaci\u00f3n de el festival y su nivel de accesibilidad para personas con diferentes necesidades: (<a href=\"https:\/\/blogs.sindominio.net\/cameroscuir\/files\/2025\/06\/GUIA-DE-ACCESIBILIDAD-2-EDICION-2.pdf\">GU\u00cdA DE ACCESIBILIDAD 2025<\/a>) (actualizada)<\/p>\n\n\n\n<p>Para cualquier cosa, ven a hablar con nosotres al Punto de informaci\u00f3n\/Punto arcoiris en la entrada del pueblo. Te esperamos!!<\/p>\n\n\n\n<p><\/p>\n","protected":false},"excerpt":{"rendered":"<p>YA EST\u00c1 DISPONIBLE EL FORMULARIO DE INSCRIPCI\u00d3N Y CUIDADOS DE ESTE A\u00d1O! Aqu\u00ed ten\u00e9is el enlace al formulario de inscripci\u00f3n, cuidados y accesibilidad. El festival es gratuito y no hace falta entrada pero porfi, si vas a venir, rell\u00e9nalo para que podamos tener en cuenta temas de aforo, necesidades, preocupaciones&#8230; Y que el d\u00eda del [&hellip;]<\/p>\n","protected":false},"author":242,"featured_media":73,"parent":0,"menu_order":0,"comment_status":"closed","ping_status":"closed","template":"","meta":{"footnotes":""},"class_list":["post-56","page","type-page","status-publish","has-post-thumbnail","czr-hentry"],"_links":{"self":[{"href":"https:\/\/blogs.sindominio.net\/cameroscuir\/wp-json\/wp\/v2\/pages\/56","targetHints":{"allow":["GET"]}}],"collection":[{"href":"https:\/\/blogs.sindominio.net\/cameroscuir\/wp-json\/wp\/v2\/pages"}],"about":[{"href":"https:\/\/blogs.sindominio.net\/cameroscuir\/wp-json\/wp\/v2\/types\/page"}],"author":[{"embeddable":true,"href":"https:\/\/blogs.sindominio.net\/cameroscuir\/wp-json\/wp\/v2\/users\/242"}],"replies":[{"embeddable":true,"href":"https:\/\/blogs.sindominio.net\/cameroscuir\/wp-json\/wp\/v2\/comments?post=56"}],"version-history":[{"count":19,"href":"https:\/\/blogs.sindominio.net\/cameroscuir\/wp-json\/wp\/v2\/pages\/56\/revisions"}],"predecessor-version":[{"id":428,"href":"https:\/\/blogs.sindominio.net\/cameroscuir\/wp-json\/wp\/v2\/pages\/56\/revisions\/428"}],"wp:featuredmedia":[{"embeddable":true,"href":"https:\/\/blogs.sindominio.net\/cameroscuir\/wp-json\/wp\/v2\/media\/73"}],"wp:attachment":[{"href":"https:\/\/blogs.sindominio.net\/cameroscuir\/wp-json\/wp\/v2\/media?parent=56"}],"curies":[{"name":"wp","href":"https:\/\/api.w.org\/{rel}","templated":true}]}}