{"id":47,"date":"2024-04-19T06:47:19","date_gmt":"2024-04-19T04:47:19","guid":{"rendered":"https:\/\/blogs.sindominio.net\/cameroscuir\/?page_id=47"},"modified":"2024-11-11T15:16:12","modified_gmt":"2024-11-11T14:16:12","slug":"quienes-somos","status":"publish","type":"page","link":"https:\/\/blogs.sindominio.net\/cameroscuir\/quienes-somos\/","title":{"rendered":"Qui\u00e9nes somos"},"content":{"rendered":"\n<p>Cameroscuir es un colectivo asambleario que surgi\u00f3 a ra\u00edz de la idea\/necesidad\/deseo de organizar un festival rural cuir en Nieva de Cameros. Algunes nos conocimos en festivales afines como el Veracuir, muchas venimos de Nieva u otros pueblos de La Rioja, pero otres vivimos en Madrid, Granada o M\u00e1laga. Nos une la sensibilidad hacia las vidas que florecen fuera de la norma social y el deseo de explorar c\u00f3mo se entrelazan, complejizan y enriquecen en contacto con lo rural. Ratones de campo y ratas de ciudad con ganas de generar un espacio en el que disfrutar, conocer(se) y aprender el 15 y 16 de junio en Nieva de Cameros.<\/p>\n\n\n\n<p>Si te apetece colaborar de cualquier forma con el festi, h\u00e1blanos por Instagram o env\u00edanos un correo electr\u00f3nico a cameroscuir@gmail.com Nos vemos!!<\/p>\n","protected":false},"excerpt":{"rendered":"<p>Cameroscuir es un colectivo asambleario que surgi\u00f3 a ra\u00edz de la idea\/necesidad\/deseo de organizar un festival rural cuir en Nieva de Cameros. Algunes nos conocimos en festivales afines como el Veracuir, muchas venimos de Nieva u otros pueblos de La Rioja, pero otres vivimos en Madrid, Granada o M\u00e1laga. Nos une la sensibilidad hacia las [&hellip;]<\/p>\n","protected":false},"author":242,"featured_media":0,"parent":0,"menu_order":0,"comment_status":"closed","ping_status":"closed","template":"","meta":{"footnotes":""},"class_list":["post-47","page","type-page","status-publish","czr-hentry"],"_links":{"self":[{"href":"https:\/\/blogs.sindominio.net\/cameroscuir\/wp-json\/wp\/v2\/pages\/47","targetHints":{"allow":["GET"]}}],"collection":[{"href":"https:\/\/blogs.sindominio.net\/cameroscuir\/wp-json\/wp\/v2\/pages"}],"about":[{"href":"https:\/\/blogs.sindominio.net\/cameroscuir\/wp-json\/wp\/v2\/types\/page"}],"author":[{"embeddable":true,"href":"https:\/\/blogs.sindominio.net\/cameroscuir\/wp-json\/wp\/v2\/users\/242"}],"replies":[{"embeddable":true,"href":"https:\/\/blogs.sindominio.net\/cameroscuir\/wp-json\/wp\/v2\/comments?post=47"}],"version-history":[{"count":3,"href":"https:\/\/blogs.sindominio.net\/cameroscuir\/wp-json\/wp\/v2\/pages\/47\/revisions"}],"predecessor-version":[{"id":290,"href":"https:\/\/blogs.sindominio.net\/cameroscuir\/wp-json\/wp\/v2\/pages\/47\/revisions\/290"}],"wp:attachment":[{"href":"https:\/\/blogs.sindominio.net\/cameroscuir\/wp-json\/wp\/v2\/media?parent=47"}],"curies":[{"name":"wp","href":"https:\/\/api.w.org\/{rel}","templated":true}]}}