{"id":159,"date":"2024-05-22T14:56:19","date_gmt":"2024-05-22T12:56:19","guid":{"rendered":"https:\/\/blogs.sindominio.net\/cameroscuir\/?page_id=159"},"modified":"2025-06-04T10:44:15","modified_gmt":"2025-06-04T08:44:15","slug":"performances","status":"publish","type":"page","link":"https:\/\/blogs.sindominio.net\/cameroscuir\/performances\/","title":{"rendered":"Performances 2024"},"content":{"rendered":"\n<p>Las primeras actuaciones confirmadas van de la mano de Yao K, MarCoyote y Astartea Emperatriz!! Drag de pueblo y riojano de primera calidad &lt;3<\/p>\n\n\n\n<figure class=\"wp-block-image size-large\"><img loading=\"lazy\" decoding=\"async\" width=\"1024\" height=\"1024\" src=\"https:\/\/blogs.sindominio.net\/cameroscuir\/files\/2024\/05\/YAO-K-copia-1024x1024.jpg\" alt=\"\" class=\"wp-image-199\" srcset=\"https:\/\/blogs.sindominio.net\/cameroscuir\/files\/2024\/05\/YAO-K-copia-1024x1024.jpg 1024w, https:\/\/blogs.sindominio.net\/cameroscuir\/files\/2024\/05\/YAO-K-copia-300x300.jpg 300w, https:\/\/blogs.sindominio.net\/cameroscuir\/files\/2024\/05\/YAO-K-copia-150x150.jpg 150w, https:\/\/blogs.sindominio.net\/cameroscuir\/files\/2024\/05\/YAO-K-copia-768x768.jpg 768w, https:\/\/blogs.sindominio.net\/cameroscuir\/files\/2024\/05\/YAO-K-copia-510x510.jpg 510w, https:\/\/blogs.sindominio.net\/cameroscuir\/files\/2024\/05\/YAO-K-copia.jpg 1134w\" sizes=\"auto, (max-width: 1024px) 100vw, 1024px\" \/><\/figure>\n\n\n\n<p>Llamadme Y\u00c3O k<\/p>\n\n\n\n<p>Y te cojo al toque, para entregarte fantas\u00eda y poes\u00eda a partes iguales<\/p>\n\n\n\n<p>Llevo la gr\u00e1fica las referencias y el mundo queer desde mi cora a cualquier parte<\/p>\n\n\n\n<p>De origen portugu\u00e9s pero m\u00e1s logro\u00f1esa que la laurel<\/p>\n\n\n\n<p>Pase lo que pase en mi show vas acabar gritando  Y\u00c3O K!!!  <\/p>\n\n\n\n<p>@yaosiyaono En spoty: Yao K<\/p>\n\n\n\n<figure class=\"wp-block-image size-large\"><img loading=\"lazy\" decoding=\"async\" width=\"1024\" height=\"1024\" src=\"https:\/\/blogs.sindominio.net\/cameroscuir\/files\/2024\/05\/MARCOYOTE-copia-1024x1024.jpg\" alt=\"\" class=\"wp-image-186\" srcset=\"https:\/\/blogs.sindominio.net\/cameroscuir\/files\/2024\/05\/MARCOYOTE-copia-1024x1024.jpg 1024w, https:\/\/blogs.sindominio.net\/cameroscuir\/files\/2024\/05\/MARCOYOTE-copia-300x300.jpg 300w, https:\/\/blogs.sindominio.net\/cameroscuir\/files\/2024\/05\/MARCOYOTE-copia-150x150.jpg 150w, https:\/\/blogs.sindominio.net\/cameroscuir\/files\/2024\/05\/MARCOYOTE-copia-768x768.jpg 768w, https:\/\/blogs.sindominio.net\/cameroscuir\/files\/2024\/05\/MARCOYOTE-copia-510x510.jpg 510w, https:\/\/blogs.sindominio.net\/cameroscuir\/files\/2024\/05\/MARCOYOTE-copia.jpg 1134w\" sizes=\"auto, (max-width: 1024px) 100vw, 1024px\" \/><\/figure>\n\n\n\n<p>Asomando bigotes desde las monta\u00f1as extreme\u00f1as hasta la poluci\u00f3n de Madriz\u2026 Viene MarcoYote m\u00e1s forastero que nunca, con un show king disidente para todes les pronombres de la zona. Preparad todos vuestros sentidos y cuerpas porque vamos a bailar, a cantar, a gritar, a sudar. Vamos a quemarlo todo\ud83d\udd25\u2764\ufe0f<\/p>\n\n\n\n<figure class=\"wp-block-image size-large is-resized\"><img loading=\"lazy\" decoding=\"async\" width=\"1024\" height=\"1024\" src=\"https:\/\/blogs.sindominio.net\/cameroscuir\/files\/2024\/05\/ASTARTEA-EMPERATRIZ-peque-copia-1024x1024.jpg\" alt=\"\" class=\"wp-image-177\" style=\"width:768px;height:auto\" srcset=\"https:\/\/blogs.sindominio.net\/cameroscuir\/files\/2024\/05\/ASTARTEA-EMPERATRIZ-peque-copia-1024x1024.jpg 1024w, https:\/\/blogs.sindominio.net\/cameroscuir\/files\/2024\/05\/ASTARTEA-EMPERATRIZ-peque-copia-300x300.jpg 300w, https:\/\/blogs.sindominio.net\/cameroscuir\/files\/2024\/05\/ASTARTEA-EMPERATRIZ-peque-copia-150x150.jpg 150w, https:\/\/blogs.sindominio.net\/cameroscuir\/files\/2024\/05\/ASTARTEA-EMPERATRIZ-peque-copia-768x768.jpg 768w, https:\/\/blogs.sindominio.net\/cameroscuir\/files\/2024\/05\/ASTARTEA-EMPERATRIZ-peque-copia-510x510.jpg 510w, https:\/\/blogs.sindominio.net\/cameroscuir\/files\/2024\/05\/ASTARTEA-EMPERATRIZ-peque-copia.jpg 1134w\" sizes=\"auto, (max-width: 1024px) 100vw, 1024px\" \/><\/figure>\n\n\n\n<p>Artista, maquilladore, artesane\u2026 y en su versi\u00f3n drag nos presenta por primera vez en los escenarios a: \ud83d\udc8b\ud83d\udc7eASTARTEA EMPERATRIZ\ud83d\udc7e\ud83d\udc8b Un show para las ciervas, para les no binaries, las trabajadoras sexuales y las combativas, y para todas las personas que quieran perrear, de la mano de Astartea Emperatriz en su debut en escenario, pero con a\u00f1os de hacer drag en las calles del pueblo. <\/p>\n\n\n\n<p>Talento riojano ratones!!!<\/p>\n","protected":false},"excerpt":{"rendered":"<p>Las primeras actuaciones confirmadas van de la mano de Yao K, MarCoyote y Astartea Emperatriz!! Drag de pueblo y riojano de primera calidad &lt;3 Llamadme Y\u00c3O k Y te cojo al toque, para entregarte fantas\u00eda y poes\u00eda a partes iguales Llevo la gr\u00e1fica las referencias y el mundo queer desde mi cora a cualquier parte [&hellip;]<\/p>\n","protected":false},"author":242,"featured_media":0,"parent":0,"menu_order":0,"comment_status":"closed","ping_status":"closed","template":"","meta":{"footnotes":""},"class_list":["post-159","page","type-page","status-publish","czr-hentry"],"_links":{"self":[{"href":"https:\/\/blogs.sindominio.net\/cameroscuir\/wp-json\/wp\/v2\/pages\/159","targetHints":{"allow":["GET"]}}],"collection":[{"href":"https:\/\/blogs.sindominio.net\/cameroscuir\/wp-json\/wp\/v2\/pages"}],"about":[{"href":"https:\/\/blogs.sindominio.net\/cameroscuir\/wp-json\/wp\/v2\/types\/page"}],"author":[{"embeddable":true,"href":"https:\/\/blogs.sindominio.net\/cameroscuir\/wp-json\/wp\/v2\/users\/242"}],"replies":[{"embeddable":true,"href":"https:\/\/blogs.sindominio.net\/cameroscuir\/wp-json\/wp\/v2\/comments?post=159"}],"version-history":[{"count":5,"href":"https:\/\/blogs.sindominio.net\/cameroscuir\/wp-json\/wp\/v2\/pages\/159\/revisions"}],"predecessor-version":[{"id":336,"href":"https:\/\/blogs.sindominio.net\/cameroscuir\/wp-json\/wp\/v2\/pages\/159\/revisions\/336"}],"wp:attachment":[{"href":"https:\/\/blogs.sindominio.net\/cameroscuir\/wp-json\/wp\/v2\/media?parent=159"}],"curies":[{"name":"wp","href":"https:\/\/api.w.org\/{rel}","templated":true}]}}