{"id":42,"date":"2021-02-25T00:33:01","date_gmt":"2021-02-24T23:33:01","guid":{"rendered":"https:\/\/batzac.cat\/?page_id=42"},"modified":"2025-06-05T19:29:55","modified_gmt":"2025-06-05T17:29:55","slug":"contacta-amb-nosaltres","status":"publish","type":"page","link":"https:\/\/blogs.sindominio.net\/batzac\/contacta-amb-nosaltres\/","title":{"rendered":"Contacta amb nosaltres"},"content":{"rendered":"<h2>Informaci\u00f3 general<\/h2>\n<p>Si ets un col\u00b7lectiu, asociaci\u00f3 o organitzaci\u00f3, i voleu una colaboraci\u00f3 puntual, consultes o qualsevol cosa:<\/p>\n<p><strong>organitzacio@batzac.cat<\/strong><\/p>\n<h3>Vols militar a Batzac?<\/h3>\n<p>Pots escriuren&#8217;s un correu dient-nos la teva disponibilitat horaria i la localitat on viscs per poder quedar presencialment. Nom\u00e9s cal que estiguis d&#8217;acord amb els nostres principis. Recomananem utilitzar un mail de milit\u00e0ncia: <\/p>\n<p><strong>expansio@batzac.cat<\/strong><\/p>\n<h3>No-mixte<\/h3>\n<p>Si nom\u00e9s voleu colaborar amb el nostre espai no-mixte, tamb\u00e9 podeu adressar-vos!<br \/><strong>nomixte@batzac.cat<\/strong><\/p>\n<h3>Diplom\u00e0cia<\/h3>\n<p>Si voleu establir lla\u00e7os m\u00e9s propers i una relaci\u00f3 en el temps on pugu\u00e9sim colaborar juntes per sumar for\u00e7es, no dubteu en fer-nos arribar les vostres propostes:<br \/><strong>rrpp@batzac.cat<\/strong><\/p>\n\n\n<p><\/p>\n","protected":false},"excerpt":{"rendered":"<p>Informaci\u00f3 general Si ets un col\u00b7lectiu, asociaci\u00f3 o organitzaci\u00f3, i voleu una colaboraci\u00f3 puntual, consultes o qualsevol cosa: organitzacio@batzac.cat Vols militar a Batzac? Pots escriuren&#8217;s un correu dient-nos la teva disponibilitat horaria i la localitat on viscs per poder quedar presencialment. Nom\u00e9s cal que estiguis d&#8217;acord amb els nostres principis. Recomananem utilitzar un mail de [&hellip;]<\/p>\n","protected":false},"author":245,"featured_media":87,"parent":0,"menu_order":0,"comment_status":"closed","ping_status":"closed","template":"","meta":{"footnotes":""},"class_list":["post-42","page","type-page","status-publish","has-post-thumbnail","hentry"],"_links":{"self":[{"href":"https:\/\/blogs.sindominio.net\/batzac\/wp-json\/wp\/v2\/pages\/42","targetHints":{"allow":["GET"]}}],"collection":[{"href":"https:\/\/blogs.sindominio.net\/batzac\/wp-json\/wp\/v2\/pages"}],"about":[{"href":"https:\/\/blogs.sindominio.net\/batzac\/wp-json\/wp\/v2\/types\/page"}],"author":[{"embeddable":true,"href":"https:\/\/blogs.sindominio.net\/batzac\/wp-json\/wp\/v2\/users\/245"}],"replies":[{"embeddable":true,"href":"https:\/\/blogs.sindominio.net\/batzac\/wp-json\/wp\/v2\/comments?post=42"}],"version-history":[{"count":3,"href":"https:\/\/blogs.sindominio.net\/batzac\/wp-json\/wp\/v2\/pages\/42\/revisions"}],"predecessor-version":[{"id":556,"href":"https:\/\/blogs.sindominio.net\/batzac\/wp-json\/wp\/v2\/pages\/42\/revisions\/556"}],"wp:featuredmedia":[{"embeddable":true,"href":"https:\/\/blogs.sindominio.net\/batzac\/wp-json\/wp\/v2\/media\/87"}],"wp:attachment":[{"href":"https:\/\/blogs.sindominio.net\/batzac\/wp-json\/wp\/v2\/media?parent=42"}],"curies":[{"name":"wp","href":"https:\/\/api.w.org\/{rel}","templated":true}]}}