{"id":333,"date":"2021-03-20T22:13:56","date_gmt":"2021-03-20T21:13:56","guid":{"rendered":"https:\/\/batzac.cat\/?page_id=333"},"modified":"2021-03-20T22:13:56","modified_gmt":"2021-03-20T21:13:56","slug":"formacio","status":"publish","type":"page","link":"https:\/\/blogs.sindominio.net\/batzac\/formacio\/","title":{"rendered":"Formaci\u00f3"},"content":{"rendered":"<h2><strong>Anarquisme b\u00e0sic<\/strong><\/h2>\n<p><a href=\"https:\/\/unionanarcosindicalista.wordpress.com\/wp-content\/uploads\/2014\/04\/a_basico.pdf\" target=\"_blank\" rel=\"noopener\">Anarquisme B\u00e0sic &#8211; Fundaci\u00f3 d&#8217;Estudis Llibertaris Anselmo Lorenzo<\/a><\/p>\n<p><a href=\"https:\/\/es.anarchistlibraries.net\/library\/peter-gelderloos-la-anarquia-funciona.pdf\">L&#8217;anarquia Funciona &#8211; Peter Gelderloos<\/a><\/p>\n<p><a href=\"https:\/\/alezgz.wordpress.com\/wp-content\/uploads\/2012\/03\/cappelletti20c1ngel20j-20-20la20ideologeda20anarquista.pdf\">La Ideologia Anarquista &#8211; Angel Cappelletti<\/a><\/p>\n<p><a href=\"https:\/\/issuu.com\/acciollibertariasants\/docs\/llibret_nocions\">Breu hist\u00f2ria de l&#8217;Anarquisme i algunes nocions b\u00e0siques &#8211; Acci\u00f3 Llibert\u00e0ria de Sants<\/a><\/p>\n<p>&nbsp;<\/p>\n<h2><strong>Anarquisme a l&#8217;Estat espanyol<\/strong><\/h2>\n<p><a href=\"https:\/\/info.nodo50.org\/La-epidemia-de-rabia-en-Espana.html\">La epidemia de rabia en Espa\u00f1a (1996-2007)<\/a><\/p>\n<p><a href=\"https:\/\/www.youtube.com\/watch?v=LdKD0nYhjas&amp;t=706s\">Ingovernables: Un recorregut per la Catalunya anarquista del segle XXI<\/a><\/p>\n<p>&nbsp;<\/p>\n<h2>Altres materials anarquistes<\/h2>\n<p><a href=\"https:\/\/www.youtube.com\/watch?v=rsrRou_96ZE\">Art i Anarquia<\/a><\/p>\n<p><a href=\"https:\/\/vimeo.com\/52026245\">Aix\u00f2 \u00e9s Atenes<\/a><\/p>\n<p><a href=\"https:\/\/www.youtube.com\/watch?v=7Uj40YfF4NU\">Nestor Makhno, un camperol d&#8217;Ucra\u00efna<\/a><\/p>\n<p><a href=\"https:\/\/vimeo.com\/15689127\">Un M\u00f3n Millor, la hist\u00f2ria de Sim\u00f3n Radowitzky<\/a><\/p>\n<p>&nbsp;<\/p>\n<h2><strong>Sindicalisme i economia<\/strong><\/h2>\n<p><a href=\"https:\/\/www.youtube.com\/watch?v=d_AznAUcrQU\">Economia col\u00b7lectiva &#8211; L&#8217;\u00faltima revoluci\u00f3 d&#8217;Europa<\/a><\/p>\n<p>&nbsp;<\/p>\n<h2><strong>Lluita anticarcer\u00e0ria<\/strong><\/h2>\n<p><a href=\"https:\/\/distribuidorapeligrosidadsocial.wordpress.com\/wp-content\/uploads\/2011\/11\/fuego-queer.pdf\">Foc Queer &#8211; La brigada George Jackson, homes contra el sexisme i lluita gay contra la pres\u00f3<\/a><\/p>\n<p>&nbsp;<\/p>\n<h2><strong>Lluita antirrepressiva<\/strong><\/h2>\n<p><a href=\"https:\/\/cabodeguia.noblogs.org\/\">Cabo de Gu\u00eda &#8211; Consells pr\u00e0ctics per afrontar la repressi\u00f3<\/a><\/p>\n<p><a href=\"https:\/\/mexico.indymedia.org\/IMG\/pdf\/libro_manual_seguridad_informa_tica_activistas.pdf\">Mil sabots &#8211; Mil maneres d&#8217;acabar amb el control<\/a><\/p>\n<p><a href=\"https:\/\/www.youtube.com\/watch?v=WtxnMYc0piU\">Ciutat Morta (El Cas 4F)<\/a><\/p>\n<p><a href=\"https:\/\/www.youtube.com\/watch?v=RVIvmRXEgEU\">La Cifra Negra (de la viol\u00e8ncia institucional)<\/a><\/p>\n<p>&nbsp;<\/p>\n<h2><strong>Confederalisme Democr\u00e0tic &#8211; Kurdistan<\/strong><\/h2>\n<p><a href=\"https:\/\/rojavaazadimadrid.wordpress.com\/wp-content\/uploads\/2015\/09\/cd.pdf\">Confederalisme Democr\u00e0tic &#8211; Abdullah \u00d6calan &#8211; Rojava Azad\u00ee Madrid<\/a><\/p>\n<p><a href=\"https:\/\/rojavanoestasola.noblogs.org\/files\/2015\/10\/Revistaed2baja.pdf\">Rojava No Est\u00e0 Sola n\u00ba1 &#8211; Publicaci\u00f3 anarquista solid\u00e0ria amb la lluita del poble kurd<\/a><\/p>\n<p>&nbsp;<\/p>\n<h2><strong>Material antielectoral<\/strong><\/h2>\n<p><a href=\"https:\/\/conferenciadegruposanarquistasfijl.wordpress.com\/2014\/07\/09\/los-libertarios-contra-las-instituciones\/\">Les llibert\u00e0ries contra les institucions\u00a0 -Acci\u00f3 Llibert\u00e0ria de Sants, 2014<\/a><\/p>\n<p><a href=\"https:\/\/conferenciadegruposanarquistasfijl.wordpress.com\/2014\/07\/09\/caminando-juntas-la-toma-de-decisiones\/\">Caminant juntes. La presa de decisions &#8211; Acci\u00f3 Llibert\u00e0ria de Sants, 2014<\/a><\/p>\n<p><a href=\"https:\/\/juventudeslibertariasmadrid.wordpress.com\/2015\/12\/12\/texto-nosotros-y-nosotras-anarquistas-abstencionistas\/\">Nosaltres, anarquistes abstencionistes &#8211; Juventudes Libertarias de Madrid, 2015<\/a><\/p>\n<p><a href=\"https:\/\/juventudeslibertariasmadrid.wordpress.com\/wp-content\/uploads\/2015\/12\/novotes1web.pdf\">No votis mai. Monogr\u00e0fic gratu\u00eft contra les eleccions i per l&#8217;abstenci\u00f3 activa &#8211; Juventudes Libertarias de Madrid, 2015<\/a><\/p>\n<p>&nbsp;<\/p>\n<h2><strong>Feminisme<\/strong><\/h2>\n<p><a href=\"https:\/\/www.youtube.com\/watch?v=p3UjdH8hr60\">Llibert\u00e0ries<\/a><\/p>\n<p><a href=\"https:\/\/www.youtube.com\/watch?v=xvOz-VfEwgk\">Indomables, una hist\u00f2ria de Mujeres Libres<\/a><\/p>\n<p>&nbsp;<\/p>\n<h2><strong>Habitatge, okupaci\u00f3 i turisme<\/strong><\/h2>\n<p><a href=\"https:\/\/vimeo.com\/193034732\">\u201cDas ist unser Haus!\u201d &#8211; Mietsh\u00e4user Syndikat [Subt\u00edtols en angl\u00e8s]<\/a><\/p>\n<p><a href=\"https:\/\/elsotrac.wordpress.com\/wp-content\/uploads\/2018\/05\/aquest-enllaccca7.pdf\">Despegando, manual de okupaci\u00f3n vol. I<\/a><\/p>\n<p><a href=\"https:\/\/www.youtube.com\/watch?v=C_u0G4ZtsVs\">&#8220;Tot Incl\u00f2s&#8221;, danys i conseq\u00fc\u00e8ncies del turisme a les Illes Balears<\/a><\/p>\n<p>&nbsp;<\/p>\n<h2><strong>Lluites ve\u00efnals<\/strong><\/h2>\n<p><a href=\"https:\/\/www.youtube.com\/watch?v=KSBxPaJ0Om8\">&#8220;Besos al Bes\u00f2s&#8221;, revolta urbana a Sant Adri\u00e0 del Bes\u00f2s l&#8217;any 1990<\/a><\/p>\n<p><a href=\"https:\/\/www.youtube.com\/watch?v=_vrfSn0dLKQ&amp;t=243s\">El Forat (de la vergonya)<\/a><\/p>\n<p><a href=\"https:\/\/www.youtube.com\/watch?v=lSIus70Q_ZU\">Ni Peris Ni Peros<\/a><\/p>\n<p>&nbsp;<\/p>\n","protected":false},"excerpt":{"rendered":"<p>Anarquisme b\u00e0sic Anarquisme B\u00e0sic &#8211; Fundaci\u00f3 d&#8217;Estudis Llibertaris Anselmo Lorenzo L&#8217;anarquia Funciona &#8211; Peter Gelderloos La Ideologia Anarquista &#8211; Angel Cappelletti Breu hist\u00f2ria de l&#8217;Anarquisme i algunes nocions b\u00e0siques &#8211; Acci\u00f3 Llibert\u00e0ria de Sants &nbsp; Anarquisme a l&#8217;Estat espanyol La epidemia de rabia en Espa\u00f1a (1996-2007) Ingovernables: Un recorregut per la Catalunya anarquista del segle [&hellip;]<\/p>\n","protected":false},"author":245,"featured_media":0,"parent":0,"menu_order":0,"comment_status":"closed","ping_status":"closed","template":"","meta":{"footnotes":""},"class_list":["post-333","page","type-page","status-publish","hentry"],"_links":{"self":[{"href":"https:\/\/blogs.sindominio.net\/batzac\/wp-json\/wp\/v2\/pages\/333","targetHints":{"allow":["GET"]}}],"collection":[{"href":"https:\/\/blogs.sindominio.net\/batzac\/wp-json\/wp\/v2\/pages"}],"about":[{"href":"https:\/\/blogs.sindominio.net\/batzac\/wp-json\/wp\/v2\/types\/page"}],"author":[{"embeddable":true,"href":"https:\/\/blogs.sindominio.net\/batzac\/wp-json\/wp\/v2\/users\/245"}],"replies":[{"embeddable":true,"href":"https:\/\/blogs.sindominio.net\/batzac\/wp-json\/wp\/v2\/comments?post=333"}],"version-history":[{"count":0,"href":"https:\/\/blogs.sindominio.net\/batzac\/wp-json\/wp\/v2\/pages\/333\/revisions"}],"wp:attachment":[{"href":"https:\/\/blogs.sindominio.net\/batzac\/wp-json\/wp\/v2\/media?parent=333"}],"curies":[{"name":"wp","href":"https:\/\/api.w.org\/{rel}","templated":true}]}}