{"id":114,"date":"2021-03-12T13:50:10","date_gmt":"2021-03-12T12:50:10","guid":{"rendered":"https:\/\/batzac.cat\/?page_id=114"},"modified":"2025-05-11T14:08:04","modified_gmt":"2025-05-11T12:08:04","slug":"els-nostres-principis","status":"publish","type":"page","link":"https:\/\/blogs.sindominio.net\/batzac\/qui-som\/els-nostres-principis\/","title":{"rendered":"Els nostres principis"},"content":{"rendered":"\n<h3 class=\"wp-block-heading\"><strong>Anarquisme<\/strong><\/h3>\n\n\n\n<p>Apostem per l\u2019anarquisme perqu\u00e8 pensem que tots els sistemes d\u2019opressi\u00f3 (Estat, Capitalisme, Patriarcat, Racisme, Capacitisme, Especisme, etc.) estan relacionats i se sustenten els uns amb els altres. Per tant, cal combatre\u2019ls a tots per alliberar-nos realment, mantenir alguna d\u2019aquestes estructures sols permetr\u00e0 que la dominaci\u00f3 i la injusticia es mantingui sota altres formes.<\/p>\n\n\n\n<p>La forma m\u00e9s r\u00e0pida de definir anarquisme seria un sistema on no existeixen ni oprimides ni opresores, i les anarquistes serien persones que ni volen oprimir ni volen ser oprimides.<\/p>\n\n\n\n<p>Som antiautorit\u00e0ries i rebutgem tota forma d&#8217;autoritat, tant en els mitjans com en els fins. Aquest posicionament ens diferencia d&#8217;altres lluites amb qui podr\u00edem compartir certes pr\u00e0ctiques, ja que com a anarquistes no pensem que el fi justifiqui els mitjans, sin\u00f3 que el fi condiciona els mitjans; donem import\u00e0ncia a les pr\u00e0ctiques i a les formes de fer. &#8220;No es pot arribar a un situaci\u00f3 de llibertat a trav\u00e9s de l&#8217;autoritat&#8221;.<\/p>\n\n\n\n<p>D&#8217;entre les diverses formes d\u2019anarquisme existents, nosaltres apostem per un anarquisme organitzat, pr\u00e0ctic i col\u00b7lectiu, excloent l\u2019anarquisme simplement te\u00f2ric o individualista de la nostra manera de funcionar. No existeix llibertat individual sense llibertat col\u00b7lectiva, ni existeix llibertat col\u00b7lectiva sense llibertat individual. Per alliberar-nos cal crear una alternativa real al sistema actual i generar un espai d&#8217;autodefensa contra aquest.<\/p>\n\n\n\n<p>La pr\u00e0ctica anarquista es caracteritza pel suport mutu, l\u2019equitat, la cooperaci\u00f3, l&#8217;autogesti\u00f3 i l&#8217;acci\u00f3 directa, autoorganitzaci\u00f3. Tamb\u00e9 per l\u2019autogestio de la pr\u00f2pia vida. L\u2019anarquisme \u00e9s una eina per a proposar una alternativa, per tant requereix d\u2019organitzaci\u00f3. Per altra banda, la transformaci\u00f3 social no \u00e9s quelcom extern a les persones, la Revoluci\u00f3 comenca per una mateixa, per combatre totes aquelles actituts que hem internalitzat del sistema.<\/p>\n\n\n\n<p>El que ens diferencia d\u2019altres corrents ideol\u00f2giques \u00e9s que creiem que l\u2019Estat no pot ser mai un mitj\u00e0 per alliberar-se. Un Estat \u00e9s, per definici\u00f3, una estructura autorit\u00e0ria d\u2019opressi\u00f3; \u00e9s un conjunt d\u2019estructures i institucions (com podrien ser la policia, l\u2019administraci\u00f3 o les presons) que controla un petit grup de persones i que oprimeix a la resta de la societat.<\/p>\n\n\n\n<h3 class=\"wp-block-heading\"><b><strong>Federalisme i Lliure Associaci\u00f3<\/strong><\/b><\/h3>\n\n\n\n<p>En contraposici\u00f3 a l\u2019Estat les anarquistes apostem pel Federalisme i la Lliure Associaci\u00f3. Creiem qualsevol societat ha d\u2019organitzar-se per tal de satisfer les seves necessitats. Aquesta forma d\u2019organitzaci\u00f3 ha d\u2019estar basada en la llibertat d\u2019individus i col\u00b7lectivitats d\u2019ajuntar-se o separar-se segons creguin; aquest seria el principi de Lliure Associaci\u00f3. Per altra banda, la forma d\u2019organitzar-se col\u00b7lectivament ha d\u2019estar basada en el Federalisme, \u00e9s a dir, en la presa de baix a dalt, mantenint sempre la llibertat i la autonomia i seguint un principi de no-imposici\u00f3 de les decisions.<\/p>\n\n\n\n<h3 class=\"wp-block-heading\"><b><strong>Socialisme<\/strong><\/b><\/h3>\n\n\n\n<p>Pel que fa a la forma de gestionar l&#8217;economia, estem en contra del Capitalisme, un ordre injust on els mitjans i la producci\u00f3 s\u00f3n controlats per una minoria, la classe burgesa; i on grans masses de poblaci\u00f3 no tenen suficient per viure mentres les persones privilegiades tenen massa. Apostem per una economia socialista, seguint el principi del Comunisme Llibertari de: \u201cDoni cadasc\u00fa segons les seves possibilitats i rebi cadasc\u00fa segons les seves necessitats\u201d. Pel que fa a la propietat dels mitjans de producci\u00f3, estarien socialitzats, \u00e9s a dir, no estarien en mans d\u2019un petit grup de persones sino que serien propietat de totes. Pel que fa a la gesti\u00f3 de la producci\u00f3, seria autogestionada per part de les pr\u00f2pies treballadores. Apostem per treballar menys i treballar totes en funci\u00f3 de les nostres capacitats, d&#8217;una altra forma de la que coneixem, i distribuint la producci\u00f3 per tal de satisfer les necessitats de tothom.<\/p>\n\n\n\n<h3 class=\"wp-block-heading\"><b>Feminisme<\/b><\/h3>\n\n\n\n<p>El Patriarcat \u00e9s l\u2019estructura d\u2019opressi\u00f3 m\u00e9s antiga que existeix i lluitar contra ella \u00e9s una prioritat. A m\u00e9s, el Patriarcat adopta moltes formes diferents, per\u00f2 estableix clarament una identitat social \u201cnormativa\u201d i situa en posici\u00f3 de dominaci\u00f3 a la resta. Aquesta identitat dominant \u00e9s l\u2019home cis i heterosexual.<\/p>\n\n\n\n<p>Apostem per un feminisme llibertari, interseccional i combatiu. Cal fer del feminisme un eix transversal en totes les nostres pr\u00e0ctiques i organitzacions.<\/p>\n\n\n\n<h3 class=\"wp-block-heading\"><b><strong>Antifeixisme<\/strong><\/b><\/h3>\n\n\n\n<p>Lluitem contra el feixisme, en tant que bra\u00e7 armat del capitalisme i l&#8217;Estat. &#8220;Quan<\/p>\n\n\n\n<p>la classe burgesa perd el seu poder, desperta el feixisme\u2026&#8221;<\/p>\n\n\n\n<h3 class=\"wp-block-heading\"><b>Ecologisme<\/b><\/h3>\n\n\n\n<p>Volem crear una nova forma de producci\u00f3 sostenible, que no es basi en l&#8217;explotaci\u00f3 de la terra i la degradaci\u00f3 del medi ambient. Cal relacionar-se amb la natura d\u2019una forma respectuosa i sobretot, entenent-nos a nosaltres mateixes com un element m\u00e9s d\u2019ella.<\/p>\n\n\n\n<h3 class=\"wp-block-heading\"><b>Veganisme i antiespecisme<\/b><\/h3>\n\n\n\n<p>Des d&#8217;una \u00f2ptica anarquista en contra de tota autoritat, no tolerem tampoc l&#8217;explotaci\u00f3 animal. Per aix\u00f2, ens declarem antiespecistes, encara que individualment no tothom ho sigui, com a organitzaci\u00f3 duem a terme aquesta pr\u00e0ctica.<\/p>\n\n\n\n<h3 class=\"wp-block-heading\"><b>Antirracisme<\/b><\/h3>\n\n\n\n<p>El racisme ha estat un altre dels puntals en els que el sistema s\u2019ha sustentat per mantenir-se. Estem en contra de tota opressi\u00f3, lluitem tamb\u00e9 contra tota discriminaci\u00f3, contra el racisme i el supremacisme blanc. Hem de lluitar per una societat plural sense fronteres, on totes les cultures i pobles puguin desenvoupar-se lliurement.<\/p>\n\n\n\n<p><b>Internacionalistes <\/b><\/p>\n\n\n\n<p>No lluitem per millorar les condicions de vida d&#8217;all\u00e0 on som, lluitem per transformar tota la societat i tot el m\u00f3n. La lluita \u00e9s de totes i per a totes, aix\u00ed que \u00e9s col\u00b7lectiva i travessa fronteres. A m\u00e9s, un proc\u00e9s revolucionari no podr\u00e0 sobreviure en una regi\u00f3 concreta del m\u00f3n a llarg pla\u00e7, les potencies imperialistes no podran tolerar que existeixin exemples vivents de vida lliure. Per tant, cal anar extenent els processos revolucionaris per tot arreu i lluitar contra les injusticies all\u00e0 on apareguin.<\/p>\n","protected":false},"excerpt":{"rendered":"<p>Anarquisme Apostem per l\u2019anarquisme perqu\u00e8 pensem que tots els sistemes d\u2019opressi\u00f3 (Estat, Capitalisme, Patriarcat, Racisme, Capacitisme, Especisme, etc.) estan relacionats i se sustenten els uns amb els altres. Per tant, cal combatre\u2019ls a tots per alliberar-nos realment, mantenir alguna d\u2019aquestes estructures sols permetr\u00e0 que la dominaci\u00f3 i la injusticia es mantingui sota altres formes. La [&hellip;]<\/p>\n","protected":false},"author":245,"featured_media":0,"parent":112,"menu_order":0,"comment_status":"closed","ping_status":"closed","template":"","meta":{"footnotes":""},"class_list":["post-114","page","type-page","status-publish","hentry"],"_links":{"self":[{"href":"https:\/\/blogs.sindominio.net\/batzac\/wp-json\/wp\/v2\/pages\/114","targetHints":{"allow":["GET"]}}],"collection":[{"href":"https:\/\/blogs.sindominio.net\/batzac\/wp-json\/wp\/v2\/pages"}],"about":[{"href":"https:\/\/blogs.sindominio.net\/batzac\/wp-json\/wp\/v2\/types\/page"}],"author":[{"embeddable":true,"href":"https:\/\/blogs.sindominio.net\/batzac\/wp-json\/wp\/v2\/users\/245"}],"replies":[{"embeddable":true,"href":"https:\/\/blogs.sindominio.net\/batzac\/wp-json\/wp\/v2\/comments?post=114"}],"version-history":[{"count":1,"href":"https:\/\/blogs.sindominio.net\/batzac\/wp-json\/wp\/v2\/pages\/114\/revisions"}],"predecessor-version":[{"id":553,"href":"https:\/\/blogs.sindominio.net\/batzac\/wp-json\/wp\/v2\/pages\/114\/revisions\/553"}],"up":[{"embeddable":true,"href":"https:\/\/blogs.sindominio.net\/batzac\/wp-json\/wp\/v2\/pages\/112"}],"wp:attachment":[{"href":"https:\/\/blogs.sindominio.net\/batzac\/wp-json\/wp\/v2\/media?parent=114"}],"curies":[{"name":"wp","href":"https:\/\/api.w.org\/{rel}","templated":true}]}}