{"id":112,"date":"2021-03-12T13:49:31","date_gmt":"2021-03-12T12:49:31","guid":{"rendered":"https:\/\/batzac.cat\/?page_id=112"},"modified":"2021-03-12T13:49:31","modified_gmt":"2021-03-12T12:49:31","slug":"qui-som","status":"publish","type":"page","link":"https:\/\/blogs.sindominio.net\/batzac\/qui-som\/","title":{"rendered":"Qui som"},"content":{"rendered":"<p style=\"text-align: justify\">Batzac com a organitzaci\u00f3 es presenta al m\u00f3n l\u2019octubre de 2018, despr\u00e9s de m\u00e9s d\u2019un any de proc\u00e9s de creaci\u00f3. Al comen\u00e7ar, un grup de joves ens\u00a0 vam plantejar la necessitat de disposar d&#8217;un espai proper en el qual poder trobar-nos i, alhora, formar-nos en l&#8217;anarquisme.<\/p>\n<p style=\"text-align: justify\">Sab\u00edem que en altres llocs de la pen\u00ednsula com Val\u00e8ncia, Saragossa o\u00a0 Madrid ja existien joventuts llibert\u00e0ries i ens vam fer la pregunta: &#8220;Per qu\u00e8 no a Catalunya?&#8221; Sabiem que havien existit i que en aquell moment existien a Tarragona per\u00f2 no a la resta del territori.<\/p>\n<p>\t\t\t\t\t\t\t\t\t\t<img decoding=\"async\" width=\"1024\" height=\"852\" src=\"https:\/\/blogs.sindominio.net\/batzac\/files\/2021\/03\/Logotip_Negre-1024x852.png\" alt=\"\" loading=\"lazy\" \/>\t\t\t\t\t\t\t\t\t\t\t<\/p>\n<p style=\"text-align: justify\">Si\u00a0 ens remuntem als anys 30 trobem que existien joventuts llibert\u00e0ries a Catalunya i no eren, per res, anecd\u00f2tiques. Som, per tant, les hereves d&#8217;aquesta lluita hist\u00f2rica. Va sorgir llavors la pregunta: &#8220;De veritat no som sufcients les joves que tenim aquestes idees llibert\u00e0ries?&#8221; i vam respondre\u2019ns que s\u00ed, que ho som, per\u00f2 no estem ni unides ni organitzades.<\/p>\n<p style=\"text-align: justify\">Tamb\u00e9, per la manca de referents a nivell juvenil. Moltes de nosaltres, al no tenir a l\u2019abast organitzacions m\u00e9s amplis o espec\u00ed\ufb01cs m\u00e9s enll\u00e1 de les assemblees de barri, entravem a organitzacions de diferent ideolog\u00eda. Aleshores, voliem crear un espai de trobada i acollida.<\/p>\n<p style=\"text-align: justify\">Dues persones d\u2019Embat van tenir la idea de crear-les i van anar buscant gent pel territori a prendre contacte amb gent jove de tot el territori amb idees llibert\u00e0ries de diferents tend\u00e8ncies per crear\u00a0 conjuntament unes joventuts llibert\u00e0ries que serveixin com a organitzaci\u00f3 aglutinadora i, sobretot, que no estigui centrada en Barcelona.<\/p>\n<figure>\n\t\t\t\t\t\t\t\t\t\t<img decoding=\"async\" width=\"1024\" height=\"768\" src=\"https:\/\/blogs.sindominio.net\/batzac\/files\/2021\/03\/presentacio-2018-1024x768.jpg\" alt=\"\" loading=\"lazy\" \/><figcaption>Ens presentem al mon!  Octubre de 2018 al Casal de Joves Girapells (Barcelona).<\/figcaption><\/figure>\n<h3>Qu\u00e8 som?<\/h3>\n<p style=\"text-align: justify\">D&#8217;aqu\u00ed arribem a la nostra primera trobada el febrer de 2018 d\u2019on van sortir-ne els primers debats i acords, i on vam comen\u00e7ar a de\ufb01nir que era el que vol\u00edem i com ho vol\u00edem aconseguir. Es va\u00a0 manifestar el desig d&#8217;una organitzaci\u00f3 en la qual poguem formar-nos, en la qual puguem rec\u00f3rrer al suport mutu, i on poguem transmetre el coneixement acumulat que tantes vegades es perd en\u00a0 tantes organitzacions que neixen, moren i no ens deixen la seva experi\u00e8ncia. Per tant, formaci\u00f3, suport mutu i organitzaci\u00f3 combinades era el que necessit\u00e0vem.<\/p>\n<p style=\"text-align: justify\">D&#8217;altra banda, no vol\u00edem ser una coordinadora d\u2019assemblees ni dependre d\u2019una organitzaci\u00f3 adulta, sin\u00f3 una organitzaci\u00f3 independent que faciliti la milit\u00e0ncia a altres espais com l&#8217;assemblea del\u00a0 barri, de la universitat, en el sindicat, etc.En aquest sentit, de\ufb01nim l\u2019organitzaci\u00f3 en dues l\u00ednies: l\u2019especi\ufb01sme i l\u2019organitzaci\u00f3 dual.<\/p>\n<p style=\"text-align: justify\">L\u2019especi\ufb01sme com a organitzaci\u00f3 de persones anarquistes o a\ufb01ns a l\u2019ideal llibertari, des d\u2019on formar-nos en aquesta ideologia i actuar, per\u00f2 dual perqu\u00e8 cal que participem als moviments socials i\u00a0 de barri i coordinar-nos amb altres organitzacions.<\/p>\n<h3 style=\"text-align: justify\">Referents<\/h3>\n<p style=\"text-align: justify\">Els nostres referents o els col\u00b7lectius dels quals bebem i participem s\u00f3n molt diversos i heterogenis, des dels grups informals, aut\u00f2noms o insurreccionals, passant per les assemblees llibert\u00e0ries\u00a0 a nivell de barri, o de lluites espec\u00ed\ufb01ques com les estudiantils com la FEL, marikas llibert\u00e0ries, etc. \ufb01ns les organitzacions que aspiren a ser m\u00e9s grans com la CNT, la CGT, la FAC o Embat. Tot i\u00a0 que aprenem de diferents corrents de l&#8217;anarquisme, Batzac com a projecte apostem per l&#8217;anarquisme organitzat.<\/p>\n<p>\t\t\t\t\t\t\t\t\t\t<img decoding=\"async\" width=\"724\" height=\"1024\" src=\"https:\/\/blogs.sindominio.net\/batzac\/files\/2021\/03\/antiestatcorregit_reduit-724x1024.jpg\" alt=\"\" loading=\"lazy\" \/><br \/>\n\t\t\t\t\t\t\t\t\t\t<img decoding=\"async\" width=\"724\" height=\"1024\" src=\"https:\/\/blogs.sindominio.net\/batzac\/files\/2021\/03\/feminismecorregit_reduit-724x1024.jpg\" alt=\"\" loading=\"lazy\" \/><br \/>\n\t\t\t\t\t\t\t\t\t\t<img decoding=\"async\" width=\"724\" height=\"1024\" src=\"https:\/\/blogs.sindominio.net\/batzac\/files\/2021\/03\/anticapitalismecorregit_reduit-724x1024.jpg\" alt=\"\" loading=\"lazy\" \/><br \/>\n\t\t\t\t\t\t\t\t\t\t<img decoding=\"async\" width=\"724\" height=\"1024\" src=\"https:\/\/blogs.sindominio.net\/batzac\/files\/2021\/03\/antirracistacorregit_reduit-724x1024.jpg\" alt=\"\" loading=\"lazy\" \/><br \/>\n\t\t\t\t\t\t\t\tShare on twitter<br \/>\n\t\t\t\t\t\t\t\t\t\tTwitter<br \/>\n\t\t\t\t\t\t\t\tShare on telegram<br \/>\n\t\t\t\t\t\t\t\t\t\tTelegram<br \/>\n\t\t\t\t\t\t\t\tShare on facebook<br \/>\n\t\t\t\t\t\t\t\t\t\tFacebook<br \/>\n\t\t\t\t\t\t\t\tShare on reddit<br \/>\n\t\t\t\t\t\t\t\t\t\tReddit<br \/>\n\t\t\t\t\t\t\t\tShare on pinterest<br \/>\n\t\t\t\t\t\t\t\t\t\tPinterest<\/p>\n","protected":false},"excerpt":{"rendered":"<p>Batzac com a organitzaci\u00f3 es presenta al m\u00f3n l\u2019octubre de 2018, despr\u00e9s de m\u00e9s d\u2019un any de proc\u00e9s de creaci\u00f3. Al comen\u00e7ar, un grup de joves ens\u00a0 vam plantejar la necessitat de disposar d&#8217;un espai proper en el qual poder trobar-nos i, alhora, formar-nos en l&#8217;anarquisme. Sab\u00edem que en altres llocs de la pen\u00ednsula com [&hellip;]<\/p>\n","protected":false},"author":245,"featured_media":106,"parent":0,"menu_order":0,"comment_status":"closed","ping_status":"closed","template":"","meta":{"footnotes":""},"class_list":["post-112","page","type-page","status-publish","has-post-thumbnail","hentry"],"_links":{"self":[{"href":"https:\/\/blogs.sindominio.net\/batzac\/wp-json\/wp\/v2\/pages\/112","targetHints":{"allow":["GET"]}}],"collection":[{"href":"https:\/\/blogs.sindominio.net\/batzac\/wp-json\/wp\/v2\/pages"}],"about":[{"href":"https:\/\/blogs.sindominio.net\/batzac\/wp-json\/wp\/v2\/types\/page"}],"author":[{"embeddable":true,"href":"https:\/\/blogs.sindominio.net\/batzac\/wp-json\/wp\/v2\/users\/245"}],"replies":[{"embeddable":true,"href":"https:\/\/blogs.sindominio.net\/batzac\/wp-json\/wp\/v2\/comments?post=112"}],"version-history":[{"count":0,"href":"https:\/\/blogs.sindominio.net\/batzac\/wp-json\/wp\/v2\/pages\/112\/revisions"}],"wp:featuredmedia":[{"embeddable":true,"href":"https:\/\/blogs.sindominio.net\/batzac\/wp-json\/wp\/v2\/media\/106"}],"wp:attachment":[{"href":"https:\/\/blogs.sindominio.net\/batzac\/wp-json\/wp\/v2\/media?parent=112"}],"curies":[{"name":"wp","href":"https:\/\/api.w.org\/{rel}","templated":true}]}}